{"id":1745,"date":"2023-07-19T15:15:04","date_gmt":"2023-07-19T15:15:04","guid":{"rendered":"https:\/\/dummy.xtemos.com\/woodmart2\/games-elementor\/?page_id=1745"},"modified":"2025-09-11T14:11:36","modified_gmt":"2025-09-11T12:11:36","slug":"about-us-dark","status":"publish","type":"page","link":"https:\/\/ole-box.com\/en\/about-us-dark\/","title":{"rendered":"About Us dark"},"content":{"rendered":"<div data-elementor-type=\"wp-page\" data-elementor-id=\"1745\" class=\"elementor elementor-1745\" data-elementor-post-type=\"page\">\n\t\t\t\t<div class=\"wd-negative-gap elementor-element elementor-element-ba0d6bb e-flex e-con-boxed e-con e-parent\" data-id=\"ba0d6bb\" data-element_type=\"container\" data-e-type=\"container\">\n\t\t\t\t\t<div class=\"e-con-inner\">\n\t\t\t\t<div class=\"elementor-element elementor-element-3ff108f wd-width-100 elementor-widget elementor-widget-wd_title\" data-id=\"3ff108f\" data-element_type=\"widget\" data-e-type=\"widget\" data-widget_type=\"wd_title.default\">\n\t\t\t\t<div class=\"elementor-widget-container\">\n\t\t\t\t\t\t\t<div class=\"title-wrapper wd-set-mb reset-last-child wd-title-color-default wd-title-style-default wd-title-size-default text-center\">\n\n\t\t\t\n\t\t\t<div class=\"liner-continer\">\n\t\t\t\t<h4 class=\"woodmart-title-container title wd-fontsize-l\">Sobre nuestra tienda<\/h4> \n\t\t\t\t\t\t\t<\/div>\n\n\t\t\t\t\t<\/div>\n\t\t\t\t\t\t<\/div>\n\t\t\t\t<\/div>\n\t\t\t\t<div class=\"elementor-element elementor-element-a196284 elementor-widget elementor-widget-wd_text_block\" data-id=\"a196284\" data-element_type=\"widget\" data-e-type=\"widget\" data-widget_type=\"wd_text_block.default\">\n\t\t\t\t<div class=\"elementor-widget-container\">\n\t\t\t\t\t\t\t<div class=\"wd-text-block reset-last-child text-center\">\n\t\t\t\n\t\t\t<p style=\"margin-bottom: 0px; font-style: normal; font-weight: 400; font-family: Cabin, Arial, Helvetica, sans-serif; font-size: 16px;\">En <strong data-start=\"123\" data-end=\"133\">Olebox<\/strong> nos apasiona el coleccionismo. Somos una tienda especializada en <strong data-start=\"199\" data-end=\"224\">cartas coleccionables<\/strong> (Pok\u00e9mon TCG, One Piece Card Game, Panini deportes) y en <strong data-start=\"282\" data-end=\"324\">coleccionables de dise\u00f1o y blind boxes<\/strong> como Pop Mart.<br data-start=\"339\" data-end=\"342\" \/>Nuestro objetivo es ofrecer productos <strong data-start=\"380\" data-end=\"398\">100% oficiales<\/strong>, entregados de forma r\u00e1pida y segura, para que disfrutes de la emoci\u00f3n de abrir, descubrir y coleccionar.<\/p>\n\t\t\t\t\t<\/div>\n\t\t\t\t\t\t<\/div>\n\t\t\t\t<\/div>\n\t\t\t\t\t<\/div>\n\t\t\t\t<\/div>\n\t\t<div class=\"wd-negative-gap elementor-element elementor-element-b83ee8c e-flex e-con-boxed e-con e-parent\" data-id=\"b83ee8c\" data-element_type=\"container\" data-e-type=\"container\">\n\t\t\t\t\t<div class=\"e-con-inner\">\n\t\t<div class=\"elementor-element elementor-element-eeb8ab0 e-con-full e-flex e-con e-child\" data-id=\"eeb8ab0\" data-element_type=\"container\" data-e-type=\"container\">\n\t\t\t\t<div class=\"elementor-element elementor-element-8b74b5b wd-width-100 elementor-widget elementor-widget-wd_title\" data-id=\"8b74b5b\" data-element_type=\"widget\" data-e-type=\"widget\" data-widget_type=\"wd_title.default\">\n\t\t\t\t<div class=\"elementor-widget-container\">\n\t\t\t\t\t\t\t<div class=\"title-wrapper wd-set-mb reset-last-child wd-title-color-default wd-title-style-default wd-title-size-large text-left\">\n\n\t\t\t\n\t\t\t<div class=\"liner-continer\">\n\t\t\t\t<h4 class=\"woodmart-title-container title wd-fontsize-xxl\">Aqu\u00ed respondemos algunas de tus preguntas<\/h4> \n\t\t\t\t\t\t\t<\/div>\n\n\t\t\t\t\t<\/div>\n\t\t\t\t\t\t<\/div>\n\t\t\t\t<\/div>\n\t\t\t\t<div class=\"elementor-element elementor-element-494a345 elementor-widget elementor-widget-wd_text_block\" data-id=\"494a345\" data-element_type=\"widget\" data-e-type=\"widget\" data-widget_type=\"wd_text_block.default\">\n\t\t\t\t<div class=\"elementor-widget-container\">\n\t\t\t\t\t\t\t<div class=\"wd-text-block reset-last-child text-left\">\n\t\t\t\n\t\t\t<p>Recibimos muchas preguntas sobre nuestro curso. Aqu\u00ed puedes encontrar las respuestas al instante.<\/p>\n\t\t\t\t\t<\/div>\n\t\t\t\t\t\t<\/div>\n\t\t\t\t<\/div>\n\t\t\t\t<div class=\"elementor-element elementor-element-9d0318b elementor-widget elementor-widget-wd_button\" data-id=\"9d0318b\" data-element_type=\"widget\" data-e-type=\"widget\" data-widget_type=\"wd_button.default\">\n\t\t\t\t<div class=\"elementor-widget-container\">\n\t\t\t\t\t\t\t<div class=\"wd-button-wrapper text-left\" >\n\t\t\t<a class=\"btn btn-style-default btn-shape-round btn-size-default btn-color-primary btn-icon-pos-right\"  href=\"https:\/\/ole-box.com\/en\/contact-us\/\">\n\t\t\t\t<span class=\"wd-btn-text\" data-elementor-setting-key=\"text\">\n\t\t\t\t\tCont\u00e1ctanos\t\t\t\t<\/span>\n\n\t\t\t\t\t\t\t<\/a>\n\t\t<\/div>\n\t\t\t\t\t\t<\/div>\n\t\t\t\t<\/div>\n\t\t\t\t<\/div>\n\t\t<div class=\"elementor-element elementor-element-83127ca e-con-full e-flex e-con e-child\" data-id=\"83127ca\" data-element_type=\"container\" data-e-type=\"container\">\n\t\t\t\t<div class=\"elementor-element elementor-element-52fde89 elementor-widget elementor-widget-wd_accordion\" data-id=\"52fde89\" data-element_type=\"widget\" data-e-type=\"widget\" data-widget_type=\"wd_accordion.default\">\n\t\t\t\t<div class=\"elementor-widget-container\">\n\t\t\t\t\t\n\t\t<div class=\"wd-accordion wd-style-default wd-border-off wd-titles-left wd-opener-pos-right wd-opener-style-plus\" data-state=\"all_closed\">\n\t\t\t\t\t\t\t\n\t\t\t\t<div class=\"wd-accordion-item\">\n\t\t\t\t\t<div class=\"wd-accordion-title\" data-accordion-index=\"0\">\n\t\t\t\t\t\t<div class=\"wd-accordion-title-text\">\n\t\t\t\t\t\t\t\t\t\t\t\t\t\t<span>\n\t\t\t\t\t\t\t\t\u00bfSon originales todas las cartas y blind boxes que venden?\t\t\t\t\t\t\t<\/span>\n\t\t\t\t\t\t<\/div>\n\t\t\t\t\t\t<span class=\"wd-accordion-opener\"><\/span>\n\t\t\t\t\t<\/div>\n\n\t\t\t\t\t<div class=\"wd-accordion-content wd-entry-content\" data-accordion-index=\"0\">\n\t\t\t\t\t\t\t\t\t\t\t\t\t\n\t\t\t\t\t\t\t<p><strong data-start=\"134\" data-end=\"199\">S\u00ed, todos nuestros productos son 100% oficiales y aut\u00e9nticos.<\/strong> Trabajamos \u00fanicamente con distribuidores y marcas autorizadas, para que compres con total confianza.<\/p>\n\t\t\t\t\t\t\t\t\t\t\t\t\t\t\t\t\t\t<\/div>\n\t\t\t\t<\/div>\n\t\t\t\t\t\t\t\n\t\t\t\t<div class=\"wd-accordion-item\">\n\t\t\t\t\t<div class=\"wd-accordion-title\" data-accordion-index=\"1\">\n\t\t\t\t\t\t<div class=\"wd-accordion-title-text\">\n\t\t\t\t\t\t\t\t\t\t\t\t\t\t<span>\n\t\t\t\t\t\t\t\t\u00bfPuedo devolver un producto si no lo he abierto?\t\t\t\t\t\t\t<\/span>\n\t\t\t\t\t\t<\/div>\n\t\t\t\t\t\t<span class=\"wd-accordion-opener\"><\/span>\n\t\t\t\t\t<\/div>\n\n\t\t\t\t\t<div class=\"wd-accordion-content wd-entry-content\" data-accordion-index=\"1\">\n\t\t\t\t\t\t\t\t\t\t\t\t\t\n\t\t\t\t\t\t\t<p><strong data-start=\"425\" data-end=\"504\">S\u00ed, aceptamos devoluciones dentro de los 15 d\u00edas posteriores a la recepci\u00f3n<\/strong>, siempre que el producto est\u00e9 en su <strong data-start=\"541\" data-end=\"573\">empaque original y sin abrir<\/strong>, y no afecte su reventa.<\/p>\n\t\t\t\t\t\t\t\t\t\t\t\t\t\t\t\t\t\t<\/div>\n\t\t\t\t<\/div>\n\t\t\t\t\t\t\t\n\t\t\t\t<div class=\"wd-accordion-item\">\n\t\t\t\t\t<div class=\"wd-accordion-title\" data-accordion-index=\"2\">\n\t\t\t\t\t\t<div class=\"wd-accordion-title-text\">\n\t\t\t\t\t\t\t\t\t\t\t\t\t\t<span>\n\t\t\t\t\t\t\t\t\u00bfC\u00f3mo puedo proteger mis cartas o figuras despu\u00e9s de comprarlas?\t\t\t\t\t\t\t<\/span>\n\t\t\t\t\t\t<\/div>\n\t\t\t\t\t\t<span class=\"wd-accordion-opener\"><\/span>\n\t\t\t\t\t<\/div>\n\n\t\t\t\t\t<div class=\"wd-accordion-content wd-entry-content\" data-accordion-index=\"2\">\n\t\t\t\t\t\t\t\t\t\t\t\t\t\n\t\t\t\t\t\t\t<p><strong data-start=\"741\" data-end=\"807\">Recomendamos el uso de fundas, \u00e1lbumes y protectores acr\u00edlicos<\/strong> para cartas, y vitrinas o cajas protectoras para figuras y blind boxes. Tambi\u00e9n encontrar\u00e1s accesorios de protecci\u00f3n en nuestra tienda.<\/p>\n\t\t\t\t\t\t\t\t\t\t\t\t\t\t\t\t\t\t<\/div>\n\t\t\t\t<\/div>\n\t\t\t\t\t<\/div>\n\t\t\t\t\t\t<\/div>\n\t\t\t\t<\/div>\n\t\t\t\t<\/div>\n\t\t\t\t\t<\/div>\n\t\t\t\t<\/div>\n\t\t<div class=\"wd-negative-gap elementor-element elementor-element-565e13a e-flex e-con-boxed e-con e-parent\" data-id=\"565e13a\" data-element_type=\"container\" data-e-type=\"container\">\n\t\t\t\t\t<div class=\"e-con-inner\">\n\t\t\t\t<div class=\"elementor-element elementor-element-7aa214a elementor-widget elementor-widget-wd_text_block\" data-id=\"7aa214a\" data-element_type=\"widget\" data-e-type=\"widget\" data-widget_type=\"wd_text_block.default\">\n\t\t\t\t<div class=\"elementor-widget-container\">\n\t\t\t\t\t\t\t<div class=\"wd-text-block reset-last-child text-left\">\n\t\t\t\n\t\t\t<h1 data-start=\"129\" data-end=\"145\">Sobre nosotros<\/h1><p data-start=\"147\" data-end=\"427\"><strong data-start=\"147\" data-end=\"157\">Olebox<\/strong> es tu tienda especializada en <strong data-start=\"188\" data-end=\"213\">cartas coleccionables<\/strong> y <strong data-start=\"216\" data-end=\"244\">coleccionables de dise\u00f1o<\/strong>. Seleccionamos lo mejor de <strong data-start=\"272\" data-end=\"337\">Pok\u00e9mon TCG, One Piece Card Game, Panini (deportes), POP MART<\/strong> y distintas series de <strong data-start=\"360\" data-end=\"375\">blind boxes<\/strong>, siempre con garant\u00eda de <strong data-start=\"401\" data-end=\"426\">100% producto oficial<\/strong>.<\/p><h2 data-start=\"429\" data-end=\"448\">Nuestra misi\u00f3n<\/h2><p data-start=\"449\" data-end=\"636\">Acercar la emoci\u00f3n del coleccionismo a todos: desde quien abre su primer sobre hasta el coleccionista m\u00e1s exigente. Queremos que cada compra sea una experiencia segura, clara y divertida.<\/p><h2 data-start=\"638\" data-end=\"664\">Qu\u00e9 nos hace diferentes<\/h2><ul data-start=\"665\" data-end=\"997\"><li data-start=\"665\" data-end=\"745\"><p data-start=\"667\" data-end=\"745\"><strong data-start=\"667\" data-end=\"685\">100% oficiales<\/strong>: trabajamos solo con marcas y distribuidores autorizados.<\/p><\/li><li data-start=\"746\" data-end=\"811\"><p data-start=\"748\" data-end=\"811\"><strong data-start=\"748\" data-end=\"762\">Env\u00edo \u00e1gil<\/strong>: productos en stock salen en <strong data-start=\"792\" data-end=\"808\">48 h h\u00e1biles<\/strong>.<\/p><\/li><li data-start=\"812\" data-end=\"894\"><p data-start=\"814\" data-end=\"894\"><strong data-start=\"814\" data-end=\"831\">Atenci\u00f3n real<\/strong>: te ayudamos a elegir, conservar y proteger tus colecciones.<\/p><\/li><li data-start=\"895\" data-end=\"997\"><p data-start=\"897\" data-end=\"997\"><strong data-start=\"897\" data-end=\"910\">Comunidad<\/strong>: seguimos lanzamientos, compartimos novedades y fomentamos el intercambio responsable.<\/p><\/li><\/ul><h2 data-start=\"999\" data-end=\"1017\">Lo que vendemos<\/h2><ul data-start=\"1018\" data-end=\"1259\"><li data-start=\"1018\" data-end=\"1095\"><p data-start=\"1020\" data-end=\"1095\"><strong data-start=\"1020\" data-end=\"1030\">Cartas<\/strong>: Pok\u00e9mon TCG, One Piece Card Game, Panini (NBA, f\u00fatbol y m\u00e1s).<\/p><\/li><li data-start=\"1096\" data-end=\"1177\"><p data-start=\"1098\" data-end=\"1177\"><strong data-start=\"1098\" data-end=\"1128\">Coleccionables &amp; Blind box<\/strong>: POP MART y otros dise\u00f1adores\/series sorpresa.<\/p><\/li><li data-start=\"1178\" data-end=\"1259\"><p data-start=\"1180\" data-end=\"1259\"><strong data-start=\"1180\" data-end=\"1194\">Accesorios<\/strong>: fundas, \u00e1lbumes, top loaders y material para cuidar tus cartas.<\/p><\/li><\/ul><h2 data-start=\"1261\" data-end=\"1284\">Confianza y servicio<\/h2><ul data-start=\"1285\" data-end=\"1583\"><li data-start=\"1285\" data-end=\"1394\"><p data-start=\"1287\" data-end=\"1394\"><strong data-start=\"1287\" data-end=\"1303\">Devoluciones<\/strong>: 15 d\u00edas desde la recepci\u00f3n si el producto est\u00e1 <strong data-start=\"1352\" data-end=\"1365\">sin abrir<\/strong> y en <strong data-start=\"1371\" data-end=\"1391\">empaque original<\/strong>.<\/p><\/li><li data-start=\"1395\" data-end=\"1517\"><p data-start=\"1397\" data-end=\"1517\"><strong data-start=\"1397\" data-end=\"1414\">Recomendaci\u00f3n<\/strong>: al recibir tu pedido, <strong data-start=\"1438\" data-end=\"1460\">revisa el embalaje<\/strong> y <strong data-start=\"1463\" data-end=\"1493\">graba un v\u00eddeo de apertura<\/strong> para tu tranquilidad.<\/p><\/li><li data-start=\"1518\" data-end=\"1583\"><p data-start=\"1520\" data-end=\"1583\"><strong data-start=\"1520\" data-end=\"1531\">Soporte<\/strong>: respuestas r\u00e1pidas y cercanas para cualquier duda.<\/p><\/li><\/ul><h2 data-start=\"1585\" data-end=\"1596\">Contacto<\/h2><ul data-start=\"1597\" data-end=\"1734\"><li data-start=\"1597\" data-end=\"1635\"><p data-start=\"1599\" data-end=\"1635\"><strong data-start=\"1599\" data-end=\"1608\">Email<\/strong>: <strong data-start=\"1610\" data-end=\"1633\"><a class=\"decorated-link cursor-pointer\" rel=\"noopener\" data-start=\"1612\" data-end=\"1631\">support@ole-box.com<\/a><\/strong><\/p><\/li><li data-start=\"1636\" data-end=\"1734\"><p data-start=\"1638\" data-end=\"1734\">\u00bfTienes una consulta sobre stock, env\u00edos internacionales o preventas? \u00a1Escr\u00edbenos y te ayudamos!<\/p><\/li><\/ul>\n\t\t\t\t\t<\/div>\n\t\t\t\t\t\t<\/div>\n\t\t\t\t<\/div>\n\t\t\t\t\t<\/div>\n\t\t\t\t<\/div>\n\t\t\t\t<\/div>","protected":false},"excerpt":{"rendered":"<p>Sobre nuestra tienda En Olebox nos apasiona el coleccionismo. Somos una tienda especializada en cartas coleccionables (Pok\u00e9mon TCG, One Piece<\/p>","protected":false},"author":1,"featured_media":0,"parent":0,"menu_order":0,"comment_status":"closed","ping_status":"closed","template":"","meta":{"_eb_attr":"","footnotes":""},"class_list":["post-1745","page","type-page","status-publish","hentry"],"_links":{"self":[{"href":"https:\/\/ole-box.com\/en\/wp-json\/wp\/v2\/pages\/1745","targetHints":{"allow":["GET"]}}],"collection":[{"href":"https:\/\/ole-box.com\/en\/wp-json\/wp\/v2\/pages"}],"about":[{"href":"https:\/\/ole-box.com\/en\/wp-json\/wp\/v2\/types\/page"}],"author":[{"embeddable":true,"href":"https:\/\/ole-box.com\/en\/wp-json\/wp\/v2\/users\/1"}],"replies":[{"embeddable":true,"href":"https:\/\/ole-box.com\/en\/wp-json\/wp\/v2\/comments?post=1745"}],"version-history":[{"count":21,"href":"https:\/\/ole-box.com\/en\/wp-json\/wp\/v2\/pages\/1745\/revisions"}],"predecessor-version":[{"id":5162,"href":"https:\/\/ole-box.com\/en\/wp-json\/wp\/v2\/pages\/1745\/revisions\/5162"}],"wp:attachment":[{"href":"https:\/\/ole-box.com\/en\/wp-json\/wp\/v2\/media?parent=1745"}],"curies":[{"name":"wp","href":"https:\/\/api.w.org\/{rel}","templated":true}]}}