{"id":4545,"date":"2025-09-02T20:06:57","date_gmt":"2025-09-02T18:06:57","guid":{"rendered":"https:\/\/ole-box.com\/?post_type=product&#038;p=4545"},"modified":"2025-09-12T23:38:55","modified_gmt":"2025-09-12T21:38:55","slug":"megacracks-2025-26-megapack-coleccion-oficial-panini","status":"publish","type":"product","link":"https:\/\/ole-box.com\/en\/shop\/sport\/megacracks-2025-26-megapack-coleccion-oficial-panini\/","title":{"rendered":"Megacracks 2025\/26 &#8211; Megapack &#8211; Colecci\u00f3n Oficial Panini"},"content":{"rendered":"","protected":false},"excerpt":{"rendered":"<p>No hay mejor manera de empezar la colecci\u00f3n de\u00a0<strong>MEGACRACKS 2025-26<\/strong>\u00a0con el fant\u00e1stico\u00a0<u>SUPER PACK DE LANZAMIENTO\u00a0<\/u>de la colecci\u00f3n. Con \u00e9l, podr\u00e1s comenzar la colecci\u00f3n de la mejor forma posible, ya que tendr\u00e1s a tu disposici\u00f3n:<\/p>\n<ul>\n<li>El Super Archivador de la colecci\u00f3n.<\/li>\n<li>4 sobres de Megacracks con 24 cards.<\/li>\n<li>3 cards EXCLUSIVAS Edici\u00f3n Limitada de Megacracks 2025-26.<\/li>\n<\/ul>\n<p>La colecci\u00f3n de\u00a0<strong>MEGACRACKS 2024-25\u00a0<\/strong>se compone de un total de 447 trading cards diferentes de jugadores de<strong>\u00a0LaLiga EA Sports<\/strong>.<\/p>\n<p>Los 20 equipos de la m\u00e1xima categor\u00eda est\u00e1n representados por un total de 18 cards (escudo y 17 jugadores) cada uno de ellos.<\/p>\n<p>A los anteriores hay que a\u00f1adir este a\u00f1o las series de ELITE, ZONA VIP, FUEGO, MASTER ROOKIE, FLASHBACK y los espectaculares MASTER ROOKIE y SPECIAL ONE.<\/p>\n<p>Adem\u00e1s, descubre las CARDS PARALLEL de algunas Cards. Son exclusivas y muy buscadas!<\/p>\n<p>Y con 2.000 cards en exclusiva con\u00a0<strong>firma real<\/strong>\u00a0dentro de la serie\u00a0<strong>AUT\u00d3GRAFO ORIGINAL y Cards con DOBLE AUT\u00d3GRAFO ORIGINAL. \u00a1ESPECTACULARES!<\/strong><\/p>\n<p>\u00a1No las dejes escapar!<\/p>","protected":false},"featured_media":5365,"template":"","meta":{"_eb_attr":""},"product_brand":[46],"product_cat":[27],"product_tag":[],"class_list":{"0":"post-4545","1":"product","2":"type-product","3":"status-publish","4":"has-post-thumbnail","6":"product_brand-panini","7":"product_cat-sport","9":"first","10":"instock","11":"shipping-taxable","12":"purchasable","13":"product-type-simple"},"_links":{"self":[{"href":"https:\/\/ole-box.com\/en\/wp-json\/wp\/v2\/product\/4545","targetHints":{"allow":["GET"]}}],"collection":[{"href":"https:\/\/ole-box.com\/en\/wp-json\/wp\/v2\/product"}],"about":[{"href":"https:\/\/ole-box.com\/en\/wp-json\/wp\/v2\/types\/product"}],"version-history":[{"count":1,"href":"https:\/\/ole-box.com\/en\/wp-json\/wp\/v2\/product\/4545\/revisions"}],"predecessor-version":[{"id":4554,"href":"https:\/\/ole-box.com\/en\/wp-json\/wp\/v2\/product\/4545\/revisions\/4554"}],"wp:featuredmedia":[{"embeddable":true,"href":"https:\/\/ole-box.com\/en\/wp-json\/wp\/v2\/media\/5365"}],"wp:attachment":[{"href":"https:\/\/ole-box.com\/en\/wp-json\/wp\/v2\/media?parent=4545"}],"wp:term":[{"taxonomy":"product_brand","embeddable":true,"href":"https:\/\/ole-box.com\/en\/wp-json\/wp\/v2\/product_brand?post=4545"},{"taxonomy":"product_cat","embeddable":true,"href":"https:\/\/ole-box.com\/en\/wp-json\/wp\/v2\/product_cat?post=4545"},{"taxonomy":"product_tag","embeddable":true,"href":"https:\/\/ole-box.com\/en\/wp-json\/wp\/v2\/product_tag?post=4545"}],"curies":[{"name":"wp","href":"https:\/\/api.w.org\/{rel}","templated":true}]}}