{"id":4563,"date":"2025-09-02T20:14:19","date_gmt":"2025-09-02T18:14:19","guid":{"rendered":"https:\/\/ole-box.com\/?post_type=product&#038;p=4563"},"modified":"2025-09-12T23:36:33","modified_gmt":"2025-09-12T21:36:33","slug":"liga-este-2025-26-album-cajita-50-sobres-coleccion-oficial-panini","status":"publish","type":"product","link":"https:\/\/ole-box.com\/en\/shop\/sport\/liga-este-2025-26-album-cajita-50-sobres-coleccion-oficial-panini\/","title":{"rendered":"Liga Este 2025\/26 &#8211; Album + Cajita 50 sobres &#8211; Colecci\u00f3n Oficial Panini"},"content":{"rendered":"","protected":false},"excerpt":{"rendered":"<p>Empieza la colecci\u00f3n de cromos de\u00a0<strong>Liga ESTE 2025-26<\/strong>\u00a0con este fant\u00e1stico pack que te permitir\u00e1 conseguir el \u00e1lbum oficial de la colecci\u00f3n y adem\u00e1s una caja de 50 sobres con 400 cromos.<\/p>\n<p>Colecciona los cromos de todos los jugadores de\u00a0<strong>LaLiga EA Sports 2025-26<\/strong>\u00a0y completa un \u00e1lbum de ensue\u00f1o.<\/p>\n<p>Con todos los fichajes de la temporada y los cromos especiales ADN LALIGA SUPER KIDS, los MIX y los espectaculares MISTER CERO.<\/p>\n<p>\u00a1Y con la posibilidad de encontrar alguno de los 10 cromos EXTRA GOLD! \u00a1E incluso los 3 SUPREME EXTRA GOLD! \u00a1Unos aut\u00e9nticos tesoros!<\/p>\n<p>Busca a Lamine Yamal, Nico Williams, Mbappe, \u00c1lex Baena y a todos los cracks de la mejor LIGA del mundo.<\/p>\n<p>\u00a1No los dejes escapar!<\/p>","protected":false},"featured_media":5360,"template":"","meta":{"_eb_attr":""},"product_brand":[46],"product_cat":[27],"product_tag":[],"class_list":{"0":"post-4563","1":"product","2":"type-product","3":"status-publish","4":"has-post-thumbnail","6":"product_brand-panini","7":"product_cat-sport","9":"first","10":"instock","11":"sale","12":"shipping-taxable","13":"purchasable","14":"product-type-simple"},"_links":{"self":[{"href":"https:\/\/ole-box.com\/en\/wp-json\/wp\/v2\/product\/4563","targetHints":{"allow":["GET"]}}],"collection":[{"href":"https:\/\/ole-box.com\/en\/wp-json\/wp\/v2\/product"}],"about":[{"href":"https:\/\/ole-box.com\/en\/wp-json\/wp\/v2\/types\/product"}],"version-history":[{"count":1,"href":"https:\/\/ole-box.com\/en\/wp-json\/wp\/v2\/product\/4563\/revisions"}],"predecessor-version":[{"id":4565,"href":"https:\/\/ole-box.com\/en\/wp-json\/wp\/v2\/product\/4563\/revisions\/4565"}],"wp:featuredmedia":[{"embeddable":true,"href":"https:\/\/ole-box.com\/en\/wp-json\/wp\/v2\/media\/5360"}],"wp:attachment":[{"href":"https:\/\/ole-box.com\/en\/wp-json\/wp\/v2\/media?parent=4563"}],"wp:term":[{"taxonomy":"product_brand","embeddable":true,"href":"https:\/\/ole-box.com\/en\/wp-json\/wp\/v2\/product_brand?post=4563"},{"taxonomy":"product_cat","embeddable":true,"href":"https:\/\/ole-box.com\/en\/wp-json\/wp\/v2\/product_cat?post=4563"},{"taxonomy":"product_tag","embeddable":true,"href":"https:\/\/ole-box.com\/en\/wp-json\/wp\/v2\/product_tag?post=4563"}],"curies":[{"name":"wp","href":"https:\/\/api.w.org\/{rel}","templated":true}]}}