{"id":4572,"date":"2025-09-02T20:17:30","date_gmt":"2025-09-02T18:17:30","guid":{"rendered":"https:\/\/ole-box.com\/?post_type=product&#038;p=4572"},"modified":"2025-09-12T23:28:56","modified_gmt":"2025-09-12T21:28:56","slug":"megacracks-2025-26-cajita-con-50-sobres-coleccion-oficial-panini","status":"publish","type":"product","link":"https:\/\/ole-box.com\/en\/shop\/sport\/megacracks-2025-26-cajita-con-50-sobres-coleccion-oficial-panini\/","title":{"rendered":"Megacracks 2025\/26 &#8211; Cajita con 50 sobres &#8211; Colecci\u00f3n Oficial Panini"},"content":{"rendered":"","protected":false},"excerpt":{"rendered":"<p>La cajita de 50 sobres la colecci\u00f3n de cartas\u00a0<strong>Megacracks 2025-26<\/strong>\u00a0te permitir\u00e1 conseguir 50 sobres de la colecci\u00f3n con 300 cartas.<\/p>\n<p>La colecci\u00f3n regular consta de un total de 504 cards de\u00a0<strong>LALIGA EA SPORTS 2025-26<\/strong>, con representaci\u00f3n de los 20 equipos de la m\u00e1xima categor\u00eda. Cada equipo cuenta con 18 cartas (el escudo y 17 jugadores). A las citadas cards de cada equipo se suman para esta temporada las series especiales \u00c9LITE, V\u00c9RTIGO (novedad), ZONA VIP, MASTER ROOKIE, FLASHBACK, y las espectaculares FLASHBACK ANTOLOGHY (novedad), y CARD MEGAPOWER (novedad). Adem\u00e1s, se incluyen las series paralelas \u00c9LITE POWER, V\u00c9RTIGO POWER, ZONA VIP POWER, as\u00ed como las incre\u00edbles SPECIAL ONE BLACK y SPECIAL ONE GOLD (novedad).<\/p>\n<p>Y con 2.500 cards en exclusiva con\u00a0<strong>firma real<\/strong>\u00a0dentro de la serie\u00a0<strong>AUT\u00d3GRAFO ORIGINAL y Cards con DOBLE AUT\u00d3GRAFO ORIGINAL. \u00a1ESPECTACULARES!<\/strong><\/p>\n<p>\u00a1No las dejes escapar!<\/p>","protected":false},"featured_media":5358,"template":"","meta":{"_eb_attr":""},"product_brand":[46],"product_cat":[27],"product_tag":[],"class_list":{"0":"post-4572","1":"product","2":"type-product","3":"status-publish","4":"has-post-thumbnail","6":"product_brand-panini","7":"product_cat-sport","9":"first","10":"instock","11":"sale","12":"shipping-taxable","13":"purchasable","14":"product-type-simple"},"_links":{"self":[{"href":"https:\/\/ole-box.com\/en\/wp-json\/wp\/v2\/product\/4572","targetHints":{"allow":["GET"]}}],"collection":[{"href":"https:\/\/ole-box.com\/en\/wp-json\/wp\/v2\/product"}],"about":[{"href":"https:\/\/ole-box.com\/en\/wp-json\/wp\/v2\/types\/product"}],"version-history":[{"count":1,"href":"https:\/\/ole-box.com\/en\/wp-json\/wp\/v2\/product\/4572\/revisions"}],"predecessor-version":[{"id":4573,"href":"https:\/\/ole-box.com\/en\/wp-json\/wp\/v2\/product\/4572\/revisions\/4573"}],"wp:featuredmedia":[{"embeddable":true,"href":"https:\/\/ole-box.com\/en\/wp-json\/wp\/v2\/media\/5358"}],"wp:attachment":[{"href":"https:\/\/ole-box.com\/en\/wp-json\/wp\/v2\/media?parent=4572"}],"wp:term":[{"taxonomy":"product_brand","embeddable":true,"href":"https:\/\/ole-box.com\/en\/wp-json\/wp\/v2\/product_brand?post=4572"},{"taxonomy":"product_cat","embeddable":true,"href":"https:\/\/ole-box.com\/en\/wp-json\/wp\/v2\/product_cat?post=4572"},{"taxonomy":"product_tag","embeddable":true,"href":"https:\/\/ole-box.com\/en\/wp-json\/wp\/v2\/product_tag?post=4572"}],"curies":[{"name":"wp","href":"https:\/\/api.w.org\/{rel}","templated":true}]}}