{"id":4657,"date":"2025-09-03T14:36:00","date_gmt":"2025-09-03T12:36:00","guid":{"rendered":"https:\/\/ole-box.com\/?post_type=product&#038;p=4657"},"modified":"2026-04-25T21:37:16","modified_gmt":"2026-04-25T19:37:16","slug":"pokemon-paquete-misterioso-5-10-sobres-de-cartas-diferentes-japones","status":"publish","type":"product","link":"https:\/\/ole-box.com\/en\/shop\/japones\/pokemon-paquete-misterioso-5-10-sobres-de-cartas-diferentes-japones\/","title":{"rendered":"POKEMON Paquete Misterioso\u20135\/10 Sobres de Cartas Diferentes-JAPONES"},"content":{"rendered":"","protected":false},"excerpt":{"rendered":"<p data-start=\"103\" data-end=\"493\"><strong data-start=\"103\" data-end=\"179\">Descubre la emoci\u00f3n del coleccionismo con nuestro Pok\u00e9mon Pack Sorpresa.<\/strong><br data-start=\"179\" data-end=\"182\" \/>Este pack incluye <strong data-start=\"200\" data-end=\"223\">5\/10 sobres aleatorios<\/strong>, cada uno de <strong data-start=\"237\" data-end=\"283\">diferentes series oficiales de Pok\u00e9mon TCG<\/strong>, seleccionados al azar para que cada compra sea una experiencia \u00fanica. Perfecto para <strong data-start=\"369\" data-end=\"393\">ampliar tu colecci\u00f3n<\/strong>, sorprender a tus amigos o simplemente disfrutar de la emoci\u00f3n de no saber qu\u00e9 cartas te tocar\u00e1n.<\/p>\n<p data-start=\"495\" data-end=\"568\">\u00a1Una oportunidad ideal para todos los fans y coleccionistas de Pok\u00e9mon!<\/p>","protected":false},"featured_media":5357,"template":"","meta":{"_eb_attr":""},"product_brand":[33],"product_cat":[20],"product_tag":[60,58],"class_list":{"0":"post-4657","1":"product","2":"type-product","3":"status-publish","4":"has-post-thumbnail","6":"product_brand-pokemon","7":"product_cat-japones","8":"product_tag-ofertas","9":"product_tag-ptcg-los-mas-vendidos","11":"first","12":"instock","13":"shipping-taxable","14":"purchasable","15":"product-type-variable"},"_links":{"self":[{"href":"https:\/\/ole-box.com\/en\/wp-json\/wp\/v2\/product\/4657","targetHints":{"allow":["GET"]}}],"collection":[{"href":"https:\/\/ole-box.com\/en\/wp-json\/wp\/v2\/product"}],"about":[{"href":"https:\/\/ole-box.com\/en\/wp-json\/wp\/v2\/types\/product"}],"version-history":[{"count":2,"href":"https:\/\/ole-box.com\/en\/wp-json\/wp\/v2\/product\/4657\/revisions"}],"predecessor-version":[{"id":5356,"href":"https:\/\/ole-box.com\/en\/wp-json\/wp\/v2\/product\/4657\/revisions\/5356"}],"wp:featuredmedia":[{"embeddable":true,"href":"https:\/\/ole-box.com\/en\/wp-json\/wp\/v2\/media\/5357"}],"wp:attachment":[{"href":"https:\/\/ole-box.com\/en\/wp-json\/wp\/v2\/media?parent=4657"}],"wp:term":[{"taxonomy":"product_brand","embeddable":true,"href":"https:\/\/ole-box.com\/en\/wp-json\/wp\/v2\/product_brand?post=4657"},{"taxonomy":"product_cat","embeddable":true,"href":"https:\/\/ole-box.com\/en\/wp-json\/wp\/v2\/product_cat?post=4657"},{"taxonomy":"product_tag","embeddable":true,"href":"https:\/\/ole-box.com\/en\/wp-json\/wp\/v2\/product_tag?post=4657"}],"curies":[{"name":"wp","href":"https:\/\/api.w.org\/{rel}","templated":true}]}}