{"id":476,"date":"2023-07-17T13:41:19","date_gmt":"2023-07-17T13:41:19","guid":{"rendered":"https:\/\/dummy.xtemos.com\/woodmart2\/games-elementor\/?post_type=product&#038;p=476"},"modified":"2026-05-10T18:09:58","modified_gmt":"2026-05-10T16:09:58","slug":"sv4a","status":"publish","type":"product","link":"https:\/\/ole-box.com\/en\/shop\/coreano\/sv4a\/","title":{"rendered":"POK\u00c9MON SHINY TREASURE EX-COREANO SV4A"},"content":{"rendered":"","protected":false},"excerpt":{"rendered":"<p>\u2728\u3010Cartas Coleccionables Pok\u00e9mon: Shiny Treasure EX\u3011\u2728<br data-start=\"275\" data-end=\"278\" \/>La nueva serie <strong data-start=\"293\" data-end=\"316\">\u201cShiny Treasure EX\u201d<\/strong> trae a los Pok\u00e9mon brillantes a la batalla, combinando un dise\u00f1o espectacular con estrategias poderosas. Cada paquete puede contener cartas brillantes raras que encender\u00e1n la pasi\u00f3n tanto de coleccionistas como de jugadores.<\/p>\n<p>\ud83c\udf1fIncluye 10 sobres con 10 cartas por sobre.<\/p>","protected":false},"featured_media":6182,"template":"","meta":{"_eb_attr":""},"product_brand":[33],"product_cat":[21],"product_tag":[],"class_list":{"0":"post-476","1":"product","2":"type-product","3":"status-publish","4":"has-post-thumbnail","6":"product_brand-pokemon","7":"product_cat-coreano","9":"first","10":"instock","11":"shipping-taxable","12":"purchasable","13":"product-type-variable"},"_links":{"self":[{"href":"https:\/\/ole-box.com\/en\/wp-json\/wp\/v2\/product\/476","targetHints":{"allow":["GET"]}}],"collection":[{"href":"https:\/\/ole-box.com\/en\/wp-json\/wp\/v2\/product"}],"about":[{"href":"https:\/\/ole-box.com\/en\/wp-json\/wp\/v2\/types\/product"}],"version-history":[{"count":7,"href":"https:\/\/ole-box.com\/en\/wp-json\/wp\/v2\/product\/476\/revisions"}],"predecessor-version":[{"id":3523,"href":"https:\/\/ole-box.com\/en\/wp-json\/wp\/v2\/product\/476\/revisions\/3523"}],"wp:featuredmedia":[{"embeddable":true,"href":"https:\/\/ole-box.com\/en\/wp-json\/wp\/v2\/media\/6182"}],"wp:attachment":[{"href":"https:\/\/ole-box.com\/en\/wp-json\/wp\/v2\/media?parent=476"}],"wp:term":[{"taxonomy":"product_brand","embeddable":true,"href":"https:\/\/ole-box.com\/en\/wp-json\/wp\/v2\/product_brand?post=476"},{"taxonomy":"product_cat","embeddable":true,"href":"https:\/\/ole-box.com\/en\/wp-json\/wp\/v2\/product_cat?post=476"},{"taxonomy":"product_tag","embeddable":true,"href":"https:\/\/ole-box.com\/en\/wp-json\/wp\/v2\/product_tag?post=476"}],"curies":[{"name":"wp","href":"https:\/\/api.w.org\/{rel}","templated":true}]}}