{"id":477,"date":"2023-07-17T13:41:19","date_gmt":"2023-07-17T13:41:19","guid":{"rendered":"https:\/\/dummy.xtemos.com\/woodmart2\/games-elementor\/?post_type=product&#038;p=477"},"modified":"2025-12-19T09:30:33","modified_gmt":"2025-12-19T07:30:33","slug":"sv3a","status":"publish","type":"product","link":"https:\/\/ole-box.com\/en\/shop\/coreano\/sv3a\/","title":{"rendered":"POKEMON RAGING SURF-COREANO SV3A"},"content":{"rendered":"","protected":false},"excerpt":{"rendered":"<p>\u2728\u3010Cartas Coleccionables Pok\u00e9mon: Raging Surf\u3011\u2728<br data-start=\"256\" data-end=\"259\" \/>La nueva serie <strong data-start=\"274\" data-end=\"291\">\u201cRaging Surf\u201d<\/strong> trae la velocidad y el poder de los Pok\u00e9mon legendarios a la arena de batalla, ofreciendo un dise\u00f1o espectacular y estrategias intensas. Con cartas raras brillantes y t\u00e1cticas poderosas, cada paquete es una ola de emoci\u00f3n para coleccionistas y jugadores.<\/p>\n<p>\ud83c\udf1fIncluye 30 sobres con 5 cartas por sobre.<\/p>","protected":false},"featured_media":6183,"template":"","meta":{"_eb_attr":""},"product_brand":[33],"product_cat":[21],"product_tag":[],"class_list":{"0":"post-477","1":"product","2":"type-product","3":"status-publish","4":"has-post-thumbnail","6":"product_brand-pokemon","7":"product_cat-coreano","9":"first","10":"instock","11":"shipping-taxable","12":"purchasable","13":"product-type-variable"},"_links":{"self":[{"href":"https:\/\/ole-box.com\/en\/wp-json\/wp\/v2\/product\/477","targetHints":{"allow":["GET"]}}],"collection":[{"href":"https:\/\/ole-box.com\/en\/wp-json\/wp\/v2\/product"}],"about":[{"href":"https:\/\/ole-box.com\/en\/wp-json\/wp\/v2\/types\/product"}],"version-history":[{"count":6,"href":"https:\/\/ole-box.com\/en\/wp-json\/wp\/v2\/product\/477\/revisions"}],"predecessor-version":[{"id":3528,"href":"https:\/\/ole-box.com\/en\/wp-json\/wp\/v2\/product\/477\/revisions\/3528"}],"wp:featuredmedia":[{"embeddable":true,"href":"https:\/\/ole-box.com\/en\/wp-json\/wp\/v2\/media\/6183"}],"wp:attachment":[{"href":"https:\/\/ole-box.com\/en\/wp-json\/wp\/v2\/media?parent=477"}],"wp:term":[{"taxonomy":"product_brand","embeddable":true,"href":"https:\/\/ole-box.com\/en\/wp-json\/wp\/v2\/product_brand?post=477"},{"taxonomy":"product_cat","embeddable":true,"href":"https:\/\/ole-box.com\/en\/wp-json\/wp\/v2\/product_cat?post=477"},{"taxonomy":"product_tag","embeddable":true,"href":"https:\/\/ole-box.com\/en\/wp-json\/wp\/v2\/product_tag?post=477"}],"curies":[{"name":"wp","href":"https:\/\/api.w.org\/{rel}","templated":true}]}}