{"id":478,"date":"2023-07-17T13:41:19","date_gmt":"2023-07-17T13:41:19","guid":{"rendered":"https:\/\/dummy.xtemos.com\/woodmart2\/games-elementor\/?post_type=product&#038;p=478"},"modified":"2025-12-19T09:31:08","modified_gmt":"2025-12-19T07:31:08","slug":"sv7","status":"publish","type":"product","link":"https:\/\/ole-box.com\/en\/shop\/coreano\/sv7\/","title":{"rendered":"POK\u00c9MON STELLAR MIRACLE-COREANO SV7"},"content":{"rendered":"","protected":false},"excerpt":{"rendered":"<p>\u2728\u3010Cartas Coleccionables Pok\u00e9mon: Stellar Miracle\u3011\u2728<br data-start=\"265\" data-end=\"268\" \/>La nueva serie <strong data-start=\"283\" data-end=\"304\">\u201cStellar Miracle\u201d<\/strong> une el poder met\u00e1lico con el brillo c\u00f3smico, ofreciendo un dise\u00f1o impresionante y estrategias de combate avanzadas. Con cartas raras brillantes y t\u00e1cticas poderosas, cada paquete es una joya tanto para coleccionistas como para jugadores.<\/p>\n<p>\ud83c\udf1fIncluye 30 sobres con 5 cartas por sobre.<\/p>","protected":false},"featured_media":6185,"template":"","meta":{"_eb_attr":""},"product_brand":[33],"product_cat":[21],"product_tag":[],"class_list":{"0":"post-478","1":"product","2":"type-product","3":"status-publish","4":"has-post-thumbnail","6":"product_brand-pokemon","7":"product_cat-coreano","9":"first","10":"instock","11":"shipping-taxable","12":"purchasable","13":"product-type-variable"},"_links":{"self":[{"href":"https:\/\/ole-box.com\/en\/wp-json\/wp\/v2\/product\/478","targetHints":{"allow":["GET"]}}],"collection":[{"href":"https:\/\/ole-box.com\/en\/wp-json\/wp\/v2\/product"}],"about":[{"href":"https:\/\/ole-box.com\/en\/wp-json\/wp\/v2\/types\/product"}],"version-history":[{"count":6,"href":"https:\/\/ole-box.com\/en\/wp-json\/wp\/v2\/product\/478\/revisions"}],"predecessor-version":[{"id":3533,"href":"https:\/\/ole-box.com\/en\/wp-json\/wp\/v2\/product\/478\/revisions\/3533"}],"wp:featuredmedia":[{"embeddable":true,"href":"https:\/\/ole-box.com\/en\/wp-json\/wp\/v2\/media\/6185"}],"wp:attachment":[{"href":"https:\/\/ole-box.com\/en\/wp-json\/wp\/v2\/media?parent=478"}],"wp:term":[{"taxonomy":"product_brand","embeddable":true,"href":"https:\/\/ole-box.com\/en\/wp-json\/wp\/v2\/product_brand?post=478"},{"taxonomy":"product_cat","embeddable":true,"href":"https:\/\/ole-box.com\/en\/wp-json\/wp\/v2\/product_cat?post=478"},{"taxonomy":"product_tag","embeddable":true,"href":"https:\/\/ole-box.com\/en\/wp-json\/wp\/v2\/product_tag?post=478"}],"curies":[{"name":"wp","href":"https:\/\/api.w.org\/{rel}","templated":true}]}}