{"id":480,"date":"2023-07-17T13:41:19","date_gmt":"2023-07-17T13:41:19","guid":{"rendered":"https:\/\/dummy.xtemos.com\/woodmart2\/games-elementor\/?post_type=product&#038;p=480"},"modified":"2025-11-09T02:28:31","modified_gmt":"2025-11-09T00:28:31","slug":"sv5m","status":"publish","type":"product","link":"https:\/\/ole-box.com\/en\/shop\/coreano\/sv5m\/","title":{"rendered":"POK\u00c9MON CYBER JUDGE-JAPON\u00c9S SV5M"},"content":{"rendered":"","protected":false},"excerpt":{"rendered":"<p>\u2728\u3010Cartas Coleccionables Pok\u00e9mon: CYBER JUDGE\u3011\u2728<br data-start=\"246\" data-end=\"249\" \/>La nueva serie <strong data-start=\"264\" data-end=\"289\">\u201cCYBER JUDGE\u201d<\/strong> une la tecnolog\u00eda futurista con el poder de los Pok\u00e9mon legendarios, ofreciendo un estilo visual impresionante y estrategias de combate avanzadas. Con un dise\u00f1o cibern\u00e9tico \u00fanico, cartas raras ocultas y poderosos mazos, cada paquete promete una experiencia llena de adrenalina para coleccionistas y jugadores.<\/p>\n<p>\ud83c\udf1fIncluye 30 sobres con 5 cartas por sobre.<\/p>","protected":false},"featured_media":6189,"template":"","meta":{"_eb_attr":""},"product_brand":[33],"product_cat":[21],"product_tag":[],"class_list":{"0":"post-480","1":"product","2":"type-product","3":"status-publish","4":"has-post-thumbnail","6":"product_brand-pokemon","7":"product_cat-coreano","9":"first","10":"instock","11":"sale","12":"shipping-taxable","13":"purchasable","14":"product-type-variable"},"_links":{"self":[{"href":"https:\/\/ole-box.com\/en\/wp-json\/wp\/v2\/product\/480","targetHints":{"allow":["GET"]}}],"collection":[{"href":"https:\/\/ole-box.com\/en\/wp-json\/wp\/v2\/product"}],"about":[{"href":"https:\/\/ole-box.com\/en\/wp-json\/wp\/v2\/types\/product"}],"version-history":[{"count":7,"href":"https:\/\/ole-box.com\/en\/wp-json\/wp\/v2\/product\/480\/revisions"}],"predecessor-version":[{"id":3535,"href":"https:\/\/ole-box.com\/en\/wp-json\/wp\/v2\/product\/480\/revisions\/3535"}],"wp:featuredmedia":[{"embeddable":true,"href":"https:\/\/ole-box.com\/en\/wp-json\/wp\/v2\/media\/6189"}],"wp:attachment":[{"href":"https:\/\/ole-box.com\/en\/wp-json\/wp\/v2\/media?parent=480"}],"wp:term":[{"taxonomy":"product_brand","embeddable":true,"href":"https:\/\/ole-box.com\/en\/wp-json\/wp\/v2\/product_brand?post=480"},{"taxonomy":"product_cat","embeddable":true,"href":"https:\/\/ole-box.com\/en\/wp-json\/wp\/v2\/product_cat?post=480"},{"taxonomy":"product_tag","embeddable":true,"href":"https:\/\/ole-box.com\/en\/wp-json\/wp\/v2\/product_tag?post=480"}],"curies":[{"name":"wp","href":"https:\/\/api.w.org\/{rel}","templated":true}]}}