{"id":483,"date":"2023-07-17T13:41:19","date_gmt":"2023-07-17T13:41:19","guid":{"rendered":"https:\/\/dummy.xtemos.com\/woodmart2\/games-elementor\/?post_type=product&#038;p=483"},"modified":"2026-05-10T18:10:30","modified_gmt":"2026-05-10T16:10:30","slug":"eevee-heroes","status":"publish","type":"product","link":"https:\/\/ole-box.com\/en\/shop\/coreano\/eevee-heroes\/","title":{"rendered":"POK\u00c9MON EEVEE HEROES-COREANO S6A"},"content":{"rendered":"","protected":false},"excerpt":{"rendered":"<p>\u2728\u3010Cartas Coleccionables Pok\u00e9mon: Eevee Heroes\u3011\u2728<br data-start=\"258\" data-end=\"261\" \/>La nueva serie <strong data-start=\"276\" data-end=\"294\">\u201cEevee Heroes\u201d<\/strong> re\u00fane a Eevee y todas sus evoluciones, combinando encanto y poder en un solo set. Con cartas raras brillantes y un dise\u00f1o espectacular, cada paquete es una oportunidad para completar tu colecci\u00f3n y fortalecer tu mazo.<\/p>\n<p>\ud83c\udf1fIncluye 30 sobres con 5 cartas por sobre.<\/p>","protected":false},"featured_media":3536,"template":"","meta":{"_eb_attr":""},"product_brand":[33],"product_cat":[21],"product_tag":[],"class_list":{"0":"post-483","1":"product","2":"type-product","3":"status-publish","4":"has-post-thumbnail","6":"product_brand-pokemon","7":"product_cat-coreano","9":"first","10":"outofstock","11":"sale","12":"shipping-taxable","13":"purchasable","14":"product-type-variable"},"_links":{"self":[{"href":"https:\/\/ole-box.com\/en\/wp-json\/wp\/v2\/product\/483","targetHints":{"allow":["GET"]}}],"collection":[{"href":"https:\/\/ole-box.com\/en\/wp-json\/wp\/v2\/product"}],"about":[{"href":"https:\/\/ole-box.com\/en\/wp-json\/wp\/v2\/types\/product"}],"version-history":[{"count":6,"href":"https:\/\/ole-box.com\/en\/wp-json\/wp\/v2\/product\/483\/revisions"}],"predecessor-version":[{"id":3546,"href":"https:\/\/ole-box.com\/en\/wp-json\/wp\/v2\/product\/483\/revisions\/3546"}],"wp:featuredmedia":[{"embeddable":true,"href":"https:\/\/ole-box.com\/en\/wp-json\/wp\/v2\/media\/3536"}],"wp:attachment":[{"href":"https:\/\/ole-box.com\/en\/wp-json\/wp\/v2\/media?parent=483"}],"wp:term":[{"taxonomy":"product_brand","embeddable":true,"href":"https:\/\/ole-box.com\/en\/wp-json\/wp\/v2\/product_brand?post=483"},{"taxonomy":"product_cat","embeddable":true,"href":"https:\/\/ole-box.com\/en\/wp-json\/wp\/v2\/product_cat?post=483"},{"taxonomy":"product_tag","embeddable":true,"href":"https:\/\/ole-box.com\/en\/wp-json\/wp\/v2\/product_tag?post=483"}],"curies":[{"name":"wp","href":"https:\/\/api.w.org\/{rel}","templated":true}]}}