{"id":484,"date":"2023-07-17T13:41:19","date_gmt":"2023-07-17T13:41:19","guid":{"rendered":"https:\/\/dummy.xtemos.com\/woodmart2\/games-elementor\/?post_type=product&#038;p=484"},"modified":"2026-05-10T18:10:38","modified_gmt":"2026-05-10T16:10:38","slug":"fusion-arts","status":"publish","type":"product","link":"https:\/\/ole-box.com\/en\/shop\/coreano\/fusion-arts\/","title":{"rendered":"POK\u00c9MON FUSION ARTS-COREANO S8"},"content":{"rendered":"","protected":false},"excerpt":{"rendered":"<p>\u2728\u3010Cartas Coleccionables Pok\u00e9mon: FUSION ARTS\u3011\u2728<br data-start=\"265\" data-end=\"268\" \/>La nueva serie <strong data-start=\"283\" data-end=\"302\">\u201cFUSION ARTS\u201d<\/strong> tiene a Mew y a los Pok\u00e9mon de fusi\u00f3n como protagonistas, combinando tecnolog\u00eda futurista con estrategias poderosas. Con cartas brillantes raras y t\u00e1cticas innovadoras, cada paquete ofrece emoci\u00f3n tanto a coleccionistas como a jugadores.<\/p>\n<p>\ud83c\udf1fIncluye 30 sobres con 5 cartas por sobre.<\/p>","protected":false},"featured_media":6223,"template":"","meta":{"_eb_attr":""},"product_brand":[33],"product_cat":[21],"product_tag":[],"class_list":{"0":"post-484","1":"product","2":"type-product","3":"status-publish","4":"has-post-thumbnail","6":"product_brand-pokemon","7":"product_cat-coreano","9":"first","10":"outofstock","11":"shipping-taxable","12":"purchasable","13":"product-type-variable"},"_links":{"self":[{"href":"https:\/\/ole-box.com\/en\/wp-json\/wp\/v2\/product\/484","targetHints":{"allow":["GET"]}}],"collection":[{"href":"https:\/\/ole-box.com\/en\/wp-json\/wp\/v2\/product"}],"about":[{"href":"https:\/\/ole-box.com\/en\/wp-json\/wp\/v2\/types\/product"}],"version-history":[{"count":5,"href":"https:\/\/ole-box.com\/en\/wp-json\/wp\/v2\/product\/484\/revisions"}],"predecessor-version":[{"id":3545,"href":"https:\/\/ole-box.com\/en\/wp-json\/wp\/v2\/product\/484\/revisions\/3545"}],"wp:featuredmedia":[{"embeddable":true,"href":"https:\/\/ole-box.com\/en\/wp-json\/wp\/v2\/media\/6223"}],"wp:attachment":[{"href":"https:\/\/ole-box.com\/en\/wp-json\/wp\/v2\/media?parent=484"}],"wp:term":[{"taxonomy":"product_brand","embeddable":true,"href":"https:\/\/ole-box.com\/en\/wp-json\/wp\/v2\/product_brand?post=484"},{"taxonomy":"product_cat","embeddable":true,"href":"https:\/\/ole-box.com\/en\/wp-json\/wp\/v2\/product_cat?post=484"},{"taxonomy":"product_tag","embeddable":true,"href":"https:\/\/ole-box.com\/en\/wp-json\/wp\/v2\/product_tag?post=484"}],"curies":[{"name":"wp","href":"https:\/\/api.w.org\/{rel}","templated":true}]}}