{"id":485,"date":"2023-07-17T13:41:19","date_gmt":"2023-07-17T13:41:19","guid":{"rendered":"https:\/\/dummy.xtemos.com\/woodmart2\/games-elementor\/?post_type=product&#038;p=485"},"modified":"2026-02-11T20:09:19","modified_gmt":"2026-02-11T18:09:19","slug":"glory-of-the-team","status":"publish","type":"product","link":"https:\/\/ole-box.com\/en\/shop\/japones\/glory-of-the-team\/","title":{"rendered":"POK\u00c9MON GLORY OF THE TEAM-JAPON\u00c9S SV10"},"content":{"rendered":"<div data-elementor-type=\"wp-post\" data-elementor-id=\"485\" class=\"elementor elementor-485\" data-elementor-post-type=\"product\">\n\t\t\t\t<div class=\"wd-negative-gap elementor-element elementor-element-5b08432 e-flex e-con-boxed e-con e-parent\" data-id=\"5b08432\" data-element_type=\"container\" data-e-type=\"container\">\n\t\t\t\t\t<div class=\"e-con-inner\">\n\t\t\t\t<div class=\"elementor-element elementor-element-ea84b67 elementor-widget elementor-widget-wd_text_block\" data-id=\"ea84b67\" data-element_type=\"widget\" data-e-type=\"widget\" data-widget_type=\"wd_text_block.default\">\n\t\t\t\t<div class=\"elementor-widget-container\">\n\t\t\t\t\t\t\t<div class=\"wd-text-block reset-last-child text-left\">\n\t\t\t\n\t\t\t<h3 class=\"p1\"><b>Descripci\u00f3n:<\/b><\/h3><h3 class=\"p1\"><b> cartas especiales incluidas en los sobres<\/b><span class=\"s1\"><b>\uff1a<\/b><\/span><\/h3><h3>\u00a0<\/h3>\n\t\t\t\t\t<\/div>\n\t\t\t\t\t\t<\/div>\n\t\t\t\t<\/div>\n\t\t\t\t<div class=\"elementor-element elementor-element-d2346dc elementor-widget elementor-widget-wd_image_or_svg\" data-id=\"d2346dc\" data-element_type=\"widget\" data-e-type=\"widget\" data-widget_type=\"wd_image_or_svg.default\">\n\t\t\t\t<div class=\"elementor-widget-container\">\n\t\t\t\t\t\n\t\t<div class=\"wd-image text-center\">\n\t\t\t\t\t\t\t\t<img fetchpriority=\"high\" decoding=\"async\" width=\"1500\" height=\"419\" src=\"https:\/\/ole-box.com\/wp-content\/uploads\/2023\/07\/POKEMON-GLORY-OF-THE-TEAM-JAPONES-SV10-2.jpg\" class=\"attachment-full size-full\" alt=\"\" srcset=\"https:\/\/ole-box.com\/wp-content\/uploads\/2023\/07\/POKEMON-GLORY-OF-THE-TEAM-JAPONES-SV10-2.jpg 1500w, https:\/\/ole-box.com\/wp-content\/uploads\/2023\/07\/POKEMON-GLORY-OF-THE-TEAM-JAPONES-SV10-2-400x112.jpg 400w, https:\/\/ole-box.com\/wp-content\/uploads\/2023\/07\/POKEMON-GLORY-OF-THE-TEAM-JAPONES-SV10-2-1300x363.jpg 1300w, https:\/\/ole-box.com\/wp-content\/uploads\/2023\/07\/POKEMON-GLORY-OF-THE-TEAM-JAPONES-SV10-2-768x215.jpg 768w, https:\/\/ole-box.com\/wp-content\/uploads\/2023\/07\/POKEMON-GLORY-OF-THE-TEAM-JAPONES-SV10-2-18x5.jpg 18w, https:\/\/ole-box.com\/wp-content\/uploads\/2023\/07\/POKEMON-GLORY-OF-THE-TEAM-JAPONES-SV10-2-430x120.jpg 430w, https:\/\/ole-box.com\/wp-content\/uploads\/2023\/07\/POKEMON-GLORY-OF-THE-TEAM-JAPONES-SV10-2-700x196.jpg 700w, https:\/\/ole-box.com\/wp-content\/uploads\/2023\/07\/POKEMON-GLORY-OF-THE-TEAM-JAPONES-SV10-2-150x42.jpg 150w\" sizes=\"(max-width: 1500px) 100vw, 1500px\" \/>\t\t\t\t\t<\/div>\n\n\t\t\t\t\t\t<\/div>\n\t\t\t\t<\/div>\n\t\t\t\t<div class=\"elementor-element elementor-element-2d917bc elementor-widget elementor-widget-wd_image_or_svg\" data-id=\"2d917bc\" data-element_type=\"widget\" data-e-type=\"widget\" data-widget_type=\"wd_image_or_svg.default\">\n\t\t\t\t<div class=\"elementor-widget-container\">\n\t\t\t\t\t\n\t\t<div class=\"wd-image text-center\">\n\t\t\t\t\t\t\t\t<img decoding=\"async\" width=\"1500\" height=\"419\" src=\"https:\/\/ole-box.com\/wp-content\/uploads\/2023\/07\/POKEMON-GLORY-OF-THE-TEAM-JAPONES-SV10-1.jpg\" class=\"attachment-full size-full\" alt=\"\" srcset=\"https:\/\/ole-box.com\/wp-content\/uploads\/2023\/07\/POKEMON-GLORY-OF-THE-TEAM-JAPONES-SV10-1.jpg 1500w, https:\/\/ole-box.com\/wp-content\/uploads\/2023\/07\/POKEMON-GLORY-OF-THE-TEAM-JAPONES-SV10-1-400x112.jpg 400w, https:\/\/ole-box.com\/wp-content\/uploads\/2023\/07\/POKEMON-GLORY-OF-THE-TEAM-JAPONES-SV10-1-1300x363.jpg 1300w, https:\/\/ole-box.com\/wp-content\/uploads\/2023\/07\/POKEMON-GLORY-OF-THE-TEAM-JAPONES-SV10-1-768x215.jpg 768w, https:\/\/ole-box.com\/wp-content\/uploads\/2023\/07\/POKEMON-GLORY-OF-THE-TEAM-JAPONES-SV10-1-18x5.jpg 18w, https:\/\/ole-box.com\/wp-content\/uploads\/2023\/07\/POKEMON-GLORY-OF-THE-TEAM-JAPONES-SV10-1-430x120.jpg 430w, https:\/\/ole-box.com\/wp-content\/uploads\/2023\/07\/POKEMON-GLORY-OF-THE-TEAM-JAPONES-SV10-1-700x196.jpg 700w, https:\/\/ole-box.com\/wp-content\/uploads\/2023\/07\/POKEMON-GLORY-OF-THE-TEAM-JAPONES-SV10-1-150x42.jpg 150w\" sizes=\"(max-width: 1500px) 100vw, 1500px\" \/>\t\t\t\t\t<\/div>\n\n\t\t\t\t\t\t<\/div>\n\t\t\t\t<\/div>\n\t\t\t\t<div class=\"elementor-element elementor-element-7186ac0 elementor-widget elementor-widget-wd_image_or_svg\" data-id=\"7186ac0\" data-element_type=\"widget\" data-e-type=\"widget\" data-widget_type=\"wd_image_or_svg.default\">\n\t\t\t\t<div class=\"elementor-widget-container\">\n\t\t\t\t\t\n\t\t<div class=\"wd-image text-center\">\n\t\t\t\t\t\t\t\t<img decoding=\"async\" width=\"900\" height=\"419\" src=\"https:\/\/ole-box.com\/wp-content\/uploads\/2023\/07\/POKEMON-GLORY-OF-THE-TEAM-JAPONES-SV10-3.jpg\" class=\"attachment-full size-full\" alt=\"\" srcset=\"https:\/\/ole-box.com\/wp-content\/uploads\/2023\/07\/POKEMON-GLORY-OF-THE-TEAM-JAPONES-SV10-3.jpg 900w, https:\/\/ole-box.com\/wp-content\/uploads\/2023\/07\/POKEMON-GLORY-OF-THE-TEAM-JAPONES-SV10-3-400x186.jpg 400w, https:\/\/ole-box.com\/wp-content\/uploads\/2023\/07\/POKEMON-GLORY-OF-THE-TEAM-JAPONES-SV10-3-768x358.jpg 768w, https:\/\/ole-box.com\/wp-content\/uploads\/2023\/07\/POKEMON-GLORY-OF-THE-TEAM-JAPONES-SV10-3-18x8.jpg 18w, https:\/\/ole-box.com\/wp-content\/uploads\/2023\/07\/POKEMON-GLORY-OF-THE-TEAM-JAPONES-SV10-3-430x200.jpg 430w, https:\/\/ole-box.com\/wp-content\/uploads\/2023\/07\/POKEMON-GLORY-OF-THE-TEAM-JAPONES-SV10-3-700x326.jpg 700w, https:\/\/ole-box.com\/wp-content\/uploads\/2023\/07\/POKEMON-GLORY-OF-THE-TEAM-JAPONES-SV10-3-150x70.jpg 150w\" sizes=\"(max-width: 900px) 100vw, 900px\" \/>\t\t\t\t\t<\/div>\n\n\t\t\t\t\t\t<\/div>\n\t\t\t\t<\/div>\n\t\t\t\t\t<\/div>\n\t\t\t\t<\/div>\n\t\t\t\t<\/div>","protected":false},"excerpt":{"rendered":"<p data-start=\"483\" data-end=\"569\">\ud83d\ude80Caja de expansi\u00f3n Pok\u00e9mon TCG <em data-start=\"535\" data-end=\"564\">La Gloria del Equipo Rocket<\/em>\ud83d\ude80<\/p>\n<p data-start=\"571\" data-end=\"939\">\ud83d\udd25 \u00a1La nueva expansi\u00f3n japonesa del TCG de Pok\u00e9mon <strong data-start=\"622\" data-end=\"655\">\u201cLa Gloria del Equipo Rocket\u201d<\/strong> ya est\u00e1 aqu\u00ed!<br data-start=\"669\" data-end=\"672\" \/>Esta serie est\u00e1 inspirada en el ic\u00f3nico equipo villano <strong data-start=\"727\" data-end=\"742\">Team Rocket<\/strong>, con protagonistas como Giovanni, Mewtwo y el tr\u00edo Rocket, ofreciendo una dosis perfecta de nostalgia y gran valor de colecci\u00f3n. \u00a1Un dise\u00f1o oscuro y llamativo que ning\u00fan fan deber\u00eda dejar pasar!<\/p>\n<p data-start=\"571\" data-end=\"939\">\ud83c\udf1fIncluye 30 sobres con 5 cartas por sobre.<\/p>","protected":false},"featured_media":6076,"template":"","meta":{"_eb_attr":""},"product_brand":[33],"product_cat":[20],"product_tag":[58,61],"class_list":{"0":"post-485","1":"product","2":"type-product","3":"status-publish","4":"has-post-thumbnail","6":"product_brand-pokemon","7":"product_cat-japones","8":"product_tag-ptcg-los-mas-vendidos","9":"product_tag-ptcg-recomendaciones","11":"first","12":"instock","13":"featured","14":"shipping-taxable","15":"purchasable","16":"product-type-variable"},"_links":{"self":[{"href":"https:\/\/ole-box.com\/en\/wp-json\/wp\/v2\/product\/485","targetHints":{"allow":["GET"]}}],"collection":[{"href":"https:\/\/ole-box.com\/en\/wp-json\/wp\/v2\/product"}],"about":[{"href":"https:\/\/ole-box.com\/en\/wp-json\/wp\/v2\/types\/product"}],"version-history":[{"count":15,"href":"https:\/\/ole-box.com\/en\/wp-json\/wp\/v2\/product\/485\/revisions"}],"predecessor-version":[{"id":6522,"href":"https:\/\/ole-box.com\/en\/wp-json\/wp\/v2\/product\/485\/revisions\/6522"}],"wp:featuredmedia":[{"embeddable":true,"href":"https:\/\/ole-box.com\/en\/wp-json\/wp\/v2\/media\/6076"}],"wp:attachment":[{"href":"https:\/\/ole-box.com\/en\/wp-json\/wp\/v2\/media?parent=485"}],"wp:term":[{"taxonomy":"product_brand","embeddable":true,"href":"https:\/\/ole-box.com\/en\/wp-json\/wp\/v2\/product_brand?post=485"},{"taxonomy":"product_cat","embeddable":true,"href":"https:\/\/ole-box.com\/en\/wp-json\/wp\/v2\/product_cat?post=485"},{"taxonomy":"product_tag","embeddable":true,"href":"https:\/\/ole-box.com\/en\/wp-json\/wp\/v2\/product_tag?post=485"}],"curies":[{"name":"wp","href":"https:\/\/api.w.org\/{rel}","templated":true}]}}