{"id":4857,"date":"2025-09-04T22:21:51","date_gmt":"2025-09-04T20:21:51","guid":{"rendered":"https:\/\/ole-box.com\/?post_type=product&#038;p=4857"},"modified":"2026-01-19T14:47:28","modified_gmt":"2026-01-19T12:47:28","slug":"coleccion-de-monedas-pokemon-151-chino","status":"publish","type":"product","link":"https:\/\/ole-box.com\/en\/shop\/chino\/coleccion-de-monedas-pokemon-151-chino\/","title":{"rendered":"Colecci\u00f3n de Monedas Pok\u00e9mon 151 SURPRISE -CHINO"},"content":{"rendered":"<div data-elementor-type=\"product-post\" data-elementor-id=\"4857\" class=\"elementor elementor-4857\" data-elementor-post-type=\"product\">\n\t\t\t\t<div class=\"wd-negative-gap elementor-element elementor-element-857b4f7 e-flex e-con-boxed e-con e-parent\" data-id=\"857b4f7\" data-element_type=\"container\" data-e-type=\"container\">\n\t\t\t\t\t<div class=\"e-con-inner\">\n\t\t\t\t<div class=\"elementor-element elementor-element-3709011 elementor-widget elementor-widget-wd_text_block\" data-id=\"3709011\" data-element_type=\"widget\" data-e-type=\"widget\" data-widget_type=\"wd_text_block.default\">\n\t\t\t\t<div class=\"elementor-widget-container\">\n\t\t\t\t\t\t\t<div class=\"wd-text-block reset-last-child text-left\">\n\t\t\t\n\t\t\t<h4>Completa la colecci\u00f3n de monedas para exhibirlas como piezas de colecci\u00f3n. En nuestra tienda tambi\u00e9n encontrar\u00e1s marcos de exhibici\u00f3n a la venta.<\/h4>\n\t\t\t\t\t<\/div>\n\t\t\t\t\t\t<\/div>\n\t\t\t\t<\/div>\n\t\t\t\t<div class=\"elementor-element elementor-element-a8f0fa5 elementor-widget elementor-widget-wd_image_or_svg\" data-id=\"a8f0fa5\" data-element_type=\"widget\" data-e-type=\"widget\" data-widget_type=\"wd_image_or_svg.default\">\n\t\t\t\t<div class=\"elementor-widget-container\">\n\t\t\t\t\t\n\t\t<div class=\"wd-image text-center\">\n\t\t\t\t\t\t\t\t<img fetchpriority=\"high\" decoding=\"async\" width=\"800\" height=\"800\" src=\"https:\/\/ole-box.com\/wp-content\/uploads\/2025\/09\/Coleccion-de-Monedas-Pokemon-151-SURPRISE-CHINO-800x800.png\" class=\"attachment-large size-large\" alt=\"\" srcset=\"https:\/\/ole-box.com\/wp-content\/uploads\/2025\/09\/Coleccion-de-Monedas-Pokemon-151-SURPRISE-CHINO-800x800.png 800w, https:\/\/ole-box.com\/wp-content\/uploads\/2025\/09\/Coleccion-de-Monedas-Pokemon-151-SURPRISE-CHINO-300x300.png 300w, https:\/\/ole-box.com\/wp-content\/uploads\/2025\/09\/Coleccion-de-Monedas-Pokemon-151-SURPRISE-CHINO-150x150.png 150w, https:\/\/ole-box.com\/wp-content\/uploads\/2025\/09\/Coleccion-de-Monedas-Pokemon-151-SURPRISE-CHINO-768x768.png 768w, https:\/\/ole-box.com\/wp-content\/uploads\/2025\/09\/Coleccion-de-Monedas-Pokemon-151-SURPRISE-CHINO-1536x1536.png 1536w\" sizes=\"(max-width: 800px) 100vw, 800px\" \/>\t\t\t\t\t<\/div>\n\n\t\t\t\t\t\t<\/div>\n\t\t\t\t<\/div>\n\t\t\t\t<div class=\"elementor-element elementor-element-9ca759d elementor-widget elementor-widget-wd_text_block\" data-id=\"9ca759d\" data-element_type=\"widget\" data-e-type=\"widget\" data-widget_type=\"wd_text_block.default\">\n\t\t\t\t<div class=\"elementor-widget-container\">\n\t\t\t\t\t\t\t<div class=\"wd-text-block reset-last-child text-left\">\n\t\t\t\n\t\t\t<h4 class=\"p1\"><b>Descripci\u00f3n: cartas especiales incluidas en los sobres<\/b><span class=\"s1\"><b>\uff1a<\/b><\/span><\/h4>\n\t\t\t\t\t<\/div>\n\t\t\t\t\t\t<\/div>\n\t\t\t\t<\/div>\n\t\t\t\t<div class=\"elementor-element elementor-element-30d4932 elementor-widget elementor-widget-wd_image_or_svg\" data-id=\"30d4932\" data-element_type=\"widget\" data-e-type=\"widget\" data-widget_type=\"wd_image_or_svg.default\">\n\t\t\t\t<div class=\"elementor-widget-container\">\n\t\t\t\t\t\n\t\t<div class=\"wd-image text-center\">\n\t\t\t\t\t\t\t\t<img decoding=\"async\" width=\"1300\" height=\"605\" src=\"https:\/\/ole-box.com\/wp-content\/uploads\/2025\/09\/Coleccion-de-Monedas-Pokemon-151-SURPRISE-CHINO2-1300x605.png\" class=\"attachment-large size-large\" alt=\"\" srcset=\"https:\/\/ole-box.com\/wp-content\/uploads\/2025\/09\/Coleccion-de-Monedas-Pokemon-151-SURPRISE-CHINO2-1300x605.png 1300w, https:\/\/ole-box.com\/wp-content\/uploads\/2025\/09\/Coleccion-de-Monedas-Pokemon-151-SURPRISE-CHINO2-400x186.png 400w, https:\/\/ole-box.com\/wp-content\/uploads\/2025\/09\/Coleccion-de-Monedas-Pokemon-151-SURPRISE-CHINO2-768x357.png 768w, https:\/\/ole-box.com\/wp-content\/uploads\/2025\/09\/Coleccion-de-Monedas-Pokemon-151-SURPRISE-CHINO2-1536x715.png 1536w, https:\/\/ole-box.com\/wp-content\/uploads\/2025\/09\/Coleccion-de-Monedas-Pokemon-151-SURPRISE-CHINO2-2048x953.png 2048w, https:\/\/ole-box.com\/wp-content\/uploads\/2025\/09\/Coleccion-de-Monedas-Pokemon-151-SURPRISE-CHINO2-18x8.png 18w, https:\/\/ole-box.com\/wp-content\/uploads\/2025\/09\/Coleccion-de-Monedas-Pokemon-151-SURPRISE-CHINO2-430x200.png 430w, https:\/\/ole-box.com\/wp-content\/uploads\/2025\/09\/Coleccion-de-Monedas-Pokemon-151-SURPRISE-CHINO2-700x326.png 700w, https:\/\/ole-box.com\/wp-content\/uploads\/2025\/09\/Coleccion-de-Monedas-Pokemon-151-SURPRISE-CHINO2-150x70.png 150w\" sizes=\"(max-width: 1300px) 100vw, 1300px\" \/>\t\t\t\t\t<\/div>\n\n\t\t\t\t\t\t<\/div>\n\t\t\t\t<\/div>\n\t\t\t\t<div class=\"elementor-element elementor-element-b23c323 elementor-widget elementor-widget-wd_image_or_svg\" data-id=\"b23c323\" data-element_type=\"widget\" data-e-type=\"widget\" data-widget_type=\"wd_image_or_svg.default\">\n\t\t\t\t<div class=\"elementor-widget-container\">\n\t\t\t\t\t\n\t\t<div class=\"wd-image text-center\">\n\t\t\t\t\t\t\t\t<img decoding=\"async\" width=\"1300\" height=\"605\" src=\"https:\/\/ole-box.com\/wp-content\/uploads\/2025\/09\/Coleccion-de-Monedas-Pokemon-151-SURPRISE-CHINO3-1300x605.png\" class=\"attachment-large size-large\" alt=\"\" srcset=\"https:\/\/ole-box.com\/wp-content\/uploads\/2025\/09\/Coleccion-de-Monedas-Pokemon-151-SURPRISE-CHINO3-1300x605.png 1300w, https:\/\/ole-box.com\/wp-content\/uploads\/2025\/09\/Coleccion-de-Monedas-Pokemon-151-SURPRISE-CHINO3-400x186.png 400w, https:\/\/ole-box.com\/wp-content\/uploads\/2025\/09\/Coleccion-de-Monedas-Pokemon-151-SURPRISE-CHINO3-768x357.png 768w, https:\/\/ole-box.com\/wp-content\/uploads\/2025\/09\/Coleccion-de-Monedas-Pokemon-151-SURPRISE-CHINO3-1536x715.png 1536w, https:\/\/ole-box.com\/wp-content\/uploads\/2025\/09\/Coleccion-de-Monedas-Pokemon-151-SURPRISE-CHINO3-2048x953.png 2048w, https:\/\/ole-box.com\/wp-content\/uploads\/2025\/09\/Coleccion-de-Monedas-Pokemon-151-SURPRISE-CHINO3-18x8.png 18w, https:\/\/ole-box.com\/wp-content\/uploads\/2025\/09\/Coleccion-de-Monedas-Pokemon-151-SURPRISE-CHINO3-430x200.png 430w, https:\/\/ole-box.com\/wp-content\/uploads\/2025\/09\/Coleccion-de-Monedas-Pokemon-151-SURPRISE-CHINO3-700x326.png 700w, https:\/\/ole-box.com\/wp-content\/uploads\/2025\/09\/Coleccion-de-Monedas-Pokemon-151-SURPRISE-CHINO3-150x70.png 150w\" sizes=\"(max-width: 1300px) 100vw, 1300px\" \/>\t\t\t\t\t<\/div>\n\n\t\t\t\t\t\t<\/div>\n\t\t\t\t<\/div>\n\t\t\t\t\t<\/div>\n\t\t\t\t<\/div>\n\t\t<div class=\"wd-negative-gap elementor-element elementor-element-95a199a e-flex e-con-boxed e-con e-parent\" data-id=\"95a199a\" data-element_type=\"container\" data-e-type=\"container\">\n\t\t\t\t\t<div class=\"e-con-inner\">\n\t\t\t\t\t<\/div>\n\t\t\t\t<\/div>\n\t\t<div class=\"wd-negative-gap elementor-element elementor-element-4c9ff57 e-flex e-con-boxed e-con e-parent\" data-id=\"4c9ff57\" data-element_type=\"container\" data-e-type=\"container\">\n\t\t\t\t\t<div class=\"e-con-inner\">\n\t\t\t\t\t<\/div>\n\t\t\t\t<\/div>\n\t\t\t\t<\/div>","protected":false},"excerpt":{"rendered":"<p data-start=\"248\" data-end=\"535\">\u2728 <strong data-start=\"250\" data-end=\"278\">Set Sorpresa Pok\u00e9mon 151<\/strong> \u2728<br data-start=\"280\" data-end=\"283\" \/>\u00a1Vive la aventura Pok\u00e9mon con este set exclusivo! Incluye <strong data-start=\"341\" data-end=\"388\">3 sobres aleatorios de la serie Pok\u00e9mon 151<\/strong> + <strong data-start=\"391\" data-end=\"411\">1 moneda al azar<\/strong> (con posibilidad de modelo secreto). Cada apertura es una nueva sorpresa, ideal para coleccionar, intercambiar o regalar.<\/p>\n<p data-start=\"537\" data-end=\"561\"><strong data-start=\"537\" data-end=\"559\">Contenido del set:<\/strong><\/p>\n<ul data-start=\"562\" data-end=\"659\">\n<li data-start=\"562\" data-end=\"611\">\n<p data-start=\"564\" data-end=\"611\">3 sobres aleatorios de la serie <em data-start=\"596\" data-end=\"609\">Pok\u00e9mon 151<\/em><\/p>\n<\/li>\n<li data-start=\"612\" data-end=\"659\">\n<p data-start=\"614\" data-end=\"659\">1 moneda aleatoria (incluye modelo secreto)<\/p>\n<\/li>\n<\/ul>","protected":false},"featured_media":5316,"template":"","meta":{"_eb_attr":""},"product_brand":[33],"product_cat":[22],"product_tag":[58,61],"class_list":{"0":"post-4857","1":"product","2":"type-product","3":"status-publish","4":"has-post-thumbnail","6":"product_brand-pokemon","7":"product_cat-chino","8":"product_tag-ptcg-los-mas-vendidos","9":"product_tag-ptcg-recomendaciones","11":"first","12":"outofstock","13":"sale","14":"shipping-taxable","15":"purchasable","16":"product-type-simple"},"_links":{"self":[{"href":"https:\/\/ole-box.com\/en\/wp-json\/wp\/v2\/product\/4857","targetHints":{"allow":["GET"]}}],"collection":[{"href":"https:\/\/ole-box.com\/en\/wp-json\/wp\/v2\/product"}],"about":[{"href":"https:\/\/ole-box.com\/en\/wp-json\/wp\/v2\/types\/product"}],"version-history":[{"count":24,"href":"https:\/\/ole-box.com\/en\/wp-json\/wp\/v2\/product\/4857\/revisions"}],"predecessor-version":[{"id":6268,"href":"https:\/\/ole-box.com\/en\/wp-json\/wp\/v2\/product\/4857\/revisions\/6268"}],"wp:featuredmedia":[{"embeddable":true,"href":"https:\/\/ole-box.com\/en\/wp-json\/wp\/v2\/media\/5316"}],"wp:attachment":[{"href":"https:\/\/ole-box.com\/en\/wp-json\/wp\/v2\/media?parent=4857"}],"wp:term":[{"taxonomy":"product_brand","embeddable":true,"href":"https:\/\/ole-box.com\/en\/wp-json\/wp\/v2\/product_brand?post=4857"},{"taxonomy":"product_cat","embeddable":true,"href":"https:\/\/ole-box.com\/en\/wp-json\/wp\/v2\/product_cat?post=4857"},{"taxonomy":"product_tag","embeddable":true,"href":"https:\/\/ole-box.com\/en\/wp-json\/wp\/v2\/product_tag?post=4857"}],"curies":[{"name":"wp","href":"https:\/\/api.w.org\/{rel}","templated":true}]}}