{"id":488,"date":"2023-07-17T13:41:19","date_gmt":"2023-07-17T13:41:19","guid":{"rendered":"https:\/\/dummy.xtemos.com\/woodmart2\/games-elementor\/?post_type=product&#038;p=488"},"modified":"2026-02-11T20:09:34","modified_gmt":"2026-02-11T18:09:34","slug":"heat-wave-arena","status":"publish","type":"product","link":"https:\/\/ole-box.com\/en\/shop\/japones\/heat-wave-arena\/","title":{"rendered":"POK\u00c9MON HEAT WAVE ARENA-JAPON\u00c9S SV9A"},"content":{"rendered":"<div data-elementor-type=\"wp-post\" data-elementor-id=\"488\" class=\"elementor elementor-488\" data-elementor-post-type=\"product\">\n\t\t\t\t<div class=\"wd-negative-gap elementor-element elementor-element-2abd7eb e-flex e-con-boxed e-con e-parent\" data-id=\"2abd7eb\" data-element_type=\"container\" data-e-type=\"container\">\n\t\t\t\t\t<div class=\"e-con-inner\">\n\t\t\t\t<div class=\"elementor-element elementor-element-f9cf0e8 wd-width-100 elementor-widget elementor-widget-wd_images_gallery\" data-id=\"f9cf0e8\" data-element_type=\"widget\" data-e-type=\"widget\" data-widget_type=\"wd_images_gallery.default\">\n\t\t\t\t<div class=\"elementor-widget-container\">\n\t\t\t\t\t\t\t<div class=\"wd-images-gallery photoswipe-images wd-carousel-container\" style=\"--wd-align-items:center; --wd-justify-content:center;\">\n\t\t\t\t\t\t\t<div class=\"wd-carousel-inner\">\n\t\t\t\t\t\t<div class=\"wd-carousel wd-grid\" data-scroll_per_page=\"yes\" style=\"--wd-col-lg:5;--wd-col-md:3;--wd-col-sm:3;--wd-gap-lg:0px;\">\n\t\t\t\t\t\t\t\t\t<div class=\"wd-carousel-wrap\">\n\t\t\t\t\t\t\t\t\t\t\t\t\t\t\t\t\t\t\t\t\t\t\t\t\t\t\t\t\t\t\t\t\t\t\t\t\t\t\t\t\t\t\t\t\t\t\t\t\t\t\t\t\t\t\t\t\t\t\t\t\t\t\t\t<\/div>\n\t\t\t\t\t\t\t\t<\/div>\n\t\t\t\t\t\t\t\t\t\t\t\t\t\t<div class=\"wd-nav-arrows wd-pos-sep wd-hover-1 wd-icon-1\">\n\t\t\t<div class=\"wd-btn-arrow wd-prev wd-disabled\">\n\t\t\t\t<div class=\"wd-arrow-inner\"><\/div>\n\t\t\t<\/div>\n\t\t\t<div class=\"wd-btn-arrow wd-next\">\n\t\t\t\t<div class=\"wd-arrow-inner\"><\/div>\n\t\t\t<\/div>\n\t\t<\/div>\n\t\t\t\t\t\t\n\t\t\t\t<\/div>\n\n\t\t\t\t\t\t\t\t\t\t\t\t\t<\/div>\n\t\t\t\t\t\t<\/div>\n\t\t\t\t<\/div>\n\t\t\t\t<div class=\"elementor-element elementor-element-ef32e35 wd-width-100 elementor-widget elementor-widget-wd_images_gallery\" data-id=\"ef32e35\" data-element_type=\"widget\" data-e-type=\"widget\" data-widget_type=\"wd_images_gallery.default\">\n\t\t\t\t<div class=\"elementor-widget-container\">\n\t\t\t\t\t\t\t<div class=\"wd-images-gallery photoswipe-images wd-carousel-container\" style=\"--wd-align-items:center; --wd-justify-content:center;\">\n\t\t\t\t\t\t\t<div class=\"wd-carousel-inner\">\n\t\t\t\t\t\t<div class=\"wd-carousel wd-grid\" data-scroll_per_page=\"yes\" style=\"--wd-col-lg:5;--wd-col-md:3;--wd-col-sm:3;--wd-gap-lg:0px;\">\n\t\t\t\t\t\t\t\t\t<div class=\"wd-carousel-wrap\">\n\t\t\t\t\t\t\t\t\t\t\t\t\t\t\t\t\t\t\t\t\t\t\t\t\t\t\t\t\t\t\t\t\t\t\t\t\t\t\t<\/div>\n\t\t\t\t\t\t\t\t<\/div>\n\t\t\t\t\t\t\t\t\t\t\t\t\t\t<div class=\"wd-nav-arrows wd-pos-sep wd-hover-1 wd-icon-1\">\n\t\t\t<div class=\"wd-btn-arrow wd-prev wd-disabled\">\n\t\t\t\t<div class=\"wd-arrow-inner\"><\/div>\n\t\t\t<\/div>\n\t\t\t<div class=\"wd-btn-arrow wd-next\">\n\t\t\t\t<div class=\"wd-arrow-inner\"><\/div>\n\t\t\t<\/div>\n\t\t<\/div>\n\t\t\t\t\t\t\n\t\t\t\t<\/div>\n\n\t\t\t\t\t\t\t\t\t\t\t\t\t<\/div>\n\t\t\t\t\t\t<\/div>\n\t\t\t\t<\/div>\n\t\t\t\t\t<\/div>\n\t\t\t\t<\/div>\n\t\t<div class=\"wd-negative-gap elementor-element elementor-element-cd6adee e-flex e-con-boxed e-con e-parent\" data-id=\"cd6adee\" data-element_type=\"container\" data-e-type=\"container\">\n\t\t\t\t\t<div class=\"e-con-inner\">\n\t\t\t\t<div class=\"elementor-element elementor-element-5e8d4c3 elementor-widget elementor-widget-wd_text_block\" data-id=\"5e8d4c3\" data-element_type=\"widget\" data-e-type=\"widget\" data-widget_type=\"wd_text_block.default\">\n\t\t\t\t<div class=\"elementor-widget-container\">\n\t\t\t\t\t\t\t<div class=\"wd-text-block reset-last-child text-left\">\n\t\t\t\n\t\t\t<h3 class=\"p1\"><b>Descripci\u00f3n: <\/b><\/h3><h3 class=\"p1\"><b>cartas especiales incluidas en los sobres<\/b><span class=\"s1\"><b>\uff1a<\/b><\/span><\/h3><p>\u00a0<\/p>\n\t\t\t\t\t<\/div>\n\t\t\t\t\t\t<\/div>\n\t\t\t\t<\/div>\n\t\t\t\t\t<\/div>\n\t\t\t\t<\/div>\n\t\t<div class=\"wd-negative-gap elementor-element elementor-element-97fd017 e-flex e-con-boxed e-con e-parent\" data-id=\"97fd017\" data-element_type=\"container\" data-e-type=\"container\">\n\t\t\t\t\t<div class=\"e-con-inner\">\n\t\t\t\t<div class=\"elementor-element elementor-element-9ebaecd elementor-widget elementor-widget-wd_image_or_svg\" data-id=\"9ebaecd\" data-element_type=\"widget\" data-e-type=\"widget\" data-widget_type=\"wd_image_or_svg.default\">\n\t\t\t\t<div class=\"elementor-widget-container\">\n\t\t\t\t\t\n\t\t<div class=\"wd-image text-center\">\n\t\t\t\t\t\t\t\t<img fetchpriority=\"high\" decoding=\"async\" width=\"1500\" height=\"419\" src=\"https:\/\/ole-box.com\/wp-content\/uploads\/2023\/07\/POKEMON-HEAT-WAVE-ARENA-JAPONES-SV9A-1-.png\" class=\"attachment-full size-full\" alt=\"\" srcset=\"https:\/\/ole-box.com\/wp-content\/uploads\/2023\/07\/POKEMON-HEAT-WAVE-ARENA-JAPONES-SV9A-1-.png 1500w, https:\/\/ole-box.com\/wp-content\/uploads\/2023\/07\/POKEMON-HEAT-WAVE-ARENA-JAPONES-SV9A-1--400x112.png 400w, https:\/\/ole-box.com\/wp-content\/uploads\/2023\/07\/POKEMON-HEAT-WAVE-ARENA-JAPONES-SV9A-1--1300x363.png 1300w, https:\/\/ole-box.com\/wp-content\/uploads\/2023\/07\/POKEMON-HEAT-WAVE-ARENA-JAPONES-SV9A-1--768x215.png 768w, https:\/\/ole-box.com\/wp-content\/uploads\/2023\/07\/POKEMON-HEAT-WAVE-ARENA-JAPONES-SV9A-1--18x5.png 18w, https:\/\/ole-box.com\/wp-content\/uploads\/2023\/07\/POKEMON-HEAT-WAVE-ARENA-JAPONES-SV9A-1--430x120.png 430w, https:\/\/ole-box.com\/wp-content\/uploads\/2023\/07\/POKEMON-HEAT-WAVE-ARENA-JAPONES-SV9A-1--700x196.png 700w, https:\/\/ole-box.com\/wp-content\/uploads\/2023\/07\/POKEMON-HEAT-WAVE-ARENA-JAPONES-SV9A-1--150x42.png 150w\" sizes=\"(max-width: 1500px) 100vw, 1500px\" \/>\t\t\t\t\t<\/div>\n\n\t\t\t\t\t\t<\/div>\n\t\t\t\t<\/div>\n\t\t\t\t<div class=\"elementor-element elementor-element-e1c1fa1 elementor-widget elementor-widget-wd_image_or_svg\" data-id=\"e1c1fa1\" data-element_type=\"widget\" data-e-type=\"widget\" data-widget_type=\"wd_image_or_svg.default\">\n\t\t\t\t<div class=\"elementor-widget-container\">\n\t\t\t\t\t\n\t\t<div class=\"wd-image text-center\">\n\t\t\t\t\t\t\t\t<img decoding=\"async\" width=\"1200\" height=\"419\" src=\"https:\/\/ole-box.com\/wp-content\/uploads\/2023\/07\/POKEMON-HEAT-WAVE-ARENA-JAPONES-SV9A-2-.png\" class=\"attachment-full size-full\" alt=\"\" srcset=\"https:\/\/ole-box.com\/wp-content\/uploads\/2023\/07\/POKEMON-HEAT-WAVE-ARENA-JAPONES-SV9A-2-.png 1200w, https:\/\/ole-box.com\/wp-content\/uploads\/2023\/07\/POKEMON-HEAT-WAVE-ARENA-JAPONES-SV9A-2--400x140.png 400w, https:\/\/ole-box.com\/wp-content\/uploads\/2023\/07\/POKEMON-HEAT-WAVE-ARENA-JAPONES-SV9A-2--768x268.png 768w, https:\/\/ole-box.com\/wp-content\/uploads\/2023\/07\/POKEMON-HEAT-WAVE-ARENA-JAPONES-SV9A-2--18x6.png 18w, https:\/\/ole-box.com\/wp-content\/uploads\/2023\/07\/POKEMON-HEAT-WAVE-ARENA-JAPONES-SV9A-2--430x150.png 430w, https:\/\/ole-box.com\/wp-content\/uploads\/2023\/07\/POKEMON-HEAT-WAVE-ARENA-JAPONES-SV9A-2--700x244.png 700w, https:\/\/ole-box.com\/wp-content\/uploads\/2023\/07\/POKEMON-HEAT-WAVE-ARENA-JAPONES-SV9A-2--150x52.png 150w\" sizes=\"(max-width: 1200px) 100vw, 1200px\" \/>\t\t\t\t\t<\/div>\n\n\t\t\t\t\t\t<\/div>\n\t\t\t\t<\/div>\n\t\t\t\t\t<\/div>\n\t\t\t\t<\/div>\n\t\t\t\t<\/div>","protected":false},"excerpt":{"rendered":"<p data-start=\"487\" data-end=\"570\">\ud83d\udd25Caja de expansi\u00f3n Pok\u00e9mon TCG <em data-start=\"539\" data-end=\"565\">Arena de Viento Ardiente<\/em>\ud83d\udd25<\/p>\n<p data-start=\"572\" data-end=\"950\">\u26a1 \u00a1La nueva expansi\u00f3n japonesa del TCG de Pok\u00e9mon <strong data-start=\"622\" data-end=\"652\">\u201cArena de Viento Ardiente\u201d<\/strong> ya est\u00e1 aqu\u00ed!<br data-start=\"666\" data-end=\"669\" \/>Esta serie tiene como protagonista al legendario <strong data-start=\"718\" data-end=\"727\">Ho-Oh<\/strong>, acompa\u00f1ado de poderosos entrenadores que encienden la intensidad del campo de batalla. Con un dise\u00f1o ardiente y tem\u00e1tico de competencia, esta colecci\u00f3n ofrece un gran valor tanto para coleccionistas como para jugadores.<\/p>\n<p data-start=\"572\" data-end=\"950\">\ud83c\udf1fIncluye 30 sobres con 5 cartas por sobre.<\/p>","protected":false},"featured_media":6037,"template":"","meta":{"_eb_attr":""},"product_brand":[33],"product_cat":[20],"product_tag":[58,61],"class_list":{"0":"post-488","1":"product","2":"type-product","3":"status-publish","4":"has-post-thumbnail","6":"product_brand-pokemon","7":"product_cat-japones","8":"product_tag-ptcg-los-mas-vendidos","9":"product_tag-ptcg-recomendaciones","11":"first","12":"instock","13":"featured","14":"shipping-taxable","15":"purchasable","16":"product-type-variable"},"_links":{"self":[{"href":"https:\/\/ole-box.com\/en\/wp-json\/wp\/v2\/product\/488","targetHints":{"allow":["GET"]}}],"collection":[{"href":"https:\/\/ole-box.com\/en\/wp-json\/wp\/v2\/product"}],"about":[{"href":"https:\/\/ole-box.com\/en\/wp-json\/wp\/v2\/types\/product"}],"version-history":[{"count":14,"href":"https:\/\/ole-box.com\/en\/wp-json\/wp\/v2\/product\/488\/revisions"}],"predecessor-version":[{"id":6042,"href":"https:\/\/ole-box.com\/en\/wp-json\/wp\/v2\/product\/488\/revisions\/6042"}],"wp:featuredmedia":[{"embeddable":true,"href":"https:\/\/ole-box.com\/en\/wp-json\/wp\/v2\/media\/6037"}],"wp:attachment":[{"href":"https:\/\/ole-box.com\/en\/wp-json\/wp\/v2\/media?parent=488"}],"wp:term":[{"taxonomy":"product_brand","embeddable":true,"href":"https:\/\/ole-box.com\/en\/wp-json\/wp\/v2\/product_brand?post=488"},{"taxonomy":"product_cat","embeddable":true,"href":"https:\/\/ole-box.com\/en\/wp-json\/wp\/v2\/product_cat?post=488"},{"taxonomy":"product_tag","embeddable":true,"href":"https:\/\/ole-box.com\/en\/wp-json\/wp\/v2\/product_tag?post=488"}],"curies":[{"name":"wp","href":"https:\/\/api.w.org\/{rel}","templated":true}]}}