{"id":4893,"date":"2025-09-05T14:28:00","date_gmt":"2025-09-05T12:28:00","guid":{"rendered":"https:\/\/ole-box.com\/?post_type=product&#038;p=4893"},"modified":"2026-01-19T14:47:04","modified_gmt":"2026-01-19T12:47:04","slug":"pokemon-simplified-gengar-card-display-random-gift-set-chino","status":"publish","type":"product","link":"https:\/\/ole-box.com\/en\/shop\/chino\/pokemon-simplified-gengar-card-display-random-gift-set-chino\/","title":{"rendered":"POKEMON SIMPLIFIED GENGAR CARD DISPLAY RANDOM GIFT SET-CHINO"},"content":{"rendered":"<div data-elementor-type=\"product-post\" data-elementor-id=\"4893\" class=\"elementor elementor-4893\" data-elementor-post-type=\"product\">\n\t\t\t\t<div class=\"wd-negative-gap elementor-element elementor-element-656f4fa e-flex e-con-boxed e-con e-parent\" data-id=\"656f4fa\" data-element_type=\"container\" data-e-type=\"container\">\n\t\t\t\t\t<div class=\"e-con-inner\">\n\t\t\t\t<div class=\"elementor-element elementor-element-93a2a94 elementor-widget elementor-widget-wd_text_block\" data-id=\"93a2a94\" data-element_type=\"widget\" data-e-type=\"widget\" data-widget_type=\"wd_text_block.default\">\n\t\t\t\t<div class=\"elementor-widget-container\">\n\t\t\t\t\t\t\t<div class=\"wd-text-block reset-last-child text-center\">\n\t\t\t\n\t\t\t<h4 class=\"p1\"><b>Descripci\u00f3n: cartas especiales incluidas en los sobres<\/b><span class=\"s1\"><b>\uff1a<\/b><\/span><\/h4>\n\t\t\t\t\t<\/div>\n\t\t\t\t\t\t<\/div>\n\t\t\t\t<\/div>\n\t\t\t\t<div class=\"elementor-element elementor-element-2f80d50 elementor-widget elementor-widget-wd_image_or_svg\" data-id=\"2f80d50\" data-element_type=\"widget\" data-e-type=\"widget\" data-widget_type=\"wd_image_or_svg.default\">\n\t\t\t\t<div class=\"elementor-widget-container\">\n\t\t\t\t\t\n\t\t<div class=\"wd-image text-center\">\n\t\t\t\t\t\t\t\t<img fetchpriority=\"high\" decoding=\"async\" width=\"830\" height=\"800\" src=\"https:\/\/ole-box.com\/wp-content\/uploads\/2025\/09\/POKEMON-SIMPLIFIED-GENGAR-CARD-1-830x800.jpg\" class=\"attachment-large size-large\" alt=\"\" srcset=\"https:\/\/ole-box.com\/wp-content\/uploads\/2025\/09\/POKEMON-SIMPLIFIED-GENGAR-CARD-1-830x800.jpg 830w, https:\/\/ole-box.com\/wp-content\/uploads\/2025\/09\/POKEMON-SIMPLIFIED-GENGAR-CARD-1-311x300.jpg 311w, https:\/\/ole-box.com\/wp-content\/uploads\/2025\/09\/POKEMON-SIMPLIFIED-GENGAR-CARD-1-768x740.jpg 768w, https:\/\/ole-box.com\/wp-content\/uploads\/2025\/09\/POKEMON-SIMPLIFIED-GENGAR-CARD-1-1536x1480.jpg 1536w, https:\/\/ole-box.com\/wp-content\/uploads\/2025\/09\/POKEMON-SIMPLIFIED-GENGAR-CARD-1-2048x1974.jpg 2048w, https:\/\/ole-box.com\/wp-content\/uploads\/2025\/09\/POKEMON-SIMPLIFIED-GENGAR-CARD-1-12x12.jpg 12w, https:\/\/ole-box.com\/wp-content\/uploads\/2025\/09\/POKEMON-SIMPLIFIED-GENGAR-CARD-1-430x414.jpg 430w, https:\/\/ole-box.com\/wp-content\/uploads\/2025\/09\/POKEMON-SIMPLIFIED-GENGAR-CARD-1-700x675.jpg 700w, https:\/\/ole-box.com\/wp-content\/uploads\/2025\/09\/POKEMON-SIMPLIFIED-GENGAR-CARD-1-150x145.jpg 150w\" sizes=\"(max-width: 830px) 100vw, 830px\" \/>\t\t\t\t\t<\/div>\n\n\t\t\t\t\t\t<\/div>\n\t\t\t\t<\/div>\n\t\t\t\t<div class=\"elementor-element elementor-element-78bfe72 elementor-widget elementor-widget-wd_image_or_svg\" data-id=\"78bfe72\" data-element_type=\"widget\" data-e-type=\"widget\" data-widget_type=\"wd_image_or_svg.default\">\n\t\t\t\t<div class=\"elementor-widget-container\">\n\t\t\t\t\t\n\t\t<div class=\"wd-image text-center\">\n\t\t\t\t\t\t\t\t<img decoding=\"async\" width=\"215\" height=\"300\" src=\"https:\/\/ole-box.com\/wp-content\/uploads\/2025\/09\/POKEMON-SIMPLIFIED-GENGAR-CARD2-1-215x300.png\" class=\"attachment-medium size-medium\" alt=\"\" srcset=\"https:\/\/ole-box.com\/wp-content\/uploads\/2025\/09\/POKEMON-SIMPLIFIED-GENGAR-CARD2-1-215x300.png 215w, https:\/\/ole-box.com\/wp-content\/uploads\/2025\/09\/POKEMON-SIMPLIFIED-GENGAR-CARD2-1-573x800.png 573w, https:\/\/ole-box.com\/wp-content\/uploads\/2025\/09\/POKEMON-SIMPLIFIED-GENGAR-CARD2-1-768x1072.png 768w, https:\/\/ole-box.com\/wp-content\/uploads\/2025\/09\/POKEMON-SIMPLIFIED-GENGAR-CARD2-1-9x12.png 9w, https:\/\/ole-box.com\/wp-content\/uploads\/2025\/09\/POKEMON-SIMPLIFIED-GENGAR-CARD2-1-430x600.png 430w, https:\/\/ole-box.com\/wp-content\/uploads\/2025\/09\/POKEMON-SIMPLIFIED-GENGAR-CARD2-1-700x977.png 700w, https:\/\/ole-box.com\/wp-content\/uploads\/2025\/09\/POKEMON-SIMPLIFIED-GENGAR-CARD2-1-150x209.png 150w, https:\/\/ole-box.com\/wp-content\/uploads\/2025\/09\/POKEMON-SIMPLIFIED-GENGAR-CARD2-1.png 868w\" sizes=\"(max-width: 215px) 100vw, 215px\" \/>\t\t\t\t\t<\/div>\n\n\t\t\t\t\t\t<\/div>\n\t\t\t\t<\/div>\n\t\t\t\t<div class=\"elementor-element elementor-element-424845b elementor-widget elementor-widget-wd_text_block\" data-id=\"424845b\" data-element_type=\"widget\" data-e-type=\"widget\" data-widget_type=\"wd_text_block.default\">\n\t\t\t\t<div class=\"elementor-widget-container\">\n\t\t\t\t\t\t\t<div class=\"wd-text-block reset-last-child text-center\">\n\t\t\t\n\t\t\t<h4>1 funda de silicona tem\u00e1tica Pok\u00e9mon para exhibici\u00f3n de cartas\uff1a<\/h4>\n\t\t\t\t\t<\/div>\n\t\t\t\t\t\t<\/div>\n\t\t\t\t<\/div>\n\t\t\t\t\t<\/div>\n\t\t\t\t<\/div>\n\t\t<div class=\"wd-negative-gap elementor-element elementor-element-07eb0b2 e-flex e-con-boxed e-con e-parent\" data-id=\"07eb0b2\" data-element_type=\"container\" data-e-type=\"container\">\n\t\t\t\t\t<div class=\"e-con-inner\">\n\t\t\t\t<div class=\"elementor-element elementor-element-461f708 elementor-widget elementor-widget-wd_image_or_svg\" data-id=\"461f708\" data-element_type=\"widget\" data-e-type=\"widget\" data-widget_type=\"wd_image_or_svg.default\">\n\t\t\t\t<div class=\"elementor-widget-container\">\n\t\t\t\t\t\n\t\t<div class=\"wd-image text-center\">\n\t\t\t\t\t\t\t\t<img decoding=\"async\" width=\"979\" height=\"800\" src=\"https:\/\/ole-box.com\/wp-content\/uploads\/2025\/09\/POKEMON-SIMPLIFIED-GENGAR-CARD3-1-979x800.jpg\" class=\"attachment-large size-large\" alt=\"\" srcset=\"https:\/\/ole-box.com\/wp-content\/uploads\/2025\/09\/POKEMON-SIMPLIFIED-GENGAR-CARD3-1-979x800.jpg 979w, https:\/\/ole-box.com\/wp-content\/uploads\/2025\/09\/POKEMON-SIMPLIFIED-GENGAR-CARD3-1-367x300.jpg 367w, https:\/\/ole-box.com\/wp-content\/uploads\/2025\/09\/POKEMON-SIMPLIFIED-GENGAR-CARD3-1-768x627.jpg 768w, https:\/\/ole-box.com\/wp-content\/uploads\/2025\/09\/POKEMON-SIMPLIFIED-GENGAR-CARD3-1-15x12.jpg 15w, https:\/\/ole-box.com\/wp-content\/uploads\/2025\/09\/POKEMON-SIMPLIFIED-GENGAR-CARD3-1-430x351.jpg 430w, https:\/\/ole-box.com\/wp-content\/uploads\/2025\/09\/POKEMON-SIMPLIFIED-GENGAR-CARD3-1-700x572.jpg 700w, https:\/\/ole-box.com\/wp-content\/uploads\/2025\/09\/POKEMON-SIMPLIFIED-GENGAR-CARD3-1-150x123.jpg 150w, https:\/\/ole-box.com\/wp-content\/uploads\/2025\/09\/POKEMON-SIMPLIFIED-GENGAR-CARD3-1.jpg 1000w\" sizes=\"(max-width: 979px) 100vw, 979px\" \/>\t\t\t\t\t<\/div>\n\n\t\t\t\t\t\t<\/div>\n\t\t\t\t<\/div>\n\t\t\t\t<div class=\"elementor-element elementor-element-17176da elementor-widget elementor-widget-wd_text_block\" data-id=\"17176da\" data-element_type=\"widget\" data-e-type=\"widget\" data-widget_type=\"wd_text_block.default\">\n\t\t\t\t<div class=\"elementor-widget-container\">\n\t\t\t\t\t\t\t<div class=\"wd-text-block reset-last-child text-center\">\n\t\t\t\n\t\t\t<h4>Modelo secreto<\/h4>\n\t\t\t\t\t<\/div>\n\t\t\t\t\t\t<\/div>\n\t\t\t\t<\/div>\n\t\t\t\t<div class=\"elementor-element elementor-element-d49bf68 elementor-widget elementor-widget-wd_image_or_svg\" data-id=\"d49bf68\" data-element_type=\"widget\" data-e-type=\"widget\" data-widget_type=\"wd_image_or_svg.default\">\n\t\t\t\t<div class=\"elementor-widget-container\">\n\t\t\t\t\t\n\t\t<div class=\"wd-image text-center\">\n\t\t\t\t\t\t\t\t<img loading=\"lazy\" decoding=\"async\" width=\"574\" height=\"567\" src=\"https:\/\/ole-box.com\/wp-content\/uploads\/2025\/09\/POKEMON-SIMPLIFIED-GENGAR-CARD4-1.jpg\" class=\"attachment-large size-large\" alt=\"\" srcset=\"https:\/\/ole-box.com\/wp-content\/uploads\/2025\/09\/POKEMON-SIMPLIFIED-GENGAR-CARD4-1.jpg 574w, https:\/\/ole-box.com\/wp-content\/uploads\/2025\/09\/POKEMON-SIMPLIFIED-GENGAR-CARD4-1-304x300.jpg 304w, https:\/\/ole-box.com\/wp-content\/uploads\/2025\/09\/POKEMON-SIMPLIFIED-GENGAR-CARD4-1-12x12.jpg 12w, https:\/\/ole-box.com\/wp-content\/uploads\/2025\/09\/POKEMON-SIMPLIFIED-GENGAR-CARD4-1-430x425.jpg 430w, https:\/\/ole-box.com\/wp-content\/uploads\/2025\/09\/POKEMON-SIMPLIFIED-GENGAR-CARD4-1-150x148.jpg 150w\" sizes=\"(max-width: 574px) 100vw, 574px\" \/>\t\t\t\t\t<\/div>\n\n\t\t\t\t\t\t<\/div>\n\t\t\t\t<\/div>\n\t\t\t\t\t<\/div>\n\t\t\t\t<\/div>\n\t\t\t\t<\/div>","protected":false},"excerpt":{"rendered":"<h3 data-start=\"28\" data-end=\"61\">Contenido del set<\/h3>\n<ol data-start=\"62\" data-end=\"399\">\n<li data-start=\"62\" data-end=\"190\">\n<p data-start=\"65\" data-end=\"190\">1 carta hologr\u00e1fica especial Pok\u00e9mon aleatoria (puede ser una versi\u00f3n normal o una versi\u00f3n secreta de ilustraci\u00f3n especial)<\/p>\n<\/li>\n<li data-start=\"191\" data-end=\"258\">\n<p data-start=\"194\" data-end=\"258\">1 funda de silicona tem\u00e1tica Pok\u00e9mon para exhibici\u00f3n de cartas<\/p>\n<\/li>\n<li data-start=\"259\" data-end=\"294\">\n<p data-start=\"262\" data-end=\"294\">1 funda protectora para cartas<\/p>\n<\/li>\n<li data-start=\"295\" data-end=\"332\">\n<p data-start=\"298\" data-end=\"332\">1 funda transparente para cartas<\/p>\n<\/li>\n<li data-start=\"333\" data-end=\"399\">\n<p data-start=\"336\" data-end=\"399\">1 sobre de expansi\u00f3n <em data-start=\"357\" data-end=\"385\">\u201cSombra del Mar Esmeralda\u201d<\/em> (25 cartas)<\/p>\n<\/li>\n<\/ol>","protected":false},"featured_media":4895,"template":"","meta":{"_eb_attr":""},"product_brand":[33],"product_cat":[22],"product_tag":[58],"class_list":{"0":"post-4893","1":"product","2":"type-product","3":"status-publish","4":"has-post-thumbnail","6":"product_brand-pokemon","7":"product_cat-chino","8":"product_tag-ptcg-los-mas-vendidos","10":"first","11":"onbackorder","12":"sale","13":"shipping-taxable","14":"purchasable","15":"product-type-simple"},"_links":{"self":[{"href":"https:\/\/ole-box.com\/en\/wp-json\/wp\/v2\/product\/4893","targetHints":{"allow":["GET"]}}],"collection":[{"href":"https:\/\/ole-box.com\/en\/wp-json\/wp\/v2\/product"}],"about":[{"href":"https:\/\/ole-box.com\/en\/wp-json\/wp\/v2\/types\/product"}],"version-history":[{"count":7,"href":"https:\/\/ole-box.com\/en\/wp-json\/wp\/v2\/product\/4893\/revisions"}],"predecessor-version":[{"id":6260,"href":"https:\/\/ole-box.com\/en\/wp-json\/wp\/v2\/product\/4893\/revisions\/6260"}],"wp:featuredmedia":[{"embeddable":true,"href":"https:\/\/ole-box.com\/en\/wp-json\/wp\/v2\/media\/4895"}],"wp:attachment":[{"href":"https:\/\/ole-box.com\/en\/wp-json\/wp\/v2\/media?parent=4893"}],"wp:term":[{"taxonomy":"product_brand","embeddable":true,"href":"https:\/\/ole-box.com\/en\/wp-json\/wp\/v2\/product_brand?post=4893"},{"taxonomy":"product_cat","embeddable":true,"href":"https:\/\/ole-box.com\/en\/wp-json\/wp\/v2\/product_cat?post=4893"},{"taxonomy":"product_tag","embeddable":true,"href":"https:\/\/ole-box.com\/en\/wp-json\/wp\/v2\/product_tag?post=4893"}],"curies":[{"name":"wp","href":"https:\/\/api.w.org\/{rel}","templated":true}]}}