{"id":491,"date":"2023-07-17T13:41:19","date_gmt":"2023-07-17T13:41:19","guid":{"rendered":"https:\/\/dummy.xtemos.com\/woodmart2\/games-elementor\/?post_type=product&#038;p=491"},"modified":"2026-05-10T18:11:25","modified_gmt":"2026-05-10T16:11:25","slug":"the-last-of-us-part-ii","status":"publish","type":"product","link":"https:\/\/ole-box.com\/en\/shop\/coreano\/the-last-of-us-part-ii\/","title":{"rendered":"POK\u00c9MON VSTAR UNIVERSE-COREANO S12A"},"content":{"rendered":"","protected":false},"excerpt":{"rendered":"<p>\u2728\u3010Cartas Coleccionables Pok\u00e9mon: VSTAR Universe\u3011\u2728<br data-start=\"281\" data-end=\"284\" \/>La nueva serie <strong data-start=\"299\" data-end=\"319\">\u201cVSTAR Universe\u201d<\/strong> trae a los Pok\u00e9mon legendarios y a las cartas VSTAR en una colecci\u00f3n \u00e9pica llena de poder y estilo. Con cartas brillantes raras y dise\u00f1os impresionantes, cada paquete ofrece emoci\u00f3n y estrategia para coleccionistas y jugadores.<\/p>\n<p>\ud83c\udf1fIncluye 10 sobres con 10 cartas por sobre.<\/p>","protected":false},"featured_media":6201,"template":"","meta":{"_eb_attr":""},"product_brand":[33],"product_cat":[21],"product_tag":[],"class_list":{"0":"post-491","1":"product","2":"type-product","3":"status-publish","4":"has-post-thumbnail","6":"product_brand-pokemon","7":"product_cat-coreano","9":"first","10":"instock","11":"shipping-taxable","12":"purchasable","13":"product-type-variable"},"_links":{"self":[{"href":"https:\/\/ole-box.com\/en\/wp-json\/wp\/v2\/product\/491","targetHints":{"allow":["GET"]}}],"collection":[{"href":"https:\/\/ole-box.com\/en\/wp-json\/wp\/v2\/product"}],"about":[{"href":"https:\/\/ole-box.com\/en\/wp-json\/wp\/v2\/types\/product"}],"version-history":[{"count":5,"href":"https:\/\/ole-box.com\/en\/wp-json\/wp\/v2\/product\/491\/revisions"}],"predecessor-version":[{"id":3552,"href":"https:\/\/ole-box.com\/en\/wp-json\/wp\/v2\/product\/491\/revisions\/3552"}],"wp:featuredmedia":[{"embeddable":true,"href":"https:\/\/ole-box.com\/en\/wp-json\/wp\/v2\/media\/6201"}],"wp:attachment":[{"href":"https:\/\/ole-box.com\/en\/wp-json\/wp\/v2\/media?parent=491"}],"wp:term":[{"taxonomy":"product_brand","embeddable":true,"href":"https:\/\/ole-box.com\/en\/wp-json\/wp\/v2\/product_brand?post=491"},{"taxonomy":"product_cat","embeddable":true,"href":"https:\/\/ole-box.com\/en\/wp-json\/wp\/v2\/product_cat?post=491"},{"taxonomy":"product_tag","embeddable":true,"href":"https:\/\/ole-box.com\/en\/wp-json\/wp\/v2\/product_tag?post=491"}],"curies":[{"name":"wp","href":"https:\/\/api.w.org\/{rel}","templated":true}]}}