{"id":4920,"date":"2025-09-05T20:21:00","date_gmt":"2025-09-05T18:21:00","guid":{"rendered":"https:\/\/ole-box.com\/?post_type=product&#038;p=4920"},"modified":"2026-01-19T14:46:55","modified_gmt":"2026-01-19T12:46:55","slug":"pokemon-simplified-eevee-card-display-random-gift-set-chino","status":"publish","type":"product","link":"https:\/\/ole-box.com\/en\/shop\/chino\/pokemon-simplified-eevee-card-display-random-gift-set-chino\/","title":{"rendered":"POKEMON SIMPLIFIED EEVEE CARD DISPLAY RANDOM GIFT SET-CHINO"},"content":{"rendered":"<div data-elementor-type=\"product-post\" data-elementor-id=\"4920\" class=\"elementor elementor-4920\" data-elementor-post-type=\"product\">\n\t\t\t\t<div class=\"wd-negative-gap elementor-element elementor-element-4c38284 e-flex e-con-boxed e-con e-parent\" data-id=\"4c38284\" data-element_type=\"container\" data-e-type=\"container\">\n\t\t\t\t\t<div class=\"e-con-inner\">\n\t\t\t\t<div class=\"elementor-element elementor-element-b2151a9 elementor-widget elementor-widget-wd_text_block\" data-id=\"b2151a9\" data-element_type=\"widget\" data-e-type=\"widget\" data-widget_type=\"wd_text_block.default\">\n\t\t\t\t<div class=\"elementor-widget-container\">\n\t\t\t\t\t\t\t<div class=\"wd-text-block reset-last-child text-center\">\n\t\t\t\n\t\t\t<h4 class=\"p1\"><b>Descripci\u00f3n: cartas especiales incluidas en los sobres<\/b><span class=\"s1\"><b>\uff1a<\/b><\/span><\/h4>\n\t\t\t\t\t<\/div>\n\t\t\t\t\t\t<\/div>\n\t\t\t\t<\/div>\n\t\t\t\t\t<\/div>\n\t\t\t\t<\/div>\n\t\t<div class=\"wd-negative-gap elementor-element elementor-element-4348e1d e-flex e-con-boxed e-con e-parent\" data-id=\"4348e1d\" data-element_type=\"container\" data-e-type=\"container\">\n\t\t\t\t\t<div class=\"e-con-inner\">\n\t\t\t\t<div class=\"elementor-element elementor-element-7e71e0f elementor-widget elementor-widget-wd_image_or_svg\" data-id=\"7e71e0f\" data-element_type=\"widget\" data-e-type=\"widget\" data-widget_type=\"wd_image_or_svg.default\">\n\t\t\t\t<div class=\"elementor-widget-container\">\n\t\t\t\t\t\n\t\t<div class=\"wd-image text-center\">\n\t\t\t\t\t\t\t\t<img fetchpriority=\"high\" decoding=\"async\" width=\"1300\" height=\"454\" src=\"https:\/\/ole-box.com\/wp-content\/uploads\/2025\/09\/POKEMON-SIMPLIFIED-EEVEE-CARD-DISPLAY-RANDOM-GIFT-SET-CHINO2-1300x454.jpg\" class=\"attachment-large size-large\" alt=\"\" srcset=\"https:\/\/ole-box.com\/wp-content\/uploads\/2025\/09\/POKEMON-SIMPLIFIED-EEVEE-CARD-DISPLAY-RANDOM-GIFT-SET-CHINO2-1300x454.jpg 1300w, https:\/\/ole-box.com\/wp-content\/uploads\/2025\/09\/POKEMON-SIMPLIFIED-EEVEE-CARD-DISPLAY-RANDOM-GIFT-SET-CHINO2-400x140.jpg 400w, https:\/\/ole-box.com\/wp-content\/uploads\/2025\/09\/POKEMON-SIMPLIFIED-EEVEE-CARD-DISPLAY-RANDOM-GIFT-SET-CHINO2-768x268.jpg 768w, https:\/\/ole-box.com\/wp-content\/uploads\/2025\/09\/POKEMON-SIMPLIFIED-EEVEE-CARD-DISPLAY-RANDOM-GIFT-SET-CHINO2-1536x536.jpg 1536w, https:\/\/ole-box.com\/wp-content\/uploads\/2025\/09\/POKEMON-SIMPLIFIED-EEVEE-CARD-DISPLAY-RANDOM-GIFT-SET-CHINO2-2048x715.jpg 2048w, https:\/\/ole-box.com\/wp-content\/uploads\/2025\/09\/POKEMON-SIMPLIFIED-EEVEE-CARD-DISPLAY-RANDOM-GIFT-SET-CHINO2-18x6.jpg 18w, https:\/\/ole-box.com\/wp-content\/uploads\/2025\/09\/POKEMON-SIMPLIFIED-EEVEE-CARD-DISPLAY-RANDOM-GIFT-SET-CHINO2-430x150.jpg 430w, https:\/\/ole-box.com\/wp-content\/uploads\/2025\/09\/POKEMON-SIMPLIFIED-EEVEE-CARD-DISPLAY-RANDOM-GIFT-SET-CHINO2-700x244.jpg 700w, https:\/\/ole-box.com\/wp-content\/uploads\/2025\/09\/POKEMON-SIMPLIFIED-EEVEE-CARD-DISPLAY-RANDOM-GIFT-SET-CHINO2-150x52.jpg 150w\" sizes=\"(max-width: 1300px) 100vw, 1300px\" \/>\t\t\t\t\t<\/div>\n\n\t\t\t\t\t\t<\/div>\n\t\t\t\t<\/div>\n\t\t\t\t<div class=\"elementor-element elementor-element-4176f55 elementor-widget elementor-widget-wd_image_or_svg\" data-id=\"4176f55\" data-element_type=\"widget\" data-e-type=\"widget\" data-widget_type=\"wd_image_or_svg.default\">\n\t\t\t\t<div class=\"elementor-widget-container\">\n\t\t\t\t\t\n\t\t<div class=\"wd-image text-center\">\n\t\t\t\t\t\t\t\t<img decoding=\"async\" width=\"1300\" height=\"454\" src=\"https:\/\/ole-box.com\/wp-content\/uploads\/2025\/09\/POKEMON-SIMPLIFIED-EEVEE-CARD-DISPLAY-RANDOM-GIFT-SET-CHINO1-1300x454.jpg\" class=\"attachment-large size-large\" alt=\"\" srcset=\"https:\/\/ole-box.com\/wp-content\/uploads\/2025\/09\/POKEMON-SIMPLIFIED-EEVEE-CARD-DISPLAY-RANDOM-GIFT-SET-CHINO1-1300x454.jpg 1300w, https:\/\/ole-box.com\/wp-content\/uploads\/2025\/09\/POKEMON-SIMPLIFIED-EEVEE-CARD-DISPLAY-RANDOM-GIFT-SET-CHINO1-400x140.jpg 400w, https:\/\/ole-box.com\/wp-content\/uploads\/2025\/09\/POKEMON-SIMPLIFIED-EEVEE-CARD-DISPLAY-RANDOM-GIFT-SET-CHINO1-768x268.jpg 768w, https:\/\/ole-box.com\/wp-content\/uploads\/2025\/09\/POKEMON-SIMPLIFIED-EEVEE-CARD-DISPLAY-RANDOM-GIFT-SET-CHINO1-1536x536.jpg 1536w, https:\/\/ole-box.com\/wp-content\/uploads\/2025\/09\/POKEMON-SIMPLIFIED-EEVEE-CARD-DISPLAY-RANDOM-GIFT-SET-CHINO1-2048x715.jpg 2048w, https:\/\/ole-box.com\/wp-content\/uploads\/2025\/09\/POKEMON-SIMPLIFIED-EEVEE-CARD-DISPLAY-RANDOM-GIFT-SET-CHINO1-18x6.jpg 18w, https:\/\/ole-box.com\/wp-content\/uploads\/2025\/09\/POKEMON-SIMPLIFIED-EEVEE-CARD-DISPLAY-RANDOM-GIFT-SET-CHINO1-430x150.jpg 430w, https:\/\/ole-box.com\/wp-content\/uploads\/2025\/09\/POKEMON-SIMPLIFIED-EEVEE-CARD-DISPLAY-RANDOM-GIFT-SET-CHINO1-700x244.jpg 700w, https:\/\/ole-box.com\/wp-content\/uploads\/2025\/09\/POKEMON-SIMPLIFIED-EEVEE-CARD-DISPLAY-RANDOM-GIFT-SET-CHINO1-150x52.jpg 150w\" sizes=\"(max-width: 1300px) 100vw, 1300px\" \/>\t\t\t\t\t<\/div>\n\n\t\t\t\t\t\t<\/div>\n\t\t\t\t<\/div>\n\t\t\t\t<div class=\"elementor-element elementor-element-1108d68 elementor-widget elementor-widget-wd_text_block\" data-id=\"1108d68\" data-element_type=\"widget\" data-e-type=\"widget\" data-widget_type=\"wd_text_block.default\">\n\t\t\t\t<div class=\"elementor-widget-container\">\n\t\t\t\t\t\t\t<div class=\"wd-text-block reset-last-child text-center\">\n\t\t\t\n\t\t\t<h4>1 funda de silicona tem\u00e1tica Pok\u00e9mon para exhibici\u00f3n de cartas\uff1a<\/h4>\n\t\t\t\t\t<\/div>\n\t\t\t\t\t\t<\/div>\n\t\t\t\t<\/div>\n\t\t\t\t\t<\/div>\n\t\t\t\t<\/div>\n\t\t<div class=\"wd-negative-gap elementor-element elementor-element-e763140 e-flex e-con-boxed e-con e-parent\" data-id=\"e763140\" data-element_type=\"container\" data-e-type=\"container\">\n\t\t\t\t\t<div class=\"e-con-inner\">\n\t\t\t\t<div class=\"elementor-element elementor-element-eae1731 elementor-widget elementor-widget-wd_image_or_svg\" data-id=\"eae1731\" data-element_type=\"widget\" data-e-type=\"widget\" data-widget_type=\"wd_image_or_svg.default\">\n\t\t\t\t<div class=\"elementor-widget-container\">\n\t\t\t\t\t\n\t\t<div class=\"wd-image text-center\">\n\t\t\t\t\t\t\t\t<img decoding=\"async\" width=\"600\" height=\"800\" src=\"https:\/\/ole-box.com\/wp-content\/uploads\/2025\/09\/POKEMON-SIMPLIFIED-EEVEE-CARD-DISPLAY-RANDOM-GIFT-SET-CHINO-600x800.jpg\" class=\"attachment-large size-large\" alt=\"\" srcset=\"https:\/\/ole-box.com\/wp-content\/uploads\/2025\/09\/POKEMON-SIMPLIFIED-EEVEE-CARD-DISPLAY-RANDOM-GIFT-SET-CHINO-600x800.jpg 600w, https:\/\/ole-box.com\/wp-content\/uploads\/2025\/09\/POKEMON-SIMPLIFIED-EEVEE-CARD-DISPLAY-RANDOM-GIFT-SET-CHINO-225x300.jpg 225w, https:\/\/ole-box.com\/wp-content\/uploads\/2025\/09\/POKEMON-SIMPLIFIED-EEVEE-CARD-DISPLAY-RANDOM-GIFT-SET-CHINO-768x1025.jpg 768w, https:\/\/ole-box.com\/wp-content\/uploads\/2025\/09\/POKEMON-SIMPLIFIED-EEVEE-CARD-DISPLAY-RANDOM-GIFT-SET-CHINO-9x12.jpg 9w, https:\/\/ole-box.com\/wp-content\/uploads\/2025\/09\/POKEMON-SIMPLIFIED-EEVEE-CARD-DISPLAY-RANDOM-GIFT-SET-CHINO-430x574.jpg 430w, https:\/\/ole-box.com\/wp-content\/uploads\/2025\/09\/POKEMON-SIMPLIFIED-EEVEE-CARD-DISPLAY-RANDOM-GIFT-SET-CHINO-700x934.jpg 700w, https:\/\/ole-box.com\/wp-content\/uploads\/2025\/09\/POKEMON-SIMPLIFIED-EEVEE-CARD-DISPLAY-RANDOM-GIFT-SET-CHINO-150x200.jpg 150w, https:\/\/ole-box.com\/wp-content\/uploads\/2025\/09\/POKEMON-SIMPLIFIED-EEVEE-CARD-DISPLAY-RANDOM-GIFT-SET-CHINO.jpg 1000w\" sizes=\"(max-width: 600px) 100vw, 600px\" \/>\t\t\t\t\t<\/div>\n\n\t\t\t\t\t\t<\/div>\n\t\t\t\t<\/div>\n\t\t\t\t\t<\/div>\n\t\t\t\t<\/div>\n\t\t\t\t<\/div>","protected":false},"excerpt":{"rendered":"<h3 data-start=\"25\" data-end=\"58\">Contenido del set<\/h3>\n<ol data-start=\"59\" data-end=\"477\">\n<li data-start=\"59\" data-end=\"201\">\n<p data-start=\"62\" data-end=\"201\">1 carta hologr\u00e1fica especial Pok\u00e9mon aleatoria (8 modelos en total, todos producidos en la misma proporci\u00f3n; se incluye 1 modelo al azar)<\/p>\n<\/li>\n<li data-start=\"202\" data-end=\"269\">\n<p data-start=\"205\" data-end=\"269\">1 funda de silicona tem\u00e1tica Pok\u00e9mon para exhibici\u00f3n de cartas<\/p>\n<\/li>\n<li data-start=\"270\" data-end=\"305\">\n<p data-start=\"273\" data-end=\"305\">1 funda protectora para cartas<\/p>\n<\/li>\n<li data-start=\"306\" data-end=\"343\">\n<p data-start=\"309\" data-end=\"343\">1 funda transparente para cartas<\/p>\n<\/li>\n<li data-start=\"344\" data-end=\"477\">\n<p data-start=\"347\" data-end=\"477\">1 sobre de expansi\u00f3n <em data-start=\"368\" data-end=\"404\">\u201cConfluencia de los Nueve Colores\u201d<\/em> (25 cartas), incluye aleatoriamente la versi\u00f3n <strong data-start=\"452\" data-end=\"462\">\u201cPeng\u201d<\/strong> o <strong data-start=\"465\" data-end=\"475\">\u201cYuan\u201d<\/strong><\/p>\n<\/li>\n<\/ol>","protected":false},"featured_media":6241,"template":"","meta":{"_eb_attr":""},"product_brand":[33],"product_cat":[22],"product_tag":[67,58],"class_list":{"0":"post-4920","1":"product","2":"type-product","3":"status-publish","4":"has-post-thumbnail","6":"product_brand-pokemon","7":"product_cat-chino","8":"product_tag-pokemon-eevee","9":"product_tag-ptcg-los-mas-vendidos","11":"first","12":"onbackorder","13":"sale","14":"shipping-taxable","15":"purchasable","16":"product-type-simple"},"_links":{"self":[{"href":"https:\/\/ole-box.com\/en\/wp-json\/wp\/v2\/product\/4920","targetHints":{"allow":["GET"]}}],"collection":[{"href":"https:\/\/ole-box.com\/en\/wp-json\/wp\/v2\/product"}],"about":[{"href":"https:\/\/ole-box.com\/en\/wp-json\/wp\/v2\/types\/product"}],"version-history":[{"count":12,"href":"https:\/\/ole-box.com\/en\/wp-json\/wp\/v2\/product\/4920\/revisions"}],"predecessor-version":[{"id":6242,"href":"https:\/\/ole-box.com\/en\/wp-json\/wp\/v2\/product\/4920\/revisions\/6242"}],"wp:featuredmedia":[{"embeddable":true,"href":"https:\/\/ole-box.com\/en\/wp-json\/wp\/v2\/media\/6241"}],"wp:attachment":[{"href":"https:\/\/ole-box.com\/en\/wp-json\/wp\/v2\/media?parent=4920"}],"wp:term":[{"taxonomy":"product_brand","embeddable":true,"href":"https:\/\/ole-box.com\/en\/wp-json\/wp\/v2\/product_brand?post=4920"},{"taxonomy":"product_cat","embeddable":true,"href":"https:\/\/ole-box.com\/en\/wp-json\/wp\/v2\/product_cat?post=4920"},{"taxonomy":"product_tag","embeddable":true,"href":"https:\/\/ole-box.com\/en\/wp-json\/wp\/v2\/product_tag?post=4920"}],"curies":[{"name":"wp","href":"https:\/\/api.w.org\/{rel}","templated":true}]}}