{"id":493,"date":"2023-07-17T13:41:19","date_gmt":"2023-07-17T13:41:19","guid":{"rendered":"https:\/\/dummy.xtemos.com\/woodmart2\/games-elementor\/?post_type=product&#038;p=493"},"modified":"2026-04-10T21:48:58","modified_gmt":"2026-04-10T19:48:58","slug":"151","status":"publish","type":"product","link":"https:\/\/ole-box.com\/en\/shop\/japones\/151\/","title":{"rendered":"POK\u00c9MON 151-JAPON\u00c9S SV2A"},"content":{"rendered":"<div data-elementor-type=\"wp-post\" data-elementor-id=\"493\" class=\"elementor elementor-493\" data-elementor-post-type=\"product\">\n\t\t\t\t<div class=\"wd-negative-gap elementor-element elementor-element-1971b3e e-flex e-con-boxed e-con e-parent\" data-id=\"1971b3e\" data-element_type=\"container\" data-e-type=\"container\">\n\t\t\t\t\t<div class=\"e-con-inner\">\n\t\t\t\t<div class=\"elementor-element elementor-element-8ebb4fb elementor-widget elementor-widget-wd_text_block\" data-id=\"8ebb4fb\" data-element_type=\"widget\" data-e-type=\"widget\" data-widget_type=\"wd_text_block.default\">\n\t\t\t\t<div class=\"elementor-widget-container\">\n\t\t\t\t\t\t\t<div class=\"wd-text-block reset-last-child text-left\">\n\t\t\t\n\t\t\t<h3 class=\"p1\"><b>Descripci\u00f3n: <\/b><\/h3><h3 class=\"p1\"><b>cartas especiales incluidas en los sobres<\/b><span class=\"s1\"><b>\uff1a<\/b><\/span><\/h3><p>\u00a0<\/p>\n\t\t\t\t\t<\/div>\n\t\t\t\t\t\t<\/div>\n\t\t\t\t<\/div>\n\t\t\t\t\t<\/div>\n\t\t\t\t<\/div>\n\t\t<div class=\"wd-negative-gap elementor-element elementor-element-7da8f21 e-flex e-con-boxed e-con e-parent\" data-id=\"7da8f21\" data-element_type=\"container\" data-e-type=\"container\">\n\t\t\t\t\t<div class=\"e-con-inner\">\n\t\t\t\t<div class=\"elementor-element elementor-element-0cc6cf4 elementor-widget elementor-widget-wd_image_or_svg\" data-id=\"0cc6cf4\" data-element_type=\"widget\" data-e-type=\"widget\" data-widget_type=\"wd_image_or_svg.default\">\n\t\t\t\t<div class=\"elementor-widget-container\">\n\t\t\t\t\t\n\t\t<div class=\"wd-image text-center\">\n\t\t\t\t\t\t\t\t<img fetchpriority=\"high\" decoding=\"async\" width=\"1500\" height=\"419\" src=\"https:\/\/ole-box.com\/wp-content\/uploads\/2023\/07\/POKEMON-151-JAPONES-SV2A-1-.jpg\" class=\"attachment-full size-full\" alt=\"\" srcset=\"https:\/\/ole-box.com\/wp-content\/uploads\/2023\/07\/POKEMON-151-JAPONES-SV2A-1-.jpg 1500w, https:\/\/ole-box.com\/wp-content\/uploads\/2023\/07\/POKEMON-151-JAPONES-SV2A-1--400x112.jpg 400w, https:\/\/ole-box.com\/wp-content\/uploads\/2023\/07\/POKEMON-151-JAPONES-SV2A-1--1300x363.jpg 1300w, https:\/\/ole-box.com\/wp-content\/uploads\/2023\/07\/POKEMON-151-JAPONES-SV2A-1--768x215.jpg 768w, https:\/\/ole-box.com\/wp-content\/uploads\/2023\/07\/POKEMON-151-JAPONES-SV2A-1--18x5.jpg 18w, https:\/\/ole-box.com\/wp-content\/uploads\/2023\/07\/POKEMON-151-JAPONES-SV2A-1--430x120.jpg 430w, https:\/\/ole-box.com\/wp-content\/uploads\/2023\/07\/POKEMON-151-JAPONES-SV2A-1--700x196.jpg 700w, https:\/\/ole-box.com\/wp-content\/uploads\/2023\/07\/POKEMON-151-JAPONES-SV2A-1--150x42.jpg 150w\" sizes=\"(max-width: 1500px) 100vw, 1500px\" \/>\t\t\t\t\t<\/div>\n\n\t\t\t\t\t\t<\/div>\n\t\t\t\t<\/div>\n\t\t\t\t<div class=\"elementor-element elementor-element-4c36720 elementor-widget elementor-widget-wd_image_or_svg\" data-id=\"4c36720\" data-element_type=\"widget\" data-e-type=\"widget\" data-widget_type=\"wd_image_or_svg.default\">\n\t\t\t\t<div class=\"elementor-widget-container\">\n\t\t\t\t\t\n\t\t<div class=\"wd-image text-center\">\n\t\t\t\t\t\t\t\t<img decoding=\"async\" width=\"1500\" height=\"419\" src=\"https:\/\/ole-box.com\/wp-content\/uploads\/2023\/07\/POKEMON-151-JAPONES-SV2A-2-.jpg\" class=\"attachment-full size-full\" alt=\"\" srcset=\"https:\/\/ole-box.com\/wp-content\/uploads\/2023\/07\/POKEMON-151-JAPONES-SV2A-2-.jpg 1500w, https:\/\/ole-box.com\/wp-content\/uploads\/2023\/07\/POKEMON-151-JAPONES-SV2A-2--400x112.jpg 400w, https:\/\/ole-box.com\/wp-content\/uploads\/2023\/07\/POKEMON-151-JAPONES-SV2A-2--1300x363.jpg 1300w, https:\/\/ole-box.com\/wp-content\/uploads\/2023\/07\/POKEMON-151-JAPONES-SV2A-2--768x215.jpg 768w, https:\/\/ole-box.com\/wp-content\/uploads\/2023\/07\/POKEMON-151-JAPONES-SV2A-2--18x5.jpg 18w, https:\/\/ole-box.com\/wp-content\/uploads\/2023\/07\/POKEMON-151-JAPONES-SV2A-2--430x120.jpg 430w, https:\/\/ole-box.com\/wp-content\/uploads\/2023\/07\/POKEMON-151-JAPONES-SV2A-2--700x196.jpg 700w, https:\/\/ole-box.com\/wp-content\/uploads\/2023\/07\/POKEMON-151-JAPONES-SV2A-2--150x42.jpg 150w\" sizes=\"(max-width: 1500px) 100vw, 1500px\" \/>\t\t\t\t\t<\/div>\n\n\t\t\t\t\t\t<\/div>\n\t\t\t\t<\/div>\n\t\t\t\t<div class=\"elementor-element elementor-element-938037b elementor-widget elementor-widget-wd_image_or_svg\" data-id=\"938037b\" data-element_type=\"widget\" data-e-type=\"widget\" data-widget_type=\"wd_image_or_svg.default\">\n\t\t\t\t<div class=\"elementor-widget-container\">\n\t\t\t\t\t\n\t\t<div class=\"wd-image text-center\">\n\t\t\t\t\t\t\t\t<img decoding=\"async\" width=\"1800\" height=\"419\" src=\"https:\/\/ole-box.com\/wp-content\/uploads\/2023\/07\/POKEMON-151-JAPONES-SV2A-3-.jpg\" class=\"attachment-full size-full\" alt=\"\" srcset=\"https:\/\/ole-box.com\/wp-content\/uploads\/2023\/07\/POKEMON-151-JAPONES-SV2A-3-.jpg 1800w, https:\/\/ole-box.com\/wp-content\/uploads\/2023\/07\/POKEMON-151-JAPONES-SV2A-3--400x93.jpg 400w, https:\/\/ole-box.com\/wp-content\/uploads\/2023\/07\/POKEMON-151-JAPONES-SV2A-3--1300x303.jpg 1300w, https:\/\/ole-box.com\/wp-content\/uploads\/2023\/07\/POKEMON-151-JAPONES-SV2A-3--768x179.jpg 768w, https:\/\/ole-box.com\/wp-content\/uploads\/2023\/07\/POKEMON-151-JAPONES-SV2A-3--1536x358.jpg 1536w, https:\/\/ole-box.com\/wp-content\/uploads\/2023\/07\/POKEMON-151-JAPONES-SV2A-3--18x4.jpg 18w, https:\/\/ole-box.com\/wp-content\/uploads\/2023\/07\/POKEMON-151-JAPONES-SV2A-3--430x100.jpg 430w, https:\/\/ole-box.com\/wp-content\/uploads\/2023\/07\/POKEMON-151-JAPONES-SV2A-3--700x163.jpg 700w, https:\/\/ole-box.com\/wp-content\/uploads\/2023\/07\/POKEMON-151-JAPONES-SV2A-3--150x35.jpg 150w\" sizes=\"(max-width: 1800px) 100vw, 1800px\" \/>\t\t\t\t\t<\/div>\n\n\t\t\t\t\t\t<\/div>\n\t\t\t\t<\/div>\n\t\t\t\t\t<\/div>\n\t\t\t\t<\/div>\n\t\t\t\t<\/div>","protected":false},"excerpt":{"rendered":"<p data-start=\"27\" data-end=\"85\">\ud83c\udf1fCaja de expansi\u00f3n Pok\u00e9mon TCG 151\ud83c\udf1f<\/p>\n<p data-start=\"87\" data-end=\"482\">\ud83d\udd25 \u00a1La nueva expansi\u00f3n japonesa del Juego de Cartas Coleccionables Pok\u00e9mon \u300c151\u300d llega con gran estreno!<br data-start=\"191\" data-end=\"194\" \/>Esta serie tiene como protagonista de portada a <strong data-start=\"242\" data-end=\"249\">Mew<\/strong>, e incluye a los <strong data-start=\"267\" data-end=\"293\">151 Pok\u00e9mon originales<\/strong> m\u00e1s cl\u00e1sicos, llevando a los jugadores a revivir la emoci\u00f3n de los inicios.<br data-start=\"369\" data-end=\"372\" \/>\u00a1Ya sea para coleccionar o para jugar, esta edici\u00f3n es un verdadero imprescindible para todo fan de Pok\u00e9mon!<\/p>\n<p data-start=\"87\" data-end=\"482\">\ud83c\udf1fIncluye 20 sobres con 7 cartas por sobre.<\/p>","protected":false},"featured_media":6049,"template":"","meta":{"_eb_attr":""},"product_brand":[33],"product_cat":[20],"product_tag":[58,61],"class_list":{"0":"post-493","1":"product","2":"type-product","3":"status-publish","4":"has-post-thumbnail","6":"product_brand-pokemon","7":"product_cat-japones","8":"product_tag-ptcg-los-mas-vendidos","9":"product_tag-ptcg-recomendaciones","11":"first","12":"outofstock","13":"featured","14":"shipping-taxable","15":"purchasable","16":"product-type-variable"},"_links":{"self":[{"href":"https:\/\/ole-box.com\/en\/wp-json\/wp\/v2\/product\/493","targetHints":{"allow":["GET"]}}],"collection":[{"href":"https:\/\/ole-box.com\/en\/wp-json\/wp\/v2\/product"}],"about":[{"href":"https:\/\/ole-box.com\/en\/wp-json\/wp\/v2\/types\/product"}],"version-history":[{"count":15,"href":"https:\/\/ole-box.com\/en\/wp-json\/wp\/v2\/product\/493\/revisions"}],"predecessor-version":[{"id":6057,"href":"https:\/\/ole-box.com\/en\/wp-json\/wp\/v2\/product\/493\/revisions\/6057"}],"wp:featuredmedia":[{"embeddable":true,"href":"https:\/\/ole-box.com\/en\/wp-json\/wp\/v2\/media\/6049"}],"wp:attachment":[{"href":"https:\/\/ole-box.com\/en\/wp-json\/wp\/v2\/media?parent=493"}],"wp:term":[{"taxonomy":"product_brand","embeddable":true,"href":"https:\/\/ole-box.com\/en\/wp-json\/wp\/v2\/product_brand?post=493"},{"taxonomy":"product_cat","embeddable":true,"href":"https:\/\/ole-box.com\/en\/wp-json\/wp\/v2\/product_cat?post=493"},{"taxonomy":"product_tag","embeddable":true,"href":"https:\/\/ole-box.com\/en\/wp-json\/wp\/v2\/product_tag?post=493"}],"curies":[{"name":"wp","href":"https:\/\/api.w.org\/{rel}","templated":true}]}}