{"id":494,"date":"2023-07-17T13:41:19","date_gmt":"2023-07-17T13:41:19","guid":{"rendered":"https:\/\/dummy.xtemos.com\/woodmart2\/games-elementor\/?post_type=product&#038;p=494"},"modified":"2025-11-09T02:30:52","modified_gmt":"2025-11-09T00:30:52","slug":"sv5a","status":"publish","type":"product","link":"https:\/\/ole-box.com\/en\/shop\/coreano\/sv5a\/","title":{"rendered":"POK\u00c9MON CRIMSON HAZE-COREANO SV5A"},"content":{"rendered":"","protected":false},"excerpt":{"rendered":"<p>\u2728\u3010Cartas Coleccionables Pok\u00e9mon: Crimson Haze\u3011\u2728<br data-start=\"254\" data-end=\"257\" \/>La nueva serie <strong data-start=\"272\" data-end=\"290\">\u201cCrimson Haze\u201d<\/strong> llega con el poder de las bestias legendarias y la oscuridad de la noche, ofreciendo una experiencia visual impactante y combates estrat\u00e9gicos emocionantes. Con un tema carmes\u00ed, cartas raras ocultas y t\u00e1cticas poderosas, cada paquete es una aventura para coleccionistas y jugadores.<\/p>\n<p>\ud83c\udf1fIncluye 30 sobres con 5 cartas por sobre.<\/p>","protected":false},"featured_media":6209,"template":"","meta":{"_eb_attr":""},"product_brand":[33],"product_cat":[21],"product_tag":[],"class_list":{"0":"post-494","1":"product","2":"type-product","3":"status-publish","4":"has-post-thumbnail","6":"product_brand-pokemon","7":"product_cat-coreano","9":"first","10":"instock","11":"sale","12":"shipping-taxable","13":"purchasable","14":"product-type-variable"},"_links":{"self":[{"href":"https:\/\/ole-box.com\/en\/wp-json\/wp\/v2\/product\/494","targetHints":{"allow":["GET"]}}],"collection":[{"href":"https:\/\/ole-box.com\/en\/wp-json\/wp\/v2\/product"}],"about":[{"href":"https:\/\/ole-box.com\/en\/wp-json\/wp\/v2\/types\/product"}],"version-history":[{"count":7,"href":"https:\/\/ole-box.com\/en\/wp-json\/wp\/v2\/product\/494\/revisions"}],"predecessor-version":[{"id":3504,"href":"https:\/\/ole-box.com\/en\/wp-json\/wp\/v2\/product\/494\/revisions\/3504"}],"wp:featuredmedia":[{"embeddable":true,"href":"https:\/\/ole-box.com\/en\/wp-json\/wp\/v2\/media\/6209"}],"wp:attachment":[{"href":"https:\/\/ole-box.com\/en\/wp-json\/wp\/v2\/media?parent=494"}],"wp:term":[{"taxonomy":"product_brand","embeddable":true,"href":"https:\/\/ole-box.com\/en\/wp-json\/wp\/v2\/product_brand?post=494"},{"taxonomy":"product_cat","embeddable":true,"href":"https:\/\/ole-box.com\/en\/wp-json\/wp\/v2\/product_cat?post=494"},{"taxonomy":"product_tag","embeddable":true,"href":"https:\/\/ole-box.com\/en\/wp-json\/wp\/v2\/product_tag?post=494"}],"curies":[{"name":"wp","href":"https:\/\/api.w.org\/{rel}","templated":true}]}}