{"id":495,"date":"2023-07-17T13:41:19","date_gmt":"2023-07-17T13:41:19","guid":{"rendered":"https:\/\/dummy.xtemos.com\/woodmart2\/games-elementor\/?post_type=product&#038;p=495"},"modified":"2025-11-09T02:30:38","modified_gmt":"2025-11-09T00:30:38","slug":"sv5k","status":"publish","type":"product","link":"https:\/\/ole-box.com\/en\/shop\/coreano\/sv5k\/","title":{"rendered":"POKEMON WILD FORCE-COREANO SV5K"},"content":{"rendered":"","protected":false},"excerpt":{"rendered":"<p data-start=\"215\" data-end=\"592\">\u2728\u3010Cartas Coleccionables Pok\u00e9mon: Wild Force\u3011\u2728<br data-start=\"260\" data-end=\"263\" \/>La nueva serie <strong data-start=\"278\" data-end=\"294\">\u201cWild Force\u201d<\/strong> llega con el poder de la naturaleza y los Pok\u00e9mon legendarios, ofreciendo una fusi\u00f3n de elementos salvajes y combates llenos de adrenalina. Con un dise\u00f1o inspirado en la fuerza primitiva, cartas raras ocultas y estrategias poderosas, cada paquete es una aventura para coleccionistas y jugadores.<\/p>\n<p data-start=\"594\" data-end=\"740\">\ud83c\udf1fIncluye 30 sobres con 5 cartas por sobre.<\/p>","protected":false},"featured_media":6211,"template":"","meta":{"_eb_attr":""},"product_brand":[33],"product_cat":[21],"product_tag":[],"class_list":{"0":"post-495","1":"product","2":"type-product","3":"status-publish","4":"has-post-thumbnail","6":"product_brand-pokemon","7":"product_cat-coreano","9":"first","10":"instock","11":"sale","12":"shipping-taxable","13":"purchasable","14":"product-type-variable"},"_links":{"self":[{"href":"https:\/\/ole-box.com\/en\/wp-json\/wp\/v2\/product\/495","targetHints":{"allow":["GET"]}}],"collection":[{"href":"https:\/\/ole-box.com\/en\/wp-json\/wp\/v2\/product"}],"about":[{"href":"https:\/\/ole-box.com\/en\/wp-json\/wp\/v2\/types\/product"}],"version-history":[{"count":7,"href":"https:\/\/ole-box.com\/en\/wp-json\/wp\/v2\/product\/495\/revisions"}],"predecessor-version":[{"id":3517,"href":"https:\/\/ole-box.com\/en\/wp-json\/wp\/v2\/product\/495\/revisions\/3517"}],"wp:featuredmedia":[{"embeddable":true,"href":"https:\/\/ole-box.com\/en\/wp-json\/wp\/v2\/media\/6211"}],"wp:attachment":[{"href":"https:\/\/ole-box.com\/en\/wp-json\/wp\/v2\/media?parent=495"}],"wp:term":[{"taxonomy":"product_brand","embeddable":true,"href":"https:\/\/ole-box.com\/en\/wp-json\/wp\/v2\/product_brand?post=495"},{"taxonomy":"product_cat","embeddable":true,"href":"https:\/\/ole-box.com\/en\/wp-json\/wp\/v2\/product_cat?post=495"},{"taxonomy":"product_tag","embeddable":true,"href":"https:\/\/ole-box.com\/en\/wp-json\/wp\/v2\/product_tag?post=495"}],"curies":[{"name":"wp","href":"https:\/\/api.w.org\/{rel}","templated":true}]}}