{"id":496,"date":"2023-07-17T13:41:19","date_gmt":"2023-07-17T13:41:19","guid":{"rendered":"https:\/\/dummy.xtemos.com\/woodmart2\/games-elementor\/?post_type=product&#038;p=496"},"modified":"2026-05-13T16:40:00","modified_gmt":"2026-05-13T14:40:00","slug":"terastal-festival-ex","status":"publish","type":"product","link":"https:\/\/ole-box.com\/en\/shop\/japones\/terastal-festival-ex\/","title":{"rendered":"POK\u00c9MON  TERASTAL FESTIVAL EX-JAPON\u00c9S SV8A"},"content":{"rendered":"<div data-elementor-type=\"wp-post\" data-elementor-id=\"496\" class=\"elementor elementor-496\" data-elementor-post-type=\"product\">\n\t\t\t\t<div class=\"wd-negative-gap elementor-element elementor-element-fbdc892 e-flex e-con-boxed e-con e-parent\" data-id=\"fbdc892\" data-element_type=\"container\" data-e-type=\"container\">\n\t\t\t\t\t<div class=\"e-con-inner\">\n\t\t\t\t<div class=\"elementor-element elementor-element-63623f7 elementor-widget elementor-widget-wd_text_block\" data-id=\"63623f7\" data-element_type=\"widget\" data-e-type=\"widget\" data-widget_type=\"wd_text_block.default\">\n\t\t\t\t<div class=\"elementor-widget-container\">\n\t\t\t\t\t\t\t<div class=\"wd-text-block reset-last-child text-left\">\n\t\t\t\n\t\t\t<h3 class=\"p1\"><b>Descripci\u00f3n: <\/b><\/h3><h3 class=\"p1\"><b>cartas especiales incluidas en los sobres<\/b><span class=\"s1\"><b>\uff1a<\/b><\/span><\/h3><p>\u00a0<\/p>\n\t\t\t\t\t<\/div>\n\t\t\t\t\t\t<\/div>\n\t\t\t\t<\/div>\n\t\t\t\t\t<\/div>\n\t\t\t\t<\/div>\n\t\t<div class=\"wd-negative-gap elementor-element elementor-element-e6188f9 e-flex e-con-boxed e-con e-parent\" data-id=\"e6188f9\" data-element_type=\"container\" data-e-type=\"container\">\n\t\t\t\t\t<div class=\"e-con-inner\">\n\t\t\t\t<div class=\"elementor-element elementor-element-5235323 elementor-widget elementor-widget-wd_image_or_svg\" data-id=\"5235323\" data-element_type=\"widget\" data-e-type=\"widget\" data-widget_type=\"wd_image_or_svg.default\">\n\t\t\t\t<div class=\"elementor-widget-container\">\n\t\t\t\t\t\n\t\t<div class=\"wd-image text-center\">\n\t\t\t\t\t\t\t\t<img fetchpriority=\"high\" decoding=\"async\" width=\"1500\" height=\"419\" src=\"https:\/\/ole-box.com\/wp-content\/uploads\/2023\/07\/POKEMON-TERASTAL-FESTIVAL-EX-JAPONES-SV8A-1.jpg\" class=\"attachment-full size-full\" alt=\"\" srcset=\"https:\/\/ole-box.com\/wp-content\/uploads\/2023\/07\/POKEMON-TERASTAL-FESTIVAL-EX-JAPONES-SV8A-1.jpg 1500w, https:\/\/ole-box.com\/wp-content\/uploads\/2023\/07\/POKEMON-TERASTAL-FESTIVAL-EX-JAPONES-SV8A-1-400x112.jpg 400w, https:\/\/ole-box.com\/wp-content\/uploads\/2023\/07\/POKEMON-TERASTAL-FESTIVAL-EX-JAPONES-SV8A-1-1300x363.jpg 1300w, https:\/\/ole-box.com\/wp-content\/uploads\/2023\/07\/POKEMON-TERASTAL-FESTIVAL-EX-JAPONES-SV8A-1-768x215.jpg 768w, https:\/\/ole-box.com\/wp-content\/uploads\/2023\/07\/POKEMON-TERASTAL-FESTIVAL-EX-JAPONES-SV8A-1-18x5.jpg 18w, https:\/\/ole-box.com\/wp-content\/uploads\/2023\/07\/POKEMON-TERASTAL-FESTIVAL-EX-JAPONES-SV8A-1-430x120.jpg 430w, https:\/\/ole-box.com\/wp-content\/uploads\/2023\/07\/POKEMON-TERASTAL-FESTIVAL-EX-JAPONES-SV8A-1-700x196.jpg 700w, https:\/\/ole-box.com\/wp-content\/uploads\/2023\/07\/POKEMON-TERASTAL-FESTIVAL-EX-JAPONES-SV8A-1-150x42.jpg 150w\" sizes=\"(max-width: 1500px) 100vw, 1500px\" \/>\t\t\t\t\t<\/div>\n\n\t\t\t\t\t\t<\/div>\n\t\t\t\t<\/div>\n\t\t\t\t<div class=\"elementor-element elementor-element-e8ee80c elementor-widget elementor-widget-wd_image_or_svg\" data-id=\"e8ee80c\" data-element_type=\"widget\" data-e-type=\"widget\" data-widget_type=\"wd_image_or_svg.default\">\n\t\t\t\t<div class=\"elementor-widget-container\">\n\t\t\t\t\t\n\t\t<div class=\"wd-image text-center\">\n\t\t\t\t\t\t\t\t<img decoding=\"async\" width=\"1500\" height=\"419\" src=\"https:\/\/ole-box.com\/wp-content\/uploads\/2023\/07\/POKEMON-TERASTAL-FESTIVAL-EX-JAPONES-SV8A-2.jpg\" class=\"attachment-full size-full\" alt=\"\" srcset=\"https:\/\/ole-box.com\/wp-content\/uploads\/2023\/07\/POKEMON-TERASTAL-FESTIVAL-EX-JAPONES-SV8A-2.jpg 1500w, https:\/\/ole-box.com\/wp-content\/uploads\/2023\/07\/POKEMON-TERASTAL-FESTIVAL-EX-JAPONES-SV8A-2-400x112.jpg 400w, https:\/\/ole-box.com\/wp-content\/uploads\/2023\/07\/POKEMON-TERASTAL-FESTIVAL-EX-JAPONES-SV8A-2-1300x363.jpg 1300w, https:\/\/ole-box.com\/wp-content\/uploads\/2023\/07\/POKEMON-TERASTAL-FESTIVAL-EX-JAPONES-SV8A-2-768x215.jpg 768w, https:\/\/ole-box.com\/wp-content\/uploads\/2023\/07\/POKEMON-TERASTAL-FESTIVAL-EX-JAPONES-SV8A-2-18x5.jpg 18w, https:\/\/ole-box.com\/wp-content\/uploads\/2023\/07\/POKEMON-TERASTAL-FESTIVAL-EX-JAPONES-SV8A-2-430x120.jpg 430w, https:\/\/ole-box.com\/wp-content\/uploads\/2023\/07\/POKEMON-TERASTAL-FESTIVAL-EX-JAPONES-SV8A-2-700x196.jpg 700w, https:\/\/ole-box.com\/wp-content\/uploads\/2023\/07\/POKEMON-TERASTAL-FESTIVAL-EX-JAPONES-SV8A-2-150x42.jpg 150w\" sizes=\"(max-width: 1500px) 100vw, 1500px\" \/>\t\t\t\t\t<\/div>\n\n\t\t\t\t\t\t<\/div>\n\t\t\t\t<\/div>\n\t\t\t\t<div class=\"elementor-element elementor-element-418ad41 elementor-widget elementor-widget-wd_image_or_svg\" data-id=\"418ad41\" data-element_type=\"widget\" data-e-type=\"widget\" data-widget_type=\"wd_image_or_svg.default\">\n\t\t\t\t<div class=\"elementor-widget-container\">\n\t\t\t\t\t\n\t\t<div class=\"wd-image text-center\">\n\t\t\t\t\t\t\t\t<img decoding=\"async\" width=\"600\" height=\"419\" src=\"https:\/\/ole-box.com\/wp-content\/uploads\/2023\/07\/POKEMON-TERASTAL-FESTIVAL-EX-JAPONES-SV8A-3.jpg\" class=\"attachment-full size-full\" alt=\"\" srcset=\"https:\/\/ole-box.com\/wp-content\/uploads\/2023\/07\/POKEMON-TERASTAL-FESTIVAL-EX-JAPONES-SV8A-3.jpg 600w, https:\/\/ole-box.com\/wp-content\/uploads\/2023\/07\/POKEMON-TERASTAL-FESTIVAL-EX-JAPONES-SV8A-3-400x279.jpg 400w, https:\/\/ole-box.com\/wp-content\/uploads\/2023\/07\/POKEMON-TERASTAL-FESTIVAL-EX-JAPONES-SV8A-3-18x12.jpg 18w, https:\/\/ole-box.com\/wp-content\/uploads\/2023\/07\/POKEMON-TERASTAL-FESTIVAL-EX-JAPONES-SV8A-3-430x300.jpg 430w, https:\/\/ole-box.com\/wp-content\/uploads\/2023\/07\/POKEMON-TERASTAL-FESTIVAL-EX-JAPONES-SV8A-3-150x105.jpg 150w\" sizes=\"(max-width: 600px) 100vw, 600px\" \/>\t\t\t\t\t<\/div>\n\n\t\t\t\t\t\t<\/div>\n\t\t\t\t<\/div>\n\t\t\t\t\t<\/div>\n\t\t\t\t<\/div>\n\t\t\t\t<\/div>","protected":false},"excerpt":{"rendered":"<p data-start=\"476\" data-end=\"552\">\u2728Caja de expansi\u00f3n Pok\u00e9mon TCG <em data-start=\"527\" data-end=\"548\">Poder Cristalino EX<\/em>\u2728<\/p>\n<p data-start=\"554\" data-end=\"818\">\ud83c\udf08 \u00a1La nueva expansi\u00f3n japonesa del TCG de Pok\u00e9mon <strong data-start=\"605\" data-end=\"630\">\u201cPoder Cristalino EX\u201d<\/strong> ya est\u00e1 aqu\u00ed!<br data-start=\"644\" data-end=\"647\" \/>Con <strong data-start=\"651\" data-end=\"660\">Eevee<\/strong> como protagonista de la portada, esta colecci\u00f3n re\u00fane sus evoluciones y poderosas cartas EX, ofreciendo un dise\u00f1o deslumbrante y batallas a\u00fan m\u00e1s intensas.<\/p>\n<p data-start=\"554\" data-end=\"818\">\ud83c\udf1fIncluye 10 sobres con 10 cartas por sobre.<\/p>","protected":false},"featured_media":6061,"template":"","meta":{"_eb_attr":""},"product_brand":[33],"product_cat":[20],"product_tag":[67,58,61],"class_list":{"0":"post-496","1":"product","2":"type-product","3":"status-publish","4":"has-post-thumbnail","6":"product_brand-pokemon","7":"product_cat-japones","8":"product_tag-pokemon-eevee","9":"product_tag-ptcg-los-mas-vendidos","10":"product_tag-ptcg-recomendaciones","12":"first","13":"instock","14":"shipping-taxable","15":"purchasable","16":"product-type-variable"},"_links":{"self":[{"href":"https:\/\/ole-box.com\/en\/wp-json\/wp\/v2\/product\/496","targetHints":{"allow":["GET"]}}],"collection":[{"href":"https:\/\/ole-box.com\/en\/wp-json\/wp\/v2\/product"}],"about":[{"href":"https:\/\/ole-box.com\/en\/wp-json\/wp\/v2\/types\/product"}],"version-history":[{"count":14,"href":"https:\/\/ole-box.com\/en\/wp-json\/wp\/v2\/product\/496\/revisions"}],"predecessor-version":[{"id":6691,"href":"https:\/\/ole-box.com\/en\/wp-json\/wp\/v2\/product\/496\/revisions\/6691"}],"wp:featuredmedia":[{"embeddable":true,"href":"https:\/\/ole-box.com\/en\/wp-json\/wp\/v2\/media\/6061"}],"wp:attachment":[{"href":"https:\/\/ole-box.com\/en\/wp-json\/wp\/v2\/media?parent=496"}],"wp:term":[{"taxonomy":"product_brand","embeddable":true,"href":"https:\/\/ole-box.com\/en\/wp-json\/wp\/v2\/product_brand?post=496"},{"taxonomy":"product_cat","embeddable":true,"href":"https:\/\/ole-box.com\/en\/wp-json\/wp\/v2\/product_cat?post=496"},{"taxonomy":"product_tag","embeddable":true,"href":"https:\/\/ole-box.com\/en\/wp-json\/wp\/v2\/product_tag?post=496"}],"curies":[{"name":"wp","href":"https:\/\/api.w.org\/{rel}","templated":true}]}}