{"id":497,"date":"2023-07-17T13:41:20","date_gmt":"2023-07-17T13:41:20","guid":{"rendered":"https:\/\/dummy.xtemos.com\/woodmart2\/games-elementor\/?post_type=product&#038;p=497"},"modified":"2026-05-10T18:06:03","modified_gmt":"2026-05-10T16:06:03","slug":"homestead-arcana","status":"publish","type":"product","link":"https:\/\/ole-box.com\/en\/shop\/coreano\/homestead-arcana\/","title":{"rendered":"POK\u00c9MON GLORY OF THE TEAM-COREANO SV10"},"content":{"rendered":"","protected":false},"excerpt":{"rendered":"<p>\u2728\u3010Cartas Coleccionables Pok\u00e9mon: The Glory of Team Rocket\u3011\u2728<br data-start=\"60\" data-end=\"63\" \/>La nueva serie <strong data-start=\"78\" data-end=\"109\">\u201cThe Glory of Team Rocket\u201d<\/strong> combina a la perfecci\u00f3n el carisma del ic\u00f3nico equipo villano con la emoci\u00f3n de los combates Pok\u00e9mon. Con Mewtwo, Giovanni, Jessie y James como protagonistas, ofrece una experiencia impactante como nunca antes. Dise\u00f1os art\u00edsticos deslumbrantes, combinaciones de cartas poderosas y cartas raras ocultas encender\u00e1n la pasi\u00f3n de cada entrenador por coleccionar y luchar.<\/p>\n<p>\ud83c\udf1fIncluye 30 sobres con 5 cartas por sobre.<\/p>","protected":false},"featured_media":6179,"template":"","meta":{"_eb_attr":""},"product_brand":[33],"product_cat":[21],"product_tag":[58,61],"class_list":{"0":"post-497","1":"product","2":"type-product","3":"status-publish","4":"has-post-thumbnail","6":"product_brand-pokemon","7":"product_cat-coreano","8":"product_tag-ptcg-los-mas-vendidos","9":"product_tag-ptcg-recomendaciones","11":"first","12":"instock","13":"shipping-taxable","14":"purchasable","15":"product-type-variable"},"_links":{"self":[{"href":"https:\/\/ole-box.com\/en\/wp-json\/wp\/v2\/product\/497","targetHints":{"allow":["GET"]}}],"collection":[{"href":"https:\/\/ole-box.com\/en\/wp-json\/wp\/v2\/product"}],"about":[{"href":"https:\/\/ole-box.com\/en\/wp-json\/wp\/v2\/types\/product"}],"version-history":[{"count":8,"href":"https:\/\/ole-box.com\/en\/wp-json\/wp\/v2\/product\/497\/revisions"}],"predecessor-version":[{"id":3506,"href":"https:\/\/ole-box.com\/en\/wp-json\/wp\/v2\/product\/497\/revisions\/3506"}],"wp:featuredmedia":[{"embeddable":true,"href":"https:\/\/ole-box.com\/en\/wp-json\/wp\/v2\/media\/6179"}],"wp:attachment":[{"href":"https:\/\/ole-box.com\/en\/wp-json\/wp\/v2\/media?parent=497"}],"wp:term":[{"taxonomy":"product_brand","embeddable":true,"href":"https:\/\/ole-box.com\/en\/wp-json\/wp\/v2\/product_brand?post=497"},{"taxonomy":"product_cat","embeddable":true,"href":"https:\/\/ole-box.com\/en\/wp-json\/wp\/v2\/product_cat?post=497"},{"taxonomy":"product_tag","embeddable":true,"href":"https:\/\/ole-box.com\/en\/wp-json\/wp\/v2\/product_tag?post=497"}],"curies":[{"name":"wp","href":"https:\/\/api.w.org\/{rel}","templated":true}]}}