{"id":500,"date":"2023-07-17T13:41:20","date_gmt":"2023-07-17T13:41:20","guid":{"rendered":"https:\/\/dummy.xtemos.com\/woodmart2\/games-elementor\/?post_type=product&#038;p=500"},"modified":"2026-05-10T18:09:03","modified_gmt":"2026-05-10T16:09:03","slug":"sv8a","status":"publish","type":"product","link":"https:\/\/ole-box.com\/en\/shop\/coreano\/sv8a\/","title":{"rendered":"POK\u00c9MON TERASTAL FESTIVAL EX-JAPON\u00c9S SV8A"},"content":{"rendered":"","protected":false},"excerpt":{"rendered":"<p>\u2728\u3010Cartas Coleccionables Pok\u00e9mon: Terastal Festival EX\u3011\u2728<br data-start=\"265\" data-end=\"268\" \/>La nueva serie <strong data-start=\"283\" data-end=\"312\">\u201cTerastal Festival EX\u201d<\/strong> presenta a los Pok\u00e9mon Teracristalizados con un dise\u00f1o cristalino espectacular y combinaciones de cartas poderosas. Cada paquete puede esconder cartas raras de edici\u00f3n limitada y estrategias clave para los combates, ofreciendo una experiencia \u00fanica tanto para coleccionistas como para jugadores.<\/p>\n<p>\ud83c\udf1fIncluye 10 sobres con 10 cartas por sobre.<\/p>","protected":false},"featured_media":6196,"template":"","meta":{"_eb_attr":""},"product_brand":[33],"product_cat":[21],"product_tag":[67,58,61],"class_list":{"0":"post-500","1":"product","2":"type-product","3":"status-publish","4":"has-post-thumbnail","6":"product_brand-pokemon","7":"product_cat-coreano","8":"product_tag-pokemon-eevee","9":"product_tag-ptcg-los-mas-vendidos","10":"product_tag-ptcg-recomendaciones","12":"first","13":"instock","14":"shipping-taxable","15":"purchasable","16":"product-type-variable"},"_links":{"self":[{"href":"https:\/\/ole-box.com\/en\/wp-json\/wp\/v2\/product\/500","targetHints":{"allow":["GET"]}}],"collection":[{"href":"https:\/\/ole-box.com\/en\/wp-json\/wp\/v2\/product"}],"about":[{"href":"https:\/\/ole-box.com\/en\/wp-json\/wp\/v2\/types\/product"}],"version-history":[{"count":8,"href":"https:\/\/ole-box.com\/en\/wp-json\/wp\/v2\/product\/500\/revisions"}],"predecessor-version":[{"id":3510,"href":"https:\/\/ole-box.com\/en\/wp-json\/wp\/v2\/product\/500\/revisions\/3510"}],"wp:featuredmedia":[{"embeddable":true,"href":"https:\/\/ole-box.com\/en\/wp-json\/wp\/v2\/media\/6196"}],"wp:attachment":[{"href":"https:\/\/ole-box.com\/en\/wp-json\/wp\/v2\/media?parent=500"}],"wp:term":[{"taxonomy":"product_brand","embeddable":true,"href":"https:\/\/ole-box.com\/en\/wp-json\/wp\/v2\/product_brand?post=500"},{"taxonomy":"product_cat","embeddable":true,"href":"https:\/\/ole-box.com\/en\/wp-json\/wp\/v2\/product_cat?post=500"},{"taxonomy":"product_tag","embeddable":true,"href":"https:\/\/ole-box.com\/en\/wp-json\/wp\/v2\/product_tag?post=500"}],"curies":[{"name":"wp","href":"https:\/\/api.w.org\/{rel}","templated":true}]}}