{"id":501,"date":"2023-07-17T13:41:20","date_gmt":"2023-07-17T13:41:20","guid":{"rendered":"https:\/\/dummy.xtemos.com\/woodmart2\/games-elementor\/?post_type=product&#038;p=501"},"modified":"2025-12-19T09:26:08","modified_gmt":"2025-12-19T07:26:08","slug":"sv8","status":"publish","type":"product","link":"https:\/\/ole-box.com\/en\/shop\/coreano\/sv8\/","title":{"rendered":"POK\u00c9MON SUPER ELECTRIC BREAKER-JAPON\u00c9S SV8"},"content":{"rendered":"","protected":false},"excerpt":{"rendered":"<p>\u2728\u3010Cartas Coleccionables Pok\u00e9mon: SUPER ELECTRIC BREAKER\u3011\u2728<br data-start=\"244\" data-end=\"247\" \/>La nueva serie <strong data-start=\"262\" data-end=\"281\">\u201cSUPER ELECTRIC BREAKER\u201d<\/strong> tiene como protagonista a Pikachu Teracristalizado, ofreciendo un espect\u00e1culo visual impresionante y cartas de gran poder. Con un dise\u00f1o cristalino deslumbrante, cartas raras ocultas y estrategias de \u00e9lite, cada paquete promete emociones tanto para coleccionistas como para jugadores.<\/p>\n<p>\ud83c\udf1fIncluye 20 sobres con 7 cartas por sobre.<\/p>","protected":false},"featured_media":6197,"template":"","meta":{"_eb_attr":""},"product_brand":[33],"product_cat":[21],"product_tag":[58,61],"class_list":{"0":"post-501","1":"product","2":"type-product","3":"status-publish","4":"has-post-thumbnail","6":"product_brand-pokemon","7":"product_cat-coreano","8":"product_tag-ptcg-los-mas-vendidos","9":"product_tag-ptcg-recomendaciones","11":"first","12":"instock","13":"shipping-taxable","14":"purchasable","15":"product-type-variable"},"_links":{"self":[{"href":"https:\/\/ole-box.com\/en\/wp-json\/wp\/v2\/product\/501","targetHints":{"allow":["GET"]}}],"collection":[{"href":"https:\/\/ole-box.com\/en\/wp-json\/wp\/v2\/product"}],"about":[{"href":"https:\/\/ole-box.com\/en\/wp-json\/wp\/v2\/types\/product"}],"version-history":[{"count":7,"href":"https:\/\/ole-box.com\/en\/wp-json\/wp\/v2\/product\/501\/revisions"}],"predecessor-version":[{"id":3512,"href":"https:\/\/ole-box.com\/en\/wp-json\/wp\/v2\/product\/501\/revisions\/3512"}],"wp:featuredmedia":[{"embeddable":true,"href":"https:\/\/ole-box.com\/en\/wp-json\/wp\/v2\/media\/6197"}],"wp:attachment":[{"href":"https:\/\/ole-box.com\/en\/wp-json\/wp\/v2\/media?parent=501"}],"wp:term":[{"taxonomy":"product_brand","embeddable":true,"href":"https:\/\/ole-box.com\/en\/wp-json\/wp\/v2\/product_brand?post=501"},{"taxonomy":"product_cat","embeddable":true,"href":"https:\/\/ole-box.com\/en\/wp-json\/wp\/v2\/product_cat?post=501"},{"taxonomy":"product_tag","embeddable":true,"href":"https:\/\/ole-box.com\/en\/wp-json\/wp\/v2\/product_tag?post=501"}],"curies":[{"name":"wp","href":"https:\/\/api.w.org\/{rel}","templated":true}]}}