{"id":502,"date":"2023-07-17T13:41:20","date_gmt":"2023-07-17T13:41:20","guid":{"rendered":"https:\/\/dummy.xtemos.com\/woodmart2\/games-elementor\/?post_type=product&#038;p=502"},"modified":"2025-12-19T09:26:44","modified_gmt":"2025-12-19T07:26:44","slug":"sv7a","status":"publish","type":"product","link":"https:\/\/ole-box.com\/en\/shop\/coreano\/sv7a\/","title":{"rendered":"POK\u00c9MON PARADISE DRAGONA-COREANO SV7A"},"content":{"rendered":"","protected":false},"excerpt":{"rendered":"<p data-start=\"210\" data-end=\"598\">\u2728\u3010Cartas Coleccionables Pok\u00e9mon: PARADISE DRAGONA\u3011\u2728<br data-start=\"264\" data-end=\"267\" \/>La nueva serie <strong data-start=\"282\" data-end=\"307\">\u201cPARADISE DRAGONA\u201d<\/strong> combina el encanto del tr\u00f3pico con el poder de los legendarios Latias y Latios, ofreciendo una experiencia visual y de combate \u00fanica. Con elementos tropicales vibrantes, cartas raras brillantes y estrategias poderosas, cada paquete est\u00e1 lleno de sorpresas para coleccionistas y jugadores.<\/p>\n<p data-start=\"600\" data-end=\"754\">\ud83c\udf1fIncluye 30 sobres con 5 cartas por sobre.<\/p>","protected":false},"featured_media":6199,"template":"","meta":{"_eb_attr":""},"product_brand":[33],"product_cat":[21],"product_tag":[58,61],"class_list":{"0":"post-502","1":"product","2":"type-product","3":"status-publish","4":"has-post-thumbnail","6":"product_brand-pokemon","7":"product_cat-coreano","8":"product_tag-ptcg-los-mas-vendidos","9":"product_tag-ptcg-recomendaciones","11":"first","12":"instock","13":"shipping-taxable","14":"purchasable","15":"product-type-variable"},"_links":{"self":[{"href":"https:\/\/ole-box.com\/en\/wp-json\/wp\/v2\/product\/502","targetHints":{"allow":["GET"]}}],"collection":[{"href":"https:\/\/ole-box.com\/en\/wp-json\/wp\/v2\/product"}],"about":[{"href":"https:\/\/ole-box.com\/en\/wp-json\/wp\/v2\/types\/product"}],"version-history":[{"count":7,"href":"https:\/\/ole-box.com\/en\/wp-json\/wp\/v2\/product\/502\/revisions"}],"predecessor-version":[{"id":3513,"href":"https:\/\/ole-box.com\/en\/wp-json\/wp\/v2\/product\/502\/revisions\/3513"}],"wp:featuredmedia":[{"embeddable":true,"href":"https:\/\/ole-box.com\/en\/wp-json\/wp\/v2\/media\/6199"}],"wp:attachment":[{"href":"https:\/\/ole-box.com\/en\/wp-json\/wp\/v2\/media?parent=502"}],"wp:term":[{"taxonomy":"product_brand","embeddable":true,"href":"https:\/\/ole-box.com\/en\/wp-json\/wp\/v2\/product_brand?post=502"},{"taxonomy":"product_cat","embeddable":true,"href":"https:\/\/ole-box.com\/en\/wp-json\/wp\/v2\/product_cat?post=502"},{"taxonomy":"product_tag","embeddable":true,"href":"https:\/\/ole-box.com\/en\/wp-json\/wp\/v2\/product_tag?post=502"}],"curies":[{"name":"wp","href":"https:\/\/api.w.org\/{rel}","templated":true}]}}