{"id":533,"date":"2023-07-17T13:41:33","date_gmt":"2023-07-17T13:41:33","guid":{"rendered":"https:\/\/dummy.xtemos.com\/woodmart2\/games-elementor\/?post_type=product&#038;p=533"},"modified":"2026-05-10T18:07:50","modified_gmt":"2026-05-10T16:07:50","slug":"season-a-letter-to-the-future","status":"publish","type":"product","link":"https:\/\/ole-box.com\/en\/shop\/coreano\/season-a-letter-to-the-future\/","title":{"rendered":"POK\u00c9MON BLACK BOLT-COREANO SV11B"},"content":{"rendered":"","protected":false},"excerpt":{"rendered":"<p>\u2728 <strong data-start=\"230\" data-end=\"275\">Cartas Pok\u00e9mon Black Bolt <\/strong>\u00a0\u2728<br data-start=\"277\" data-end=\"280\" \/>Con el legendario Pok\u00e9mon <strong data-start=\"306\" data-end=\"316\">Zekrom<\/strong> como protagonista, la serie <em data-start=\"345\" data-end=\"357\">Black Bolt<\/em> muestra todo el poder del trueno y la oscuridad.<br data-start=\"406\" data-end=\"409\" \/>Incluye cartas impactantes y artes \u00fanicas que permiten a los jugadores desatar una energ\u00eda sin l\u00edmites en sus combates.<br data-start=\"528\" data-end=\"531\" \/>\u26a1 \u00a1Una colecci\u00f3n imprescindible tanto para coleccionistas como para jugadores!<\/p>\n<p>\ud83c\udf1fIncluye 20 sobres con 7 cartas por sobre.<\/p>","protected":false},"featured_media":6168,"template":"","meta":{"_eb_attr":""},"product_brand":[33],"product_cat":[21],"product_tag":[58,61],"class_list":{"0":"post-533","1":"product","2":"type-product","3":"status-publish","4":"has-post-thumbnail","6":"product_brand-pokemon","7":"product_cat-coreano","8":"product_tag-ptcg-los-mas-vendidos","9":"product_tag-ptcg-recomendaciones","11":"first","12":"instock","13":"featured","14":"shipping-taxable","15":"purchasable","16":"product-type-variable"},"_links":{"self":[{"href":"https:\/\/ole-box.com\/en\/wp-json\/wp\/v2\/product\/533","targetHints":{"allow":["GET"]}}],"collection":[{"href":"https:\/\/ole-box.com\/en\/wp-json\/wp\/v2\/product"}],"about":[{"href":"https:\/\/ole-box.com\/en\/wp-json\/wp\/v2\/types\/product"}],"version-history":[{"count":6,"href":"https:\/\/ole-box.com\/en\/wp-json\/wp\/v2\/product\/533\/revisions"}],"predecessor-version":[{"id":5250,"href":"https:\/\/ole-box.com\/en\/wp-json\/wp\/v2\/product\/533\/revisions\/5250"}],"wp:featuredmedia":[{"embeddable":true,"href":"https:\/\/ole-box.com\/en\/wp-json\/wp\/v2\/media\/6168"}],"wp:attachment":[{"href":"https:\/\/ole-box.com\/en\/wp-json\/wp\/v2\/media?parent=533"}],"wp:term":[{"taxonomy":"product_brand","embeddable":true,"href":"https:\/\/ole-box.com\/en\/wp-json\/wp\/v2\/product_brand?post=533"},{"taxonomy":"product_cat","embeddable":true,"href":"https:\/\/ole-box.com\/en\/wp-json\/wp\/v2\/product_cat?post=533"},{"taxonomy":"product_tag","embeddable":true,"href":"https:\/\/ole-box.com\/en\/wp-json\/wp\/v2\/product_tag?post=533"}],"curies":[{"name":"wp","href":"https:\/\/api.w.org\/{rel}","templated":true}]}}