{"id":534,"date":"2023-07-17T13:41:33","date_gmt":"2023-07-17T13:41:33","guid":{"rendered":"https:\/\/dummy.xtemos.com\/woodmart2\/games-elementor\/?post_type=product&#038;p=534"},"modified":"2026-04-13T15:39:42","modified_gmt":"2026-04-13T13:39:42","slug":"future-flash","status":"publish","type":"product","link":"https:\/\/ole-box.com\/en\/shop\/japones\/future-flash\/","title":{"rendered":"POK\u00c9MON FUTURE FLASH-JAPON\u00c9S SV4M"},"content":{"rendered":"<div data-elementor-type=\"wp-post\" data-elementor-id=\"534\" class=\"elementor elementor-534\" data-elementor-post-type=\"product\">\n\t\t\t\t<div class=\"wd-negative-gap elementor-element elementor-element-bf1c569 e-flex e-con-boxed e-con e-parent\" data-id=\"bf1c569\" data-element_type=\"container\" data-e-type=\"container\">\n\t\t\t\t\t<div class=\"e-con-inner\">\n\t\t\t\t<div class=\"elementor-element elementor-element-6c9516a wd-width-100 elementor-widget elementor-widget-wd_images_gallery\" data-id=\"6c9516a\" data-element_type=\"widget\" data-e-type=\"widget\" data-widget_type=\"wd_images_gallery.default\">\n\t\t\t\t<div class=\"elementor-widget-container\">\n\t\t\t\t\t\t\t<div class=\"wd-images-gallery photoswipe-images wd-carousel-container\" style=\"--wd-align-items:center; --wd-justify-content:center;\">\n\t\t\t\t\t\t\t<div class=\"wd-carousel-inner\">\n\t\t\t\t\t\t<div class=\"wd-carousel wd-grid\" data-scroll_per_page=\"yes\" style=\"--wd-col-lg:5;--wd-col-md:3;--wd-col-sm:3;--wd-gap-lg:0px;\">\n\t\t\t\t\t\t\t\t\t<div class=\"wd-carousel-wrap\">\n\t\t\t\t\t\t\t\t\t\t\t\t\t\t\t\t\t\t\t\t\t\t\t\t\t\t\t\t\t\t\t\t\t\t\t\t\t\t\t<\/div>\n\t\t\t\t\t\t\t\t<\/div>\n\t\t\t\t\t\t\t\t\t\t\t\t\t\t<div class=\"wd-nav-arrows wd-pos-sep wd-hover-1 wd-icon-1\">\n\t\t\t<div class=\"wd-btn-arrow wd-prev wd-disabled\">\n\t\t\t\t<div class=\"wd-arrow-inner\"><\/div>\n\t\t\t<\/div>\n\t\t\t<div class=\"wd-btn-arrow wd-next\">\n\t\t\t\t<div class=\"wd-arrow-inner\"><\/div>\n\t\t\t<\/div>\n\t\t<\/div>\n\t\t\t\t\t\t\n\t\t\t\t<\/div>\n\n\t\t\t\t\t\t\t\t\t\t\t\t\t<\/div>\n\t\t\t\t\t\t<\/div>\n\t\t\t\t<\/div>\n\t\t\t\t\t<\/div>\n\t\t\t\t<\/div>\n\t\t<div class=\"wd-negative-gap elementor-element elementor-element-81d7244 e-flex e-con-boxed e-con e-parent\" data-id=\"81d7244\" data-element_type=\"container\" data-e-type=\"container\">\n\t\t\t\t\t<div class=\"e-con-inner\">\n\t\t\t\t<div class=\"elementor-element elementor-element-a07277e elementor-widget elementor-widget-wd_text_block\" data-id=\"a07277e\" data-element_type=\"widget\" data-e-type=\"widget\" data-widget_type=\"wd_text_block.default\">\n\t\t\t\t<div class=\"elementor-widget-container\">\n\t\t\t\t\t\t\t<div class=\"wd-text-block reset-last-child text-left\">\n\t\t\t\n\t\t\t<h3 class=\"p1\"><b>Descripci\u00f3n: <\/b><\/h3><h3 class=\"p1\"><b>cartas especiales incluidas en los sobres<\/b><span class=\"s1\"><b>\uff1a<\/b><\/span><\/h3><p>\u00a0<\/p>\n\t\t\t\t\t<\/div>\n\t\t\t\t\t\t<\/div>\n\t\t\t\t<\/div>\n\t\t\t\t\t<\/div>\n\t\t\t\t<\/div>\n\t\t<div class=\"wd-negative-gap elementor-element elementor-element-d35ac26 e-flex e-con-boxed e-con e-parent\" data-id=\"d35ac26\" data-element_type=\"container\" data-e-type=\"container\">\n\t\t\t\t\t<div class=\"e-con-inner\">\n\t\t\t\t<div class=\"elementor-element elementor-element-b817421 elementor-widget elementor-widget-wd_image_or_svg\" data-id=\"b817421\" data-element_type=\"widget\" data-e-type=\"widget\" data-widget_type=\"wd_image_or_svg.default\">\n\t\t\t\t<div class=\"elementor-widget-container\">\n\t\t\t\t\t\n\t\t<div class=\"wd-image text-center\">\n\t\t\t\t\t\t\t\t<img fetchpriority=\"high\" decoding=\"async\" width=\"1500\" height=\"419\" src=\"https:\/\/ole-box.com\/wp-content\/uploads\/2023\/07\/POKEMON-FUTURE-FLASH-JAPONES-SV4M-1-.webp\" class=\"attachment-full size-full\" alt=\"\" srcset=\"https:\/\/ole-box.com\/wp-content\/uploads\/2023\/07\/POKEMON-FUTURE-FLASH-JAPONES-SV4M-1-.webp 1500w, https:\/\/ole-box.com\/wp-content\/uploads\/2023\/07\/POKEMON-FUTURE-FLASH-JAPONES-SV4M-1--400x112.webp 400w, https:\/\/ole-box.com\/wp-content\/uploads\/2023\/07\/POKEMON-FUTURE-FLASH-JAPONES-SV4M-1--1300x363.webp 1300w, https:\/\/ole-box.com\/wp-content\/uploads\/2023\/07\/POKEMON-FUTURE-FLASH-JAPONES-SV4M-1--768x215.webp 768w, https:\/\/ole-box.com\/wp-content\/uploads\/2023\/07\/POKEMON-FUTURE-FLASH-JAPONES-SV4M-1--18x5.webp 18w, https:\/\/ole-box.com\/wp-content\/uploads\/2023\/07\/POKEMON-FUTURE-FLASH-JAPONES-SV4M-1--430x120.webp 430w, https:\/\/ole-box.com\/wp-content\/uploads\/2023\/07\/POKEMON-FUTURE-FLASH-JAPONES-SV4M-1--700x196.webp 700w, https:\/\/ole-box.com\/wp-content\/uploads\/2023\/07\/POKEMON-FUTURE-FLASH-JAPONES-SV4M-1--150x42.webp 150w\" sizes=\"(max-width: 1500px) 100vw, 1500px\" \/>\t\t\t\t\t<\/div>\n\n\t\t\t\t\t\t<\/div>\n\t\t\t\t<\/div>\n\t\t\t\t<div class=\"elementor-element elementor-element-154bcf7 elementor-widget elementor-widget-wd_image_or_svg\" data-id=\"154bcf7\" data-element_type=\"widget\" data-e-type=\"widget\" data-widget_type=\"wd_image_or_svg.default\">\n\t\t\t\t<div class=\"elementor-widget-container\">\n\t\t\t\t\t\n\t\t<div class=\"wd-image text-center\">\n\t\t\t\t\t\t\t\t<img decoding=\"async\" width=\"1200\" height=\"419\" src=\"https:\/\/ole-box.com\/wp-content\/uploads\/2023\/07\/POKEMON-FUTURE-FLASH-JAPONES-SV4M-2-.webp\" class=\"attachment-full size-full\" alt=\"\" srcset=\"https:\/\/ole-box.com\/wp-content\/uploads\/2023\/07\/POKEMON-FUTURE-FLASH-JAPONES-SV4M-2-.webp 1200w, https:\/\/ole-box.com\/wp-content\/uploads\/2023\/07\/POKEMON-FUTURE-FLASH-JAPONES-SV4M-2--400x140.webp 400w, https:\/\/ole-box.com\/wp-content\/uploads\/2023\/07\/POKEMON-FUTURE-FLASH-JAPONES-SV4M-2--768x268.webp 768w, https:\/\/ole-box.com\/wp-content\/uploads\/2023\/07\/POKEMON-FUTURE-FLASH-JAPONES-SV4M-2--18x6.webp 18w, https:\/\/ole-box.com\/wp-content\/uploads\/2023\/07\/POKEMON-FUTURE-FLASH-JAPONES-SV4M-2--430x150.webp 430w, https:\/\/ole-box.com\/wp-content\/uploads\/2023\/07\/POKEMON-FUTURE-FLASH-JAPONES-SV4M-2--700x244.webp 700w, https:\/\/ole-box.com\/wp-content\/uploads\/2023\/07\/POKEMON-FUTURE-FLASH-JAPONES-SV4M-2--150x52.webp 150w\" sizes=\"(max-width: 1200px) 100vw, 1200px\" \/>\t\t\t\t\t<\/div>\n\n\t\t\t\t\t\t<\/div>\n\t\t\t\t<\/div>\n\t\t\t\t\t<\/div>\n\t\t\t\t<\/div>\n\t\t\t\t<\/div>","protected":false},"excerpt":{"rendered":"<p data-start=\"240\" data-end=\"296\">\u26a1Paquete de Expansi\u00f3n Pok\u00e9mon <strong>Future Flash<\/strong>\u26a1<\/p>\n<p data-start=\"298\" data-end=\"708\">\ud83d\ude80 \u00a1La nueva serie japonesa \u201c\u672a\u6765\u306e\u4e00\u9583 (<strong>Future Flash<\/strong>)\u201d llega con un impacto impresionante!<br data-start=\"384\" data-end=\"387\" \/>Inspirada en la tecnolog\u00eda y el poder del futuro, sus cartas presentan un dise\u00f1o lleno de ciencia ficci\u00f3n y modernidad, incluyendo Pok\u00e9mon legendarios y nuevas mec\u00e1nicas innovadoras. Ya sea para tu colecci\u00f3n o para el juego competitivo, \u00a1cada sobre abrir\u00e1 la puerta a una aventura futurista llena de emoci\u00f3n y misterio!<\/p>\n<p data-start=\"298\" data-end=\"708\">\ud83c\udf1fIncluye 30 sobres con 5 cartas por sobre.<\/p>","protected":false},"featured_media":6024,"template":"","meta":{"_eb_attr":""},"product_brand":[33],"product_cat":[20],"product_tag":[],"class_list":{"0":"post-534","1":"product","2":"type-product","3":"status-publish","4":"has-post-thumbnail","6":"product_brand-pokemon","7":"product_cat-japones","9":"first","10":"instock","11":"shipping-taxable","12":"purchasable","13":"product-type-variable"},"_links":{"self":[{"href":"https:\/\/ole-box.com\/en\/wp-json\/wp\/v2\/product\/534","targetHints":{"allow":["GET"]}}],"collection":[{"href":"https:\/\/ole-box.com\/en\/wp-json\/wp\/v2\/product"}],"about":[{"href":"https:\/\/ole-box.com\/en\/wp-json\/wp\/v2\/types\/product"}],"version-history":[{"count":17,"href":"https:\/\/ole-box.com\/en\/wp-json\/wp\/v2\/product\/534\/revisions"}],"predecessor-version":[{"id":6526,"href":"https:\/\/ole-box.com\/en\/wp-json\/wp\/v2\/product\/534\/revisions\/6526"}],"wp:featuredmedia":[{"embeddable":true,"href":"https:\/\/ole-box.com\/en\/wp-json\/wp\/v2\/media\/6024"}],"wp:attachment":[{"href":"https:\/\/ole-box.com\/en\/wp-json\/wp\/v2\/media?parent=534"}],"wp:term":[{"taxonomy":"product_brand","embeddable":true,"href":"https:\/\/ole-box.com\/en\/wp-json\/wp\/v2\/product_brand?post=534"},{"taxonomy":"product_cat","embeddable":true,"href":"https:\/\/ole-box.com\/en\/wp-json\/wp\/v2\/product_cat?post=534"},{"taxonomy":"product_tag","embeddable":true,"href":"https:\/\/ole-box.com\/en\/wp-json\/wp\/v2\/product_tag?post=534"}],"curies":[{"name":"wp","href":"https:\/\/api.w.org\/{rel}","templated":true}]}}