{"id":535,"date":"2023-07-17T13:41:33","date_gmt":"2023-07-17T13:41:33","guid":{"rendered":"https:\/\/dummy.xtemos.com\/woodmart2\/games-elementor\/?post_type=product&#038;p=535"},"modified":"2026-04-13T15:41:45","modified_gmt":"2026-04-13T13:41:45","slug":"cyber-judge","status":"publish","type":"product","link":"https:\/\/ole-box.com\/en\/shop\/japones\/cyber-judge\/","title":{"rendered":"POK\u00c9MON CYBER JUDGE-JAPON\u00c9S SV5M"},"content":{"rendered":"<div data-elementor-type=\"wp-post\" data-elementor-id=\"535\" class=\"elementor elementor-535\" data-elementor-post-type=\"product\">\n\t\t\t\t<div class=\"wd-negative-gap elementor-element elementor-element-6db12fd e-flex e-con-boxed e-con e-parent\" data-id=\"6db12fd\" data-element_type=\"container\" data-e-type=\"container\">\n\t\t\t\t\t<div class=\"e-con-inner\">\n\t\t\t\t<div class=\"elementor-element elementor-element-51f05bd elementor-widget elementor-widget-wd_text_block\" data-id=\"51f05bd\" data-element_type=\"widget\" data-e-type=\"widget\" data-widget_type=\"wd_text_block.default\">\n\t\t\t\t<div class=\"elementor-widget-container\">\n\t\t\t\t\t\t\t<div class=\"wd-text-block reset-last-child text-left\">\n\t\t\t\n\t\t\t<h3 class=\"p1\"><b>Descripci\u00f3n: <\/b><\/h3><h3 class=\"p1\"><b>cartas especiales incluidas en los sobres<\/b><span class=\"s1\"><b>\uff1a<\/b><\/span><\/h3><p>\u00a0<\/p>\n\t\t\t\t\t<\/div>\n\t\t\t\t\t\t<\/div>\n\t\t\t\t<\/div>\n\t\t\t\t<div class=\"elementor-element elementor-element-e152858 elementor-widget elementor-widget-wd_image_or_svg\" data-id=\"e152858\" data-element_type=\"widget\" data-e-type=\"widget\" data-widget_type=\"wd_image_or_svg.default\">\n\t\t\t\t<div class=\"elementor-widget-container\">\n\t\t\t\t\t\n\t\t<div class=\"wd-image text-center\">\n\t\t\t\t\t\t\t\t<img fetchpriority=\"high\" decoding=\"async\" width=\"1500\" height=\"419\" src=\"https:\/\/ole-box.com\/wp-content\/uploads\/2023\/07\/POKEMON-CYBER-JUDGE-JAPONES-SV5M-1-.jpg\" class=\"attachment-full size-full\" alt=\"\" srcset=\"https:\/\/ole-box.com\/wp-content\/uploads\/2023\/07\/POKEMON-CYBER-JUDGE-JAPONES-SV5M-1-.jpg 1500w, https:\/\/ole-box.com\/wp-content\/uploads\/2023\/07\/POKEMON-CYBER-JUDGE-JAPONES-SV5M-1--400x112.jpg 400w, https:\/\/ole-box.com\/wp-content\/uploads\/2023\/07\/POKEMON-CYBER-JUDGE-JAPONES-SV5M-1--1300x363.jpg 1300w, https:\/\/ole-box.com\/wp-content\/uploads\/2023\/07\/POKEMON-CYBER-JUDGE-JAPONES-SV5M-1--768x215.jpg 768w, https:\/\/ole-box.com\/wp-content\/uploads\/2023\/07\/POKEMON-CYBER-JUDGE-JAPONES-SV5M-1--18x5.jpg 18w, https:\/\/ole-box.com\/wp-content\/uploads\/2023\/07\/POKEMON-CYBER-JUDGE-JAPONES-SV5M-1--430x120.jpg 430w, https:\/\/ole-box.com\/wp-content\/uploads\/2023\/07\/POKEMON-CYBER-JUDGE-JAPONES-SV5M-1--700x196.jpg 700w, https:\/\/ole-box.com\/wp-content\/uploads\/2023\/07\/POKEMON-CYBER-JUDGE-JAPONES-SV5M-1--150x42.jpg 150w\" sizes=\"(max-width: 1500px) 100vw, 1500px\" \/>\t\t\t\t\t<\/div>\n\n\t\t\t\t\t\t<\/div>\n\t\t\t\t<\/div>\n\t\t\t\t<div class=\"elementor-element elementor-element-849e11f elementor-widget elementor-widget-wd_image_or_svg\" data-id=\"849e11f\" data-element_type=\"widget\" data-e-type=\"widget\" data-widget_type=\"wd_image_or_svg.default\">\n\t\t\t\t<div class=\"elementor-widget-container\">\n\t\t\t\t\t\n\t\t<div class=\"wd-image text-center\">\n\t\t\t\t\t\t\t\t<img decoding=\"async\" width=\"1200\" height=\"419\" src=\"https:\/\/ole-box.com\/wp-content\/uploads\/2023\/07\/POKEMON-CYBER-JUDGE-JAPONES-SV5M-2-.jpg\" class=\"attachment-full size-full\" alt=\"\" srcset=\"https:\/\/ole-box.com\/wp-content\/uploads\/2023\/07\/POKEMON-CYBER-JUDGE-JAPONES-SV5M-2-.jpg 1200w, https:\/\/ole-box.com\/wp-content\/uploads\/2023\/07\/POKEMON-CYBER-JUDGE-JAPONES-SV5M-2--400x140.jpg 400w, https:\/\/ole-box.com\/wp-content\/uploads\/2023\/07\/POKEMON-CYBER-JUDGE-JAPONES-SV5M-2--768x268.jpg 768w, https:\/\/ole-box.com\/wp-content\/uploads\/2023\/07\/POKEMON-CYBER-JUDGE-JAPONES-SV5M-2--18x6.jpg 18w, https:\/\/ole-box.com\/wp-content\/uploads\/2023\/07\/POKEMON-CYBER-JUDGE-JAPONES-SV5M-2--430x150.jpg 430w, https:\/\/ole-box.com\/wp-content\/uploads\/2023\/07\/POKEMON-CYBER-JUDGE-JAPONES-SV5M-2--700x244.jpg 700w, https:\/\/ole-box.com\/wp-content\/uploads\/2023\/07\/POKEMON-CYBER-JUDGE-JAPONES-SV5M-2--150x52.jpg 150w\" sizes=\"(max-width: 1200px) 100vw, 1200px\" \/>\t\t\t\t\t<\/div>\n\n\t\t\t\t\t\t<\/div>\n\t\t\t\t<\/div>\n\t\t\t\t\t<\/div>\n\t\t\t\t<\/div>\n\t\t\t\t<\/div>","protected":false},"excerpt":{"rendered":"<p data-start=\"236\" data-end=\"293\">\ud83c\udf0cPaquete de Expansi\u00f3n Pok\u00e9mon <strong>Cyber Judge<\/strong>\ud83c\udf0c<\/p>\n<p data-start=\"295\" data-end=\"724\">\u26a1 \u00a1La nueva serie japonesa \u201c\u30b5\u30a4\u30d0\u30fc\u30b8\u30e3\u30c3\u30b8 (<strong>Cyber Judge<\/strong>)\u201d llega con un poder impresionante!<br data-start=\"380\" data-end=\"383\" \/>Con una tem\u00e1tica inspirada en la tecnolog\u00eda futurista y el poder del juicio, incluye poderosos Pok\u00e9mon legendarios y nuevas cartas especiales. Su dise\u00f1o con estilo cibern\u00e9tico ofrece un impacto visual \u00fanico y un gran valor para coleccionistas.<br data-start=\"626\" data-end=\"629\" \/>Ya seas coleccionista o jugador competitivo, \u00a1esta expansi\u00f3n ser\u00e1 el nuevo n\u00facleo de tu mazo!<\/p>\n<p data-start=\"295\" data-end=\"724\">\ud83c\udf1fIncluye 30 sobres con 5 cartas por sobre.<\/p>","protected":false},"featured_media":6154,"template":"","meta":{"_eb_attr":""},"product_brand":[33],"product_cat":[20],"product_tag":[],"class_list":{"0":"post-535","1":"product","2":"type-product","3":"status-publish","4":"has-post-thumbnail","6":"product_brand-pokemon","7":"product_cat-japones","9":"first","10":"instock","11":"featured","12":"shipping-taxable","13":"purchasable","14":"product-type-variable"},"_links":{"self":[{"href":"https:\/\/ole-box.com\/en\/wp-json\/wp\/v2\/product\/535","targetHints":{"allow":["GET"]}}],"collection":[{"href":"https:\/\/ole-box.com\/en\/wp-json\/wp\/v2\/product"}],"about":[{"href":"https:\/\/ole-box.com\/en\/wp-json\/wp\/v2\/types\/product"}],"version-history":[{"count":11,"href":"https:\/\/ole-box.com\/en\/wp-json\/wp\/v2\/product\/535\/revisions"}],"predecessor-version":[{"id":6599,"href":"https:\/\/ole-box.com\/en\/wp-json\/wp\/v2\/product\/535\/revisions\/6599"}],"wp:featuredmedia":[{"embeddable":true,"href":"https:\/\/ole-box.com\/en\/wp-json\/wp\/v2\/media\/6154"}],"wp:attachment":[{"href":"https:\/\/ole-box.com\/en\/wp-json\/wp\/v2\/media?parent=535"}],"wp:term":[{"taxonomy":"product_brand","embeddable":true,"href":"https:\/\/ole-box.com\/en\/wp-json\/wp\/v2\/product_brand?post=535"},{"taxonomy":"product_cat","embeddable":true,"href":"https:\/\/ole-box.com\/en\/wp-json\/wp\/v2\/product_cat?post=535"},{"taxonomy":"product_tag","embeddable":true,"href":"https:\/\/ole-box.com\/en\/wp-json\/wp\/v2\/product_tag?post=535"}],"curies":[{"name":"wp","href":"https:\/\/api.w.org\/{rel}","templated":true}]}}