{"id":536,"date":"2023-07-17T13:41:33","date_gmt":"2023-07-17T13:41:33","guid":{"rendered":"https:\/\/dummy.xtemos.com\/woodmart2\/games-elementor\/?post_type=product&#038;p=536"},"modified":"2026-02-11T20:12:14","modified_gmt":"2026-02-11T18:12:14","slug":"mega-symphonia-set","status":"publish","type":"product","link":"https:\/\/ole-box.com\/en\/shop\/japones\/mega-symphonia-set\/","title":{"rendered":"POK\u00c9MON MEGA EVOLUTIONS-MEGA SYMPHONIA SET-JAPON\u00c9S"},"content":{"rendered":"<div data-elementor-type=\"wp-post\" data-elementor-id=\"536\" class=\"elementor elementor-536\" data-elementor-post-type=\"product\">\n\t\t\t\t<div class=\"wd-negative-gap elementor-element elementor-element-e704680 e-flex e-con-boxed e-con e-parent\" data-id=\"e704680\" data-element_type=\"container\" data-e-type=\"container\">\n\t\t\t\t\t<div class=\"e-con-inner\">\n\t\t\t\t<div class=\"elementor-element elementor-element-96338e7 wd-width-100 elementor-widget elementor-widget-wd_images_gallery\" data-id=\"96338e7\" data-element_type=\"widget\" data-e-type=\"widget\" data-widget_type=\"wd_images_gallery.default\">\n\t\t\t\t<div class=\"elementor-widget-container\">\n\t\t\t\t\t\t\t<div class=\"wd-images-gallery photoswipe-images wd-carousel-container\" style=\"--wd-align-items:center; --wd-justify-content:center;\">\n\t\t\t\t\t\t\t<div class=\"wd-carousel-inner\">\n\t\t\t\t\t\t<div class=\"wd-carousel wd-grid\" data-scroll_per_page=\"yes\" style=\"--wd-col-lg:5;--wd-col-md:3;--wd-col-sm:3;--wd-gap-lg:0px;\">\n\t\t\t\t\t\t\t\t\t<div class=\"wd-carousel-wrap\">\n\t\t\t\t\t\t\t\t\t\t\t\t\t\t\t\t\t\t\t\t\t\t\t\t\t\t\t\t\t\t\t\t\t\t\t\t\t\t\t\t\t\t\t\t<\/div>\n\t\t\t\t\t\t\t\t<\/div>\n\t\t\t\t\t\t\t\t\t\t\t\t\t\t<div class=\"wd-nav-arrows wd-pos-sep wd-hover-1 wd-icon-1\">\n\t\t\t<div class=\"wd-btn-arrow wd-prev wd-disabled\">\n\t\t\t\t<div class=\"wd-arrow-inner\"><\/div>\n\t\t\t<\/div>\n\t\t\t<div class=\"wd-btn-arrow wd-next\">\n\t\t\t\t<div class=\"wd-arrow-inner\"><\/div>\n\t\t\t<\/div>\n\t\t<\/div>\n\t\t\t\t\t\t\n\t\t\t\t<\/div>\n\n\t\t\t\t\t\t\t\t\t\t\t\t\t<\/div>\n\t\t\t\t\t\t<\/div>\n\t\t\t\t<\/div>\n\t\t\t\t\t<\/div>\n\t\t\t\t<\/div>\n\t\t<div class=\"wd-negative-gap elementor-element elementor-element-78caba1 e-flex e-con-boxed e-con e-parent\" data-id=\"78caba1\" data-element_type=\"container\" data-e-type=\"container\">\n\t\t\t\t\t<div class=\"e-con-inner\">\n\t\t\t\t<div class=\"elementor-element elementor-element-a4901ae elementor-widget elementor-widget-wd_image_or_svg\" data-id=\"a4901ae\" data-element_type=\"widget\" data-e-type=\"widget\" data-widget_type=\"wd_image_or_svg.default\">\n\t\t\t\t<div class=\"elementor-widget-container\">\n\t\t\t\t\t\n\t\t<div class=\"wd-image text-center\">\n\t\t\t\t\t\t\t\t<img fetchpriority=\"high\" decoding=\"async\" width=\"800\" height=\"800\" src=\"https:\/\/ole-box.com\/wp-content\/uploads\/2023\/07\/POKEMON-MEGA-EVOLUTIONS-MEGA-SYMPHONIA-SET-JAPONES-800x800.webp\" class=\"attachment-large size-large\" alt=\"\" srcset=\"https:\/\/ole-box.com\/wp-content\/uploads\/2023\/07\/POKEMON-MEGA-EVOLUTIONS-MEGA-SYMPHONIA-SET-JAPONES-800x800.webp 800w, https:\/\/ole-box.com\/wp-content\/uploads\/2023\/07\/POKEMON-MEGA-EVOLUTIONS-MEGA-SYMPHONIA-SET-JAPONES-300x300.webp 300w, https:\/\/ole-box.com\/wp-content\/uploads\/2023\/07\/POKEMON-MEGA-EVOLUTIONS-MEGA-SYMPHONIA-SET-JAPONES-150x150.webp 150w, https:\/\/ole-box.com\/wp-content\/uploads\/2023\/07\/POKEMON-MEGA-EVOLUTIONS-MEGA-SYMPHONIA-SET-JAPONES-768x768.webp 768w, https:\/\/ole-box.com\/wp-content\/uploads\/2023\/07\/POKEMON-MEGA-EVOLUTIONS-MEGA-SYMPHONIA-SET-JAPONES-1536x1536.webp 1536w, https:\/\/ole-box.com\/wp-content\/uploads\/2023\/07\/POKEMON-MEGA-EVOLUTIONS-MEGA-SYMPHONIA-SET-JAPONES-12x12.webp 12w, https:\/\/ole-box.com\/wp-content\/uploads\/2023\/07\/POKEMON-MEGA-EVOLUTIONS-MEGA-SYMPHONIA-SET-JAPONES-430x430.webp 430w, https:\/\/ole-box.com\/wp-content\/uploads\/2023\/07\/POKEMON-MEGA-EVOLUTIONS-MEGA-SYMPHONIA-SET-JAPONES-700x700.webp 700w, https:\/\/ole-box.com\/wp-content\/uploads\/2023\/07\/POKEMON-MEGA-EVOLUTIONS-MEGA-SYMPHONIA-SET-JAPONES.webp 1600w\" sizes=\"(max-width: 800px) 100vw, 800px\" \/>\t\t\t\t\t<\/div>\n\n\t\t\t\t\t\t<\/div>\n\t\t\t\t<\/div>\n\t\t\t\t\t<\/div>\n\t\t\t\t<\/div>\n\t\t\t\t<\/div>","protected":false},"excerpt":{"rendered":"<p data-start=\"426\" data-end=\"492\">\u2728Caja de Colecci\u00f3n Pok\u00e9mon Mega Sinfonia \u2013 Pok\u00e9mon Center Set\u2728<\/p>\n<p data-start=\"494\" data-end=\"1072\">Este set exclusivo y de edici\u00f3n limitada <strong data-start=\"535\" data-end=\"567\">Mega Sinfonia Pok\u00e9mon Center<\/strong> es un lujo imperdible para jugadores y coleccionistas.<br data-start=\"622\" data-end=\"625\" \/>Incluye <strong data-start=\"633\" data-end=\"704\">2 cajas de sobres de expansi\u00f3n \u201cMega Sinfonia\u201d (60 sobres en total)<\/strong> para ampliar tu colecci\u00f3n r\u00e1pidamente;<br data-start=\"743\" data-end=\"746\" \/>adem\u00e1s de <strong data-start=\"756\" data-end=\"833\">fundas protectoras de cartas con dise\u00f1o especial de Acerola (64 unidades)<\/strong> y una <strong data-start=\"840\" data-end=\"875\">caja para mazos con separadores<\/strong>, que dar\u00e1n un estilo \u00fanico a tu colecci\u00f3n;<br data-start=\"918\" data-end=\"921\" \/>y como extra, recibir\u00e1s una <strong data-start=\"949\" data-end=\"1013\">caja de almacenamiento de cartas y 4 separadores adicionales<\/strong>, ideales para organizar y proteger tus cartas favoritas.<\/p>","protected":false},"featured_media":6145,"template":"","meta":{"_eb_attr":""},"product_brand":[33],"product_cat":[20],"product_tag":[58,57,61],"class_list":{"0":"post-536","1":"product","2":"type-product","3":"status-publish","4":"has-post-thumbnail","6":"product_brand-pokemon","7":"product_cat-japones","8":"product_tag-ptcg-los-mas-vendidos","9":"product_tag-ptcg-novedades","10":"product_tag-ptcg-recomendaciones","12":"first","13":"onbackorder","14":"sale","15":"shipping-taxable","16":"purchasable","17":"product-type-simple"},"_links":{"self":[{"href":"https:\/\/ole-box.com\/en\/wp-json\/wp\/v2\/product\/536","targetHints":{"allow":["GET"]}}],"collection":[{"href":"https:\/\/ole-box.com\/en\/wp-json\/wp\/v2\/product"}],"about":[{"href":"https:\/\/ole-box.com\/en\/wp-json\/wp\/v2\/types\/product"}],"version-history":[{"count":9,"href":"https:\/\/ole-box.com\/en\/wp-json\/wp\/v2\/product\/536\/revisions"}],"predecessor-version":[{"id":6515,"href":"https:\/\/ole-box.com\/en\/wp-json\/wp\/v2\/product\/536\/revisions\/6515"}],"wp:featuredmedia":[{"embeddable":true,"href":"https:\/\/ole-box.com\/en\/wp-json\/wp\/v2\/media\/6145"}],"wp:attachment":[{"href":"https:\/\/ole-box.com\/en\/wp-json\/wp\/v2\/media?parent=536"}],"wp:term":[{"taxonomy":"product_brand","embeddable":true,"href":"https:\/\/ole-box.com\/en\/wp-json\/wp\/v2\/product_brand?post=536"},{"taxonomy":"product_cat","embeddable":true,"href":"https:\/\/ole-box.com\/en\/wp-json\/wp\/v2\/product_cat?post=536"},{"taxonomy":"product_tag","embeddable":true,"href":"https:\/\/ole-box.com\/en\/wp-json\/wp\/v2\/product_tag?post=536"}],"curies":[{"name":"wp","href":"https:\/\/api.w.org\/{rel}","templated":true}]}}