{"id":538,"date":"2023-07-17T13:41:33","date_gmt":"2023-07-17T13:41:33","guid":{"rendered":"https:\/\/dummy.xtemos.com\/woodmart2\/games-elementor\/?post_type=product&#038;p=538"},"modified":"2026-04-13T15:42:21","modified_gmt":"2026-04-13T13:42:21","slug":"wild-force","status":"publish","type":"product","link":"https:\/\/ole-box.com\/en\/shop\/japones\/wild-force\/","title":{"rendered":"POK\u00c9MON WILD FORCE-JAPON\u00c9S SV5K"},"content":{"rendered":"<div data-elementor-type=\"wp-post\" data-elementor-id=\"538\" class=\"elementor elementor-538\" data-elementor-post-type=\"product\">\n\t\t\t\t<div class=\"wd-negative-gap elementor-element elementor-element-52a222f e-flex e-con-boxed e-con e-parent\" data-id=\"52a222f\" data-element_type=\"container\" data-e-type=\"container\">\n\t\t\t\t\t<div class=\"e-con-inner\">\n\t\t\t\t<div class=\"elementor-element elementor-element-b99eecf elementor-widget elementor-widget-wd_text_block\" data-id=\"b99eecf\" data-element_type=\"widget\" data-e-type=\"widget\" data-widget_type=\"wd_text_block.default\">\n\t\t\t\t<div class=\"elementor-widget-container\">\n\t\t\t\t\t\t\t<div class=\"wd-text-block reset-last-child text-left\">\n\t\t\t\n\t\t\t<h3 class=\"p1\"><b>Descripci\u00f3n: <\/b><\/h3><h3 class=\"p1\"><b>cartas especiales incluidas en los sobres<\/b><span class=\"s1\"><b>\uff1a<\/b><\/span><\/h3><p>\u00a0<\/p>\n\t\t\t\t\t<\/div>\n\t\t\t\t\t\t<\/div>\n\t\t\t\t<\/div>\n\t\t\t\t<div class=\"elementor-element elementor-element-e3dc8d2 elementor-widget elementor-widget-wd_image_or_svg\" data-id=\"e3dc8d2\" data-element_type=\"widget\" data-e-type=\"widget\" data-widget_type=\"wd_image_or_svg.default\">\n\t\t\t\t<div class=\"elementor-widget-container\">\n\t\t\t\t\t\n\t\t<div class=\"wd-image text-center\">\n\t\t\t\t\t\t\t\t<img fetchpriority=\"high\" decoding=\"async\" width=\"1500\" height=\"419\" src=\"https:\/\/ole-box.com\/wp-content\/uploads\/2023\/07\/POKEMON-WILD-FORCE-JAPONES-SV5K-2-.png\" class=\"attachment-full size-full\" alt=\"\" srcset=\"https:\/\/ole-box.com\/wp-content\/uploads\/2023\/07\/POKEMON-WILD-FORCE-JAPONES-SV5K-2-.png 1500w, https:\/\/ole-box.com\/wp-content\/uploads\/2023\/07\/POKEMON-WILD-FORCE-JAPONES-SV5K-2--400x112.png 400w, https:\/\/ole-box.com\/wp-content\/uploads\/2023\/07\/POKEMON-WILD-FORCE-JAPONES-SV5K-2--1300x363.png 1300w, https:\/\/ole-box.com\/wp-content\/uploads\/2023\/07\/POKEMON-WILD-FORCE-JAPONES-SV5K-2--768x215.png 768w, https:\/\/ole-box.com\/wp-content\/uploads\/2023\/07\/POKEMON-WILD-FORCE-JAPONES-SV5K-2--18x5.png 18w, https:\/\/ole-box.com\/wp-content\/uploads\/2023\/07\/POKEMON-WILD-FORCE-JAPONES-SV5K-2--430x120.png 430w, https:\/\/ole-box.com\/wp-content\/uploads\/2023\/07\/POKEMON-WILD-FORCE-JAPONES-SV5K-2--700x196.png 700w, https:\/\/ole-box.com\/wp-content\/uploads\/2023\/07\/POKEMON-WILD-FORCE-JAPONES-SV5K-2--150x42.png 150w\" sizes=\"(max-width: 1500px) 100vw, 1500px\" \/>\t\t\t\t\t<\/div>\n\n\t\t\t\t\t\t<\/div>\n\t\t\t\t<\/div>\n\t\t\t\t<div class=\"elementor-element elementor-element-a77f86a elementor-widget elementor-widget-wd_image_or_svg\" data-id=\"a77f86a\" data-element_type=\"widget\" data-e-type=\"widget\" data-widget_type=\"wd_image_or_svg.default\">\n\t\t\t\t<div class=\"elementor-widget-container\">\n\t\t\t\t\t\n\t\t<div class=\"wd-image text-center\">\n\t\t\t\t\t\t\t\t<img decoding=\"async\" width=\"1200\" height=\"419\" src=\"https:\/\/ole-box.com\/wp-content\/uploads\/2023\/07\/POKEMON-WILD-FORCE-JAPONES-SV5K-3-.png\" class=\"attachment-full size-full\" alt=\"\" srcset=\"https:\/\/ole-box.com\/wp-content\/uploads\/2023\/07\/POKEMON-WILD-FORCE-JAPONES-SV5K-3-.png 1200w, https:\/\/ole-box.com\/wp-content\/uploads\/2023\/07\/POKEMON-WILD-FORCE-JAPONES-SV5K-3--400x140.png 400w, https:\/\/ole-box.com\/wp-content\/uploads\/2023\/07\/POKEMON-WILD-FORCE-JAPONES-SV5K-3--768x268.png 768w, https:\/\/ole-box.com\/wp-content\/uploads\/2023\/07\/POKEMON-WILD-FORCE-JAPONES-SV5K-3--18x6.png 18w, https:\/\/ole-box.com\/wp-content\/uploads\/2023\/07\/POKEMON-WILD-FORCE-JAPONES-SV5K-3--430x150.png 430w, https:\/\/ole-box.com\/wp-content\/uploads\/2023\/07\/POKEMON-WILD-FORCE-JAPONES-SV5K-3--700x244.png 700w, https:\/\/ole-box.com\/wp-content\/uploads\/2023\/07\/POKEMON-WILD-FORCE-JAPONES-SV5K-3--150x52.png 150w\" sizes=\"(max-width: 1200px) 100vw, 1200px\" \/>\t\t\t\t\t<\/div>\n\n\t\t\t\t\t\t<\/div>\n\t\t\t\t<\/div>\n\t\t\t\t\t<\/div>\n\t\t\t\t<\/div>\n\t\t\t\t<\/div>","protected":false},"excerpt":{"rendered":"<p data-start=\"228\" data-end=\"284\">\ud83c\udf3fPaquete de Expansi\u00f3n Pok\u00e9mon <strong>Wild Force<\/strong>\ud83c\udf3f<\/p>\n<p data-start=\"286\" data-end=\"796\">\ud83d\udd25 \u00a1La nueva serie japonesa \u201c\u30ef\u30a4\u30eb\u30c9\u30d5\u30a9\u30fc\u30b9 (<strong>Wild Force)<\/strong>\u201d llega con toda la fuerza de la naturaleza!<br data-start=\"380\" data-end=\"383\" \/>Con una tem\u00e1tica inspirada en la energ\u00eda salvaje y los poderes primordiales, incluye poderosos Pok\u00e9mon legendarios y nuevas cartas de habilidades. Su dise\u00f1o con atm\u00f3sfera de aventura en la jungla hace que cada sobre sea una experiencia llena de emoci\u00f3n y descubrimiento.<br data-start=\"653\" data-end=\"656\" \/>Ya seas coleccionista o jugador competitivo, \u00a1esta expansi\u00f3n te traer\u00e1 posibilidades infinitas y todo el encanto de la naturaleza salvaje!<\/p>\n<p data-start=\"286\" data-end=\"796\">\ud83c\udf1fIncluye 30 sobres con 5 cartas por sobre.<\/p>","protected":false},"featured_media":6161,"template":"","meta":{"_eb_attr":""},"product_brand":[33],"product_cat":[20],"product_tag":[],"class_list":{"0":"post-538","1":"product","2":"type-product","3":"status-publish","4":"has-post-thumbnail","6":"product_brand-pokemon","7":"product_cat-japones","9":"first","10":"instock","11":"shipping-taxable","12":"purchasable","13":"product-type-variable"},"_links":{"self":[{"href":"https:\/\/ole-box.com\/en\/wp-json\/wp\/v2\/product\/538","targetHints":{"allow":["GET"]}}],"collection":[{"href":"https:\/\/ole-box.com\/en\/wp-json\/wp\/v2\/product"}],"about":[{"href":"https:\/\/ole-box.com\/en\/wp-json\/wp\/v2\/types\/product"}],"version-history":[{"count":11,"href":"https:\/\/ole-box.com\/en\/wp-json\/wp\/v2\/product\/538\/revisions"}],"predecessor-version":[{"id":6645,"href":"https:\/\/ole-box.com\/en\/wp-json\/wp\/v2\/product\/538\/revisions\/6645"}],"wp:featuredmedia":[{"embeddable":true,"href":"https:\/\/ole-box.com\/en\/wp-json\/wp\/v2\/media\/6161"}],"wp:attachment":[{"href":"https:\/\/ole-box.com\/en\/wp-json\/wp\/v2\/media?parent=538"}],"wp:term":[{"taxonomy":"product_brand","embeddable":true,"href":"https:\/\/ole-box.com\/en\/wp-json\/wp\/v2\/product_brand?post=538"},{"taxonomy":"product_cat","embeddable":true,"href":"https:\/\/ole-box.com\/en\/wp-json\/wp\/v2\/product_cat?post=538"},{"taxonomy":"product_tag","embeddable":true,"href":"https:\/\/ole-box.com\/en\/wp-json\/wp\/v2\/product_tag?post=538"}],"curies":[{"name":"wp","href":"https:\/\/api.w.org\/{rel}","templated":true}]}}