{"id":540,"date":"2023-07-17T13:41:33","date_gmt":"2023-07-17T13:41:33","guid":{"rendered":"https:\/\/dummy.xtemos.com\/woodmart2\/games-elementor\/?post_type=product&#038;p=540"},"modified":"2026-04-13T15:41:14","modified_gmt":"2026-04-13T13:41:14","slug":"ancient-roar","status":"publish","type":"product","link":"https:\/\/ole-box.com\/en\/shop\/japones\/ancient-roar\/","title":{"rendered":"POK\u00c9MON ANCIENT ROAR-JAPON\u00c9S SV4K"},"content":{"rendered":"<div data-elementor-type=\"wp-post\" data-elementor-id=\"540\" class=\"elementor elementor-540\" data-elementor-post-type=\"product\">\n\t\t\t\t<div class=\"wd-negative-gap elementor-element elementor-element-ae5c3a6 e-flex e-con-boxed e-con e-parent\" data-id=\"ae5c3a6\" data-element_type=\"container\" data-e-type=\"container\">\n\t\t\t\t\t<div class=\"e-con-inner\">\n\t\t\t\t<div class=\"elementor-element elementor-element-b9ec7f9 wd-width-100 elementor-widget elementor-widget-wd_images_gallery\" data-id=\"b9ec7f9\" data-element_type=\"widget\" data-e-type=\"widget\" data-widget_type=\"wd_images_gallery.default\">\n\t\t\t\t<div class=\"elementor-widget-container\">\n\t\t\t\t\t\t\t<div class=\"wd-images-gallery photoswipe-images wd-carousel-container\" style=\"--wd-align-items:center; --wd-justify-content:center;\">\n\t\t\t\t\t\t\t<div class=\"wd-carousel-inner\">\n\t\t\t\t\t\t<div class=\"wd-carousel wd-grid\" data-scroll_per_page=\"yes\" style=\"--wd-col-lg:5;--wd-col-md:3;--wd-col-sm:3;--wd-gap-lg:0px;\">\n\t\t\t\t\t\t\t\t\t<div class=\"wd-carousel-wrap\">\n\t\t\t\t\t\t\t\t\t\t\t\t\t\t\t\t\t\t\t\t\t\t\t\t\t\t\t\t\t\t\t\t\t\t\t\t\t\t\t<\/div>\n\t\t\t\t\t\t\t\t<\/div>\n\t\t\t\t\t\t\t\t\t\t\t\t\t\t<div class=\"wd-nav-arrows wd-pos-sep wd-hover-1 wd-icon-1\">\n\t\t\t<div class=\"wd-btn-arrow wd-prev wd-disabled\">\n\t\t\t\t<div class=\"wd-arrow-inner\"><\/div>\n\t\t\t<\/div>\n\t\t\t<div class=\"wd-btn-arrow wd-next\">\n\t\t\t\t<div class=\"wd-arrow-inner\"><\/div>\n\t\t\t<\/div>\n\t\t<\/div>\n\t\t\t\t\t\t\n\t\t\t\t<\/div>\n\n\t\t\t\t\t\t\t\t\t\t\t\t\t<\/div>\n\t\t\t\t\t\t<\/div>\n\t\t\t\t<\/div>\n\t\t\t\t\t<\/div>\n\t\t\t\t<\/div>\n\t\t<div class=\"wd-negative-gap elementor-element elementor-element-93be129 e-flex e-con-boxed e-con e-parent\" data-id=\"93be129\" data-element_type=\"container\" data-e-type=\"container\">\n\t\t\t\t\t<div class=\"e-con-inner\">\n\t\t\t\t<div class=\"elementor-element elementor-element-287a61d elementor-widget elementor-widget-wd_text_block\" data-id=\"287a61d\" data-element_type=\"widget\" data-e-type=\"widget\" data-widget_type=\"wd_text_block.default\">\n\t\t\t\t<div class=\"elementor-widget-container\">\n\t\t\t\t\t\t\t<div class=\"wd-text-block reset-last-child text-left\">\n\t\t\t\n\t\t\t<h3 class=\"p1\"><b>Descripci\u00f3n: <\/b><\/h3><h3 class=\"p1\"><b>cartas especiales incluidas en los sobres<\/b><span class=\"s1\"><b>\uff1a<\/b><\/span><\/h3><p>\u00a0<\/p>\n\t\t\t\t\t<\/div>\n\t\t\t\t\t\t<\/div>\n\t\t\t\t<\/div>\n\t\t\t\t\t<\/div>\n\t\t\t\t<\/div>\n\t\t<div class=\"wd-negative-gap elementor-element elementor-element-c9b830d e-flex e-con-boxed e-con e-parent\" data-id=\"c9b830d\" data-element_type=\"container\" data-e-type=\"container\">\n\t\t\t\t\t<div class=\"e-con-inner\">\n\t\t\t\t<div class=\"elementor-element elementor-element-e831320 elementor-widget elementor-widget-wd_image_or_svg\" data-id=\"e831320\" data-element_type=\"widget\" data-e-type=\"widget\" data-widget_type=\"wd_image_or_svg.default\">\n\t\t\t\t<div class=\"elementor-widget-container\">\n\t\t\t\t\t\n\t\t<div class=\"wd-image text-center\">\n\t\t\t\t\t\t\t\t<img fetchpriority=\"high\" decoding=\"async\" width=\"1500\" height=\"419\" src=\"https:\/\/ole-box.com\/wp-content\/uploads\/2023\/07\/POKEMON-ANCIENT-ROAR-JAPONES-SV4K-1-.jpg\" class=\"attachment-full size-full\" alt=\"\" srcset=\"https:\/\/ole-box.com\/wp-content\/uploads\/2023\/07\/POKEMON-ANCIENT-ROAR-JAPONES-SV4K-1-.jpg 1500w, https:\/\/ole-box.com\/wp-content\/uploads\/2023\/07\/POKEMON-ANCIENT-ROAR-JAPONES-SV4K-1--400x112.jpg 400w, https:\/\/ole-box.com\/wp-content\/uploads\/2023\/07\/POKEMON-ANCIENT-ROAR-JAPONES-SV4K-1--1300x363.jpg 1300w, https:\/\/ole-box.com\/wp-content\/uploads\/2023\/07\/POKEMON-ANCIENT-ROAR-JAPONES-SV4K-1--768x215.jpg 768w, https:\/\/ole-box.com\/wp-content\/uploads\/2023\/07\/POKEMON-ANCIENT-ROAR-JAPONES-SV4K-1--18x5.jpg 18w, https:\/\/ole-box.com\/wp-content\/uploads\/2023\/07\/POKEMON-ANCIENT-ROAR-JAPONES-SV4K-1--430x120.jpg 430w, https:\/\/ole-box.com\/wp-content\/uploads\/2023\/07\/POKEMON-ANCIENT-ROAR-JAPONES-SV4K-1--700x196.jpg 700w, https:\/\/ole-box.com\/wp-content\/uploads\/2023\/07\/POKEMON-ANCIENT-ROAR-JAPONES-SV4K-1--150x42.jpg 150w\" sizes=\"(max-width: 1500px) 100vw, 1500px\" \/>\t\t\t\t\t<\/div>\n\n\t\t\t\t\t\t<\/div>\n\t\t\t\t<\/div>\n\t\t\t\t<div class=\"elementor-element elementor-element-7262b21 elementor-widget elementor-widget-wd_image_or_svg\" data-id=\"7262b21\" data-element_type=\"widget\" data-e-type=\"widget\" data-widget_type=\"wd_image_or_svg.default\">\n\t\t\t\t<div class=\"elementor-widget-container\">\n\t\t\t\t\t\n\t\t<div class=\"wd-image text-center\">\n\t\t\t\t\t\t\t\t<img decoding=\"async\" width=\"1200\" height=\"419\" src=\"https:\/\/ole-box.com\/wp-content\/uploads\/2023\/07\/POKEMON-ANCIENT-ROAR-JAPONES-SV4K-2-.jpg\" class=\"attachment-full size-full\" alt=\"\" srcset=\"https:\/\/ole-box.com\/wp-content\/uploads\/2023\/07\/POKEMON-ANCIENT-ROAR-JAPONES-SV4K-2-.jpg 1200w, https:\/\/ole-box.com\/wp-content\/uploads\/2023\/07\/POKEMON-ANCIENT-ROAR-JAPONES-SV4K-2--400x140.jpg 400w, https:\/\/ole-box.com\/wp-content\/uploads\/2023\/07\/POKEMON-ANCIENT-ROAR-JAPONES-SV4K-2--768x268.jpg 768w, https:\/\/ole-box.com\/wp-content\/uploads\/2023\/07\/POKEMON-ANCIENT-ROAR-JAPONES-SV4K-2--18x6.jpg 18w, https:\/\/ole-box.com\/wp-content\/uploads\/2023\/07\/POKEMON-ANCIENT-ROAR-JAPONES-SV4K-2--430x150.jpg 430w, https:\/\/ole-box.com\/wp-content\/uploads\/2023\/07\/POKEMON-ANCIENT-ROAR-JAPONES-SV4K-2--700x244.jpg 700w, https:\/\/ole-box.com\/wp-content\/uploads\/2023\/07\/POKEMON-ANCIENT-ROAR-JAPONES-SV4K-2--150x52.jpg 150w\" sizes=\"(max-width: 1200px) 100vw, 1200px\" \/>\t\t\t\t\t<\/div>\n\n\t\t\t\t\t\t<\/div>\n\t\t\t\t<\/div>\n\t\t\t\t\t<\/div>\n\t\t\t\t<\/div>\n\t\t\t\t<\/div>","protected":false},"excerpt":{"rendered":"<p data-start=\"257\" data-end=\"315\">\ud83d\udd25Paquete de Expansi\u00f3n Pok\u00e9mon <strong>Ancient Roar<\/strong>\ud83d\udd25<\/p>\n<p data-start=\"317\" data-end=\"732\">\ud83d\udc09 \u00a1La nueva serie japonesa \u201c\u53e4\u4ee3\u306e\u5486\u54ee (<strong>Ancient Roar<\/strong>)\u201d llega con toda su fuerza ancestral!<br data-start=\"403\" data-end=\"406\" \/>Inspirada en el poder y las leyendas del pasado, incluye poderosos Pok\u00e9mon antiguos de gran valor coleccionable. Cada carta refleja la energ\u00eda primitiva y un dise\u00f1o \u00fanico que te transportar\u00e1 a la era ancestral de Pok\u00e9mon. \u00a1Perfecto tanto para coleccionistas como para jugadores competitivos que buscan una experiencia \u00e9pica!<\/p>\n<p data-start=\"317\" data-end=\"732\">\ud83c\udf1fIncluye 30 sobres con 5 cartas por sobre.<\/p>","protected":false},"featured_media":6132,"template":"","meta":{"_eb_attr":""},"product_brand":[33],"product_cat":[20],"product_tag":[],"class_list":{"0":"post-540","1":"product","2":"type-product","3":"status-publish","4":"has-post-thumbnail","6":"product_brand-pokemon","7":"product_cat-japones","9":"first","10":"instock","11":"shipping-taxable","12":"purchasable","13":"product-type-variable"},"_links":{"self":[{"href":"https:\/\/ole-box.com\/en\/wp-json\/wp\/v2\/product\/540","targetHints":{"allow":["GET"]}}],"collection":[{"href":"https:\/\/ole-box.com\/en\/wp-json\/wp\/v2\/product"}],"about":[{"href":"https:\/\/ole-box.com\/en\/wp-json\/wp\/v2\/types\/product"}],"version-history":[{"count":12,"href":"https:\/\/ole-box.com\/en\/wp-json\/wp\/v2\/product\/540\/revisions"}],"predecessor-version":[{"id":6644,"href":"https:\/\/ole-box.com\/en\/wp-json\/wp\/v2\/product\/540\/revisions\/6644"}],"wp:featuredmedia":[{"embeddable":true,"href":"https:\/\/ole-box.com\/en\/wp-json\/wp\/v2\/media\/6132"}],"wp:attachment":[{"href":"https:\/\/ole-box.com\/en\/wp-json\/wp\/v2\/media?parent=540"}],"wp:term":[{"taxonomy":"product_brand","embeddable":true,"href":"https:\/\/ole-box.com\/en\/wp-json\/wp\/v2\/product_brand?post=540"},{"taxonomy":"product_cat","embeddable":true,"href":"https:\/\/ole-box.com\/en\/wp-json\/wp\/v2\/product_cat?post=540"},{"taxonomy":"product_tag","embeddable":true,"href":"https:\/\/ole-box.com\/en\/wp-json\/wp\/v2\/product_tag?post=540"}],"curies":[{"name":"wp","href":"https:\/\/api.w.org\/{rel}","templated":true}]}}