{"id":542,"date":"2023-07-17T13:41:33","date_gmt":"2023-07-17T13:41:33","guid":{"rendered":"https:\/\/dummy.xtemos.com\/woodmart2\/games-elementor\/?post_type=product&#038;p=542"},"modified":"2026-05-10T18:12:41","modified_gmt":"2026-05-10T16:12:41","slug":"tiny-tinas-wonderlands","status":"publish","type":"product","link":"https:\/\/ole-box.com\/en\/shop\/coreano\/tiny-tinas-wonderlands\/","title":{"rendered":"POK\u00c9MON 151-COREANO SV2A"},"content":{"rendered":"","protected":false},"excerpt":{"rendered":"<p data-start=\"25\" data-end=\"440\">\u2728 <strong data-start=\"27\" data-end=\"65\">Cartas Pok\u00e9mon 151 <\/strong>\u2728<br data-start=\"67\" data-end=\"70\" \/>\u00a1Revive el encanto cl\u00e1sico de la primera generaci\u00f3n de Pok\u00e9mon! Esta edici\u00f3n especial de la serie <strong data-start=\"168\" data-end=\"183\">Pok\u00e9mon 151<\/strong> incluye a los 151 Pok\u00e9mon de la regi\u00f3n de Kanto, desde Mew hasta Pikachu, para una colecci\u00f3n verdaderamente completa.<br data-start=\"301\" data-end=\"304\" data-is-only-node=\"\" \/>Con un dise\u00f1o de cartas exquisito, es una pieza imprescindible tanto para jugadores como para coleccionistas. \u00a1No te lo puedes perder!<\/p>\n<p data-start=\"25\" data-end=\"440\">\ud83c\udf1fIncluye 20 sobres con 7 cartas por sobre.<\/p>","protected":false},"featured_media":6177,"template":"","meta":{"_eb_attr":""},"product_brand":[33],"product_cat":[21],"product_tag":[58,61],"class_list":{"0":"post-542","1":"product","2":"type-product","3":"status-publish","4":"has-post-thumbnail","6":"product_brand-pokemon","7":"product_cat-coreano","8":"product_tag-ptcg-los-mas-vendidos","9":"product_tag-ptcg-recomendaciones","11":"first","12":"outofstock","13":"shipping-taxable","14":"purchasable","15":"product-type-variable"},"_links":{"self":[{"href":"https:\/\/ole-box.com\/en\/wp-json\/wp\/v2\/product\/542","targetHints":{"allow":["GET"]}}],"collection":[{"href":"https:\/\/ole-box.com\/en\/wp-json\/wp\/v2\/product"}],"about":[{"href":"https:\/\/ole-box.com\/en\/wp-json\/wp\/v2\/types\/product"}],"version-history":[{"count":8,"href":"https:\/\/ole-box.com\/en\/wp-json\/wp\/v2\/product\/542\/revisions"}],"predecessor-version":[{"id":3411,"href":"https:\/\/ole-box.com\/en\/wp-json\/wp\/v2\/product\/542\/revisions\/3411"}],"wp:featuredmedia":[{"embeddable":true,"href":"https:\/\/ole-box.com\/en\/wp-json\/wp\/v2\/media\/6177"}],"wp:attachment":[{"href":"https:\/\/ole-box.com\/en\/wp-json\/wp\/v2\/media?parent=542"}],"wp:term":[{"taxonomy":"product_brand","embeddable":true,"href":"https:\/\/ole-box.com\/en\/wp-json\/wp\/v2\/product_brand?post=542"},{"taxonomy":"product_cat","embeddable":true,"href":"https:\/\/ole-box.com\/en\/wp-json\/wp\/v2\/product_cat?post=542"},{"taxonomy":"product_tag","embeddable":true,"href":"https:\/\/ole-box.com\/en\/wp-json\/wp\/v2\/product_tag?post=542"}],"curies":[{"name":"wp","href":"https:\/\/api.w.org\/{rel}","templated":true}]}}