{"id":545,"date":"2023-07-17T13:41:34","date_gmt":"2023-07-17T13:41:34","guid":{"rendered":"https:\/\/dummy.xtemos.com\/woodmart2\/games-elementor\/?post_type=product&#038;p=545"},"modified":"2026-03-24T17:09:06","modified_gmt":"2026-03-24T15:09:06","slug":"shiny-treasure-ex","status":"publish","type":"product","link":"https:\/\/ole-box.com\/en\/shop\/japones\/shiny-treasure-ex\/","title":{"rendered":"POK\u00c9MON SHINY TREASURE EX-JAPON\u00c9S SV4A"},"content":{"rendered":"<div data-elementor-type=\"wp-post\" data-elementor-id=\"545\" class=\"elementor elementor-545\" data-elementor-post-type=\"product\">\n\t\t\t\t<div class=\"wd-negative-gap elementor-element elementor-element-5a3808d e-flex e-con-boxed e-con e-parent\" data-id=\"5a3808d\" data-element_type=\"container\" data-e-type=\"container\">\n\t\t\t\t\t<div class=\"e-con-inner\">\n\t\t\t\t<div class=\"elementor-element elementor-element-17f6033 elementor-widget elementor-widget-wd_text_block\" data-id=\"17f6033\" data-element_type=\"widget\" data-e-type=\"widget\" data-widget_type=\"wd_text_block.default\">\n\t\t\t\t<div class=\"elementor-widget-container\">\n\t\t\t\t\t\t\t<div class=\"wd-text-block reset-last-child text-left\">\n\t\t\t\n\t\t\t<h3 class=\"p1\"><b>Descripci\u00f3n:<\/b><\/h3><h3 class=\"p1\"><b> cartas especiales incluidas en los sobres<\/b><span class=\"s1\"><b>\uff1a<\/b><\/span><\/h3><p>\u00a0<\/p>\n\t\t\t\t\t<\/div>\n\t\t\t\t\t\t<\/div>\n\t\t\t\t<\/div>\n\t\t\t\t\t<\/div>\n\t\t\t\t<\/div>\n\t\t<div class=\"wd-negative-gap elementor-element elementor-element-db14d7b e-flex e-con-boxed e-con e-parent\" data-id=\"db14d7b\" data-element_type=\"container\" data-e-type=\"container\">\n\t\t\t\t\t<div class=\"e-con-inner\">\n\t\t\t\t<div class=\"elementor-element elementor-element-368e17e elementor-widget elementor-widget-wd_image_or_svg\" data-id=\"368e17e\" data-element_type=\"widget\" data-e-type=\"widget\" data-widget_type=\"wd_image_or_svg.default\">\n\t\t\t\t<div class=\"elementor-widget-container\">\n\t\t\t\t\t\n\t\t<div class=\"wd-image text-center\">\n\t\t\t\t\t\t\t\t<img fetchpriority=\"high\" decoding=\"async\" width=\"1500\" height=\"419\" src=\"https:\/\/ole-box.com\/wp-content\/uploads\/2023\/07\/POKEMON-1-SHINY-TREASURE-EX-JAPONES-SV4A.webp\" class=\"attachment-full size-full\" alt=\"\" srcset=\"https:\/\/ole-box.com\/wp-content\/uploads\/2023\/07\/POKEMON-1-SHINY-TREASURE-EX-JAPONES-SV4A.webp 1500w, https:\/\/ole-box.com\/wp-content\/uploads\/2023\/07\/POKEMON-1-SHINY-TREASURE-EX-JAPONES-SV4A-400x112.webp 400w, https:\/\/ole-box.com\/wp-content\/uploads\/2023\/07\/POKEMON-1-SHINY-TREASURE-EX-JAPONES-SV4A-1300x363.webp 1300w, https:\/\/ole-box.com\/wp-content\/uploads\/2023\/07\/POKEMON-1-SHINY-TREASURE-EX-JAPONES-SV4A-768x215.webp 768w, https:\/\/ole-box.com\/wp-content\/uploads\/2023\/07\/POKEMON-1-SHINY-TREASURE-EX-JAPONES-SV4A-18x5.webp 18w, https:\/\/ole-box.com\/wp-content\/uploads\/2023\/07\/POKEMON-1-SHINY-TREASURE-EX-JAPONES-SV4A-430x120.webp 430w, https:\/\/ole-box.com\/wp-content\/uploads\/2023\/07\/POKEMON-1-SHINY-TREASURE-EX-JAPONES-SV4A-700x196.webp 700w, https:\/\/ole-box.com\/wp-content\/uploads\/2023\/07\/POKEMON-1-SHINY-TREASURE-EX-JAPONES-SV4A-150x42.webp 150w\" sizes=\"(max-width: 1500px) 100vw, 1500px\" \/>\t\t\t\t\t<\/div>\n\n\t\t\t\t\t\t<\/div>\n\t\t\t\t<\/div>\n\t\t\t\t\t<\/div>\n\t\t\t\t<\/div>\n\t\t\t\t<\/div>","protected":false},"excerpt":{"rendered":"<p data-start=\"271\" data-end=\"334\">\ud83c\udf1fPaquete de Expansi\u00f3n Pok\u00e9mon <strong>Shiny Treasure ex<\/strong>\ud83c\udf1f<\/p>\n<p data-start=\"336\" data-end=\"857\">\ud83d\udd25 \u00a1La nueva serie japonesa \u201c\u30b7\u30e3\u30a4\u30cb\u30fc\u30c8\u30ec\u30b8\u30e3\u30fcex (<strong>Shiny Treasure ex<\/strong>)\u201d llega con todo su esplendor!<br data-start=\"427\" data-end=\"430\" \/>Esta expansi\u00f3n re\u00fane a numerosos Pok\u00e9mon populares en sus versiones brillantes, cada carta resplandece como un verdadero tesoro.<br data-start=\"558\" data-end=\"561\" \/>Incluye de manera aleatoria poderosos Pok\u00e9mon y formas alternas shiny, ofreciendo una experiencia \u00fanica tanto para coleccionistas como para jugadores competitivos.<br data-start=\"724\" data-end=\"727\" \/>\u00a1Ya sea para tu colecci\u00f3n o para tus batallas, Shiny Treasure ex es una expansi\u00f3n imprescindible para todos los fans de Pok\u00e9mon!<\/p>\n<p data-start=\"336\" data-end=\"857\">\ud83c\udf1fIncluye 10 sobres con 10 cartas por sobre.<\/p>","protected":false},"featured_media":6015,"template":"","meta":{"_eb_attr":""},"product_brand":[33],"product_cat":[20],"product_tag":[],"class_list":{"0":"post-545","1":"product","2":"type-product","3":"status-publish","4":"has-post-thumbnail","6":"product_brand-pokemon","7":"product_cat-japones","9":"first","10":"instock","11":"shipping-taxable","12":"purchasable","13":"product-type-variable"},"_links":{"self":[{"href":"https:\/\/ole-box.com\/en\/wp-json\/wp\/v2\/product\/545","targetHints":{"allow":["GET"]}}],"collection":[{"href":"https:\/\/ole-box.com\/en\/wp-json\/wp\/v2\/product"}],"about":[{"href":"https:\/\/ole-box.com\/en\/wp-json\/wp\/v2\/types\/product"}],"version-history":[{"count":12,"href":"https:\/\/ole-box.com\/en\/wp-json\/wp\/v2\/product\/545\/revisions"}],"predecessor-version":[{"id":6525,"href":"https:\/\/ole-box.com\/en\/wp-json\/wp\/v2\/product\/545\/revisions\/6525"}],"wp:featuredmedia":[{"embeddable":true,"href":"https:\/\/ole-box.com\/en\/wp-json\/wp\/v2\/media\/6015"}],"wp:attachment":[{"href":"https:\/\/ole-box.com\/en\/wp-json\/wp\/v2\/media?parent=545"}],"wp:term":[{"taxonomy":"product_brand","embeddable":true,"href":"https:\/\/ole-box.com\/en\/wp-json\/wp\/v2\/product_brand?post=545"},{"taxonomy":"product_cat","embeddable":true,"href":"https:\/\/ole-box.com\/en\/wp-json\/wp\/v2\/product_cat?post=545"},{"taxonomy":"product_tag","embeddable":true,"href":"https:\/\/ole-box.com\/en\/wp-json\/wp\/v2\/product_tag?post=545"}],"curies":[{"name":"wp","href":"https:\/\/api.w.org\/{rel}","templated":true}]}}