{"id":548,"date":"2023-07-17T13:41:34","date_gmt":"2023-07-17T13:41:34","guid":{"rendered":"https:\/\/dummy.xtemos.com\/woodmart2\/games-elementor\/?post_type=product&#038;p=548"},"modified":"2026-04-13T15:42:56","modified_gmt":"2026-04-13T13:42:56","slug":"paradise-dragona","status":"publish","type":"product","link":"https:\/\/ole-box.com\/en\/shop\/japones\/paradise-dragona\/","title":{"rendered":"POK\u00c9MON PARADISE DRAGONA-JAPON\u00c9S SV7A"},"content":{"rendered":"<div data-elementor-type=\"wp-post\" data-elementor-id=\"548\" class=\"elementor elementor-548\" data-elementor-post-type=\"product\">\n\t\t\t\t<div class=\"wd-negative-gap elementor-element elementor-element-826af2a e-flex e-con-boxed e-con e-parent\" data-id=\"826af2a\" data-element_type=\"container\" data-e-type=\"container\">\n\t\t\t\t\t<div class=\"e-con-inner\">\n\t\t\t\t<div class=\"elementor-element elementor-element-02f6074 wd-width-100 elementor-widget elementor-widget-wd_images_gallery\" data-id=\"02f6074\" data-element_type=\"widget\" data-e-type=\"widget\" data-widget_type=\"wd_images_gallery.default\">\n\t\t\t\t<div class=\"elementor-widget-container\">\n\t\t\t\t\t\t\t<div class=\"wd-images-gallery photoswipe-images wd-carousel-container\" style=\"--wd-align-items:center; --wd-justify-content:center;\">\n\t\t\t\t\t\t\t<div class=\"wd-carousel-inner\">\n\t\t\t\t\t\t<div class=\"wd-carousel wd-grid\" data-scroll_per_page=\"yes\" style=\"--wd-col-lg:5;--wd-col-md:3;--wd-col-sm:3;--wd-gap-lg:0px;\">\n\t\t\t\t\t\t\t\t\t<div class=\"wd-carousel-wrap\">\n\t\t\t\t\t\t\t\t\t\t\t\t\t\t\t\t\t\t\t\t\t\t\t\t\t\t\t\t\t\t\t\t\t\t\t\t\t\t\t\t\t\t\t\t<\/div>\n\t\t\t\t\t\t\t\t<\/div>\n\t\t\t\t\t\t\t\t\t\t\t\t\t\t<div class=\"wd-nav-arrows wd-pos-sep wd-hover-1 wd-icon-1\">\n\t\t\t<div class=\"wd-btn-arrow wd-prev wd-disabled\">\n\t\t\t\t<div class=\"wd-arrow-inner\"><\/div>\n\t\t\t<\/div>\n\t\t\t<div class=\"wd-btn-arrow wd-next\">\n\t\t\t\t<div class=\"wd-arrow-inner\"><\/div>\n\t\t\t<\/div>\n\t\t<\/div>\n\t\t\t\t\t\t\n\t\t\t\t<\/div>\n\n\t\t\t\t\t\t\t\t\t\t\t\t\t<\/div>\n\t\t\t\t\t\t<\/div>\n\t\t\t\t<\/div>\n\t\t\t\t<div class=\"elementor-element elementor-element-edc3c88 wd-width-100 elementor-widget elementor-widget-wd_images_gallery\" data-id=\"edc3c88\" data-element_type=\"widget\" data-e-type=\"widget\" data-widget_type=\"wd_images_gallery.default\">\n\t\t\t\t<div class=\"elementor-widget-container\">\n\t\t\t\t\t\t\t<div class=\"wd-images-gallery photoswipe-images wd-carousel-container\" style=\"--wd-align-items:center; --wd-justify-content:center;\">\n\t\t\t\t\t\t\t<div class=\"wd-carousel-inner\">\n\t\t\t\t\t\t<div class=\"wd-carousel wd-grid\" data-scroll_per_page=\"yes\" style=\"--wd-col-lg:5;--wd-col-md:3;--wd-col-sm:3;--wd-gap-lg:0px;\">\n\t\t\t\t\t\t\t\t\t<div class=\"wd-carousel-wrap\">\n\t\t\t\t\t\t\t\t\t\t\t\t\t\t\t\t\t\t\t\t\t\t\t\t\t\t\t\t\t\t\t\t\t\t\t\t\t\t\t\t\t\t\t\t<\/div>\n\t\t\t\t\t\t\t\t<\/div>\n\t\t\t\t\t\t\t\t\t\t\t\t\t\t<div class=\"wd-nav-arrows wd-pos-sep wd-hover-1 wd-icon-1\">\n\t\t\t<div class=\"wd-btn-arrow wd-prev wd-disabled\">\n\t\t\t\t<div class=\"wd-arrow-inner\"><\/div>\n\t\t\t<\/div>\n\t\t\t<div class=\"wd-btn-arrow wd-next\">\n\t\t\t\t<div class=\"wd-arrow-inner\"><\/div>\n\t\t\t<\/div>\n\t\t<\/div>\n\t\t\t\t\t\t\n\t\t\t\t<\/div>\n\n\t\t\t\t\t\t\t\t\t\t\t\t\t<\/div>\n\t\t\t\t\t\t<\/div>\n\t\t\t\t<\/div>\n\t\t\t\t\t<\/div>\n\t\t\t\t<\/div>\n\t\t<div class=\"wd-negative-gap elementor-element elementor-element-1ecc7d0 e-flex e-con-boxed e-con e-parent\" data-id=\"1ecc7d0\" data-element_type=\"container\" data-e-type=\"container\">\n\t\t\t\t\t<div class=\"e-con-inner\">\n\t\t\t\t<div class=\"elementor-element elementor-element-513e3b1 elementor-widget elementor-widget-wd_text_block\" data-id=\"513e3b1\" data-element_type=\"widget\" data-e-type=\"widget\" data-widget_type=\"wd_text_block.default\">\n\t\t\t\t<div class=\"elementor-widget-container\">\n\t\t\t\t\t\t\t<div class=\"wd-text-block reset-last-child text-left\">\n\t\t\t\n\t\t\t<h3 class=\"p1\"><b>Descripci\u00f3n: <\/b><\/h3><h3 class=\"p1\"><b>cartas especiales incluidas en los sobres<\/b><span class=\"s1\"><b>\uff1a<\/b><\/span><\/h3><p>\u00a0<\/p>\n\t\t\t\t\t<\/div>\n\t\t\t\t\t\t<\/div>\n\t\t\t\t<\/div>\n\t\t\t\t\t<\/div>\n\t\t\t\t<\/div>\n\t\t<div class=\"wd-negative-gap elementor-element elementor-element-6c84252 e-flex e-con-boxed e-con e-parent\" data-id=\"6c84252\" data-element_type=\"container\" data-e-type=\"container\">\n\t\t\t\t\t<div class=\"e-con-inner\">\n\t\t\t\t<div class=\"elementor-element elementor-element-313e0fe elementor-widget elementor-widget-wd_image_or_svg\" data-id=\"313e0fe\" data-element_type=\"widget\" data-e-type=\"widget\" data-widget_type=\"wd_image_or_svg.default\">\n\t\t\t\t<div class=\"elementor-widget-container\">\n\t\t\t\t\t\n\t\t<div class=\"wd-image text-center\">\n\t\t\t\t\t\t\t\t<img fetchpriority=\"high\" decoding=\"async\" width=\"1500\" height=\"419\" src=\"https:\/\/ole-box.com\/wp-content\/uploads\/2023\/07\/POKEMON-PARADISE-DRAGONA-JAPONES-SV7A.webp\" class=\"attachment-full size-full\" alt=\"\" srcset=\"https:\/\/ole-box.com\/wp-content\/uploads\/2023\/07\/POKEMON-PARADISE-DRAGONA-JAPONES-SV7A.webp 1500w, https:\/\/ole-box.com\/wp-content\/uploads\/2023\/07\/POKEMON-PARADISE-DRAGONA-JAPONES-SV7A-400x112.webp 400w, https:\/\/ole-box.com\/wp-content\/uploads\/2023\/07\/POKEMON-PARADISE-DRAGONA-JAPONES-SV7A-1300x363.webp 1300w, https:\/\/ole-box.com\/wp-content\/uploads\/2023\/07\/POKEMON-PARADISE-DRAGONA-JAPONES-SV7A-768x215.webp 768w, https:\/\/ole-box.com\/wp-content\/uploads\/2023\/07\/POKEMON-PARADISE-DRAGONA-JAPONES-SV7A-18x5.webp 18w, https:\/\/ole-box.com\/wp-content\/uploads\/2023\/07\/POKEMON-PARADISE-DRAGONA-JAPONES-SV7A-430x120.webp 430w, https:\/\/ole-box.com\/wp-content\/uploads\/2023\/07\/POKEMON-PARADISE-DRAGONA-JAPONES-SV7A-700x196.webp 700w, https:\/\/ole-box.com\/wp-content\/uploads\/2023\/07\/POKEMON-PARADISE-DRAGONA-JAPONES-SV7A-150x42.webp 150w\" sizes=\"(max-width: 1500px) 100vw, 1500px\" \/>\t\t\t\t\t<\/div>\n\n\t\t\t\t\t\t<\/div>\n\t\t\t\t<\/div>\n\t\t\t\t<div class=\"elementor-element elementor-element-14e04c3 elementor-widget elementor-widget-wd_image_or_svg\" data-id=\"14e04c3\" data-element_type=\"widget\" data-e-type=\"widget\" data-widget_type=\"wd_image_or_svg.default\">\n\t\t\t\t<div class=\"elementor-widget-container\">\n\t\t\t\t\t\n\t\t<div class=\"wd-image text-center\">\n\t\t\t\t\t\t\t\t<img decoding=\"async\" width=\"1500\" height=\"419\" src=\"https:\/\/ole-box.com\/wp-content\/uploads\/2023\/07\/POKEMON-PARADISE-DRAGONA-JAPONES-SV7A-1-1.webp\" class=\"attachment-full size-full\" alt=\"\" srcset=\"https:\/\/ole-box.com\/wp-content\/uploads\/2023\/07\/POKEMON-PARADISE-DRAGONA-JAPONES-SV7A-1-1.webp 1500w, https:\/\/ole-box.com\/wp-content\/uploads\/2023\/07\/POKEMON-PARADISE-DRAGONA-JAPONES-SV7A-1-1-400x112.webp 400w, https:\/\/ole-box.com\/wp-content\/uploads\/2023\/07\/POKEMON-PARADISE-DRAGONA-JAPONES-SV7A-1-1-1300x363.webp 1300w, https:\/\/ole-box.com\/wp-content\/uploads\/2023\/07\/POKEMON-PARADISE-DRAGONA-JAPONES-SV7A-1-1-768x215.webp 768w, https:\/\/ole-box.com\/wp-content\/uploads\/2023\/07\/POKEMON-PARADISE-DRAGONA-JAPONES-SV7A-1-1-18x5.webp 18w, https:\/\/ole-box.com\/wp-content\/uploads\/2023\/07\/POKEMON-PARADISE-DRAGONA-JAPONES-SV7A-1-1-430x120.webp 430w, https:\/\/ole-box.com\/wp-content\/uploads\/2023\/07\/POKEMON-PARADISE-DRAGONA-JAPONES-SV7A-1-1-700x196.webp 700w, https:\/\/ole-box.com\/wp-content\/uploads\/2023\/07\/POKEMON-PARADISE-DRAGONA-JAPONES-SV7A-1-1-150x42.webp 150w\" sizes=\"(max-width: 1500px) 100vw, 1500px\" \/>\t\t\t\t\t<\/div>\n\n\t\t\t\t\t\t<\/div>\n\t\t\t\t<\/div>\n\t\t\t\t\t<\/div>\n\t\t\t\t<\/div>\n\t\t\t\t<\/div>","protected":false},"excerpt":{"rendered":"<p data-start=\"254\" data-end=\"316\">\ud83c\udf1fPaquete de Expansi\u00f3n Pok\u00e9mon <strong>Paradise Dragona<\/strong>\ud83c\udf1f<\/p>\n<p data-start=\"318\" data-end=\"773\">\ud83d\udd25 \u00a1La nueva serie japonesa \u201c\u697d\u5712\u30c9\u30e9\u30b4\u30ca (<strong>Paradise Dragona<\/strong>)\u201d llega con todo su esplendor!<br data-start=\"402\" data-end=\"405\" \/>Esta expansi\u00f3n est\u00e1 protagonizada por los legendarios y populares Pok\u00e9mon Latias y Latios, creando una atm\u00f3sfera de aventura y fantas\u00eda en un para\u00edso tropical.<br data-start=\"564\" data-end=\"567\" \/>Cada sobre incluye al azar cartas raras y brillantes, perfectas tanto para coleccionistas como para jugadores de batalla.<br data-start=\"688\" data-end=\"691\" \/>\u00a1Una expansi\u00f3n imprescindible para los fans de los Pok\u00e9mon drag\u00f3n y legendarios!<\/p>\n<p data-start=\"318\" data-end=\"773\">\ud83c\udf1fIncluye 30 sobres con 5 cartas por sobre.<\/p>","protected":false},"featured_media":5992,"template":"","meta":{"_eb_attr":""},"product_brand":[33],"product_cat":[20],"product_tag":[],"class_list":{"0":"post-548","1":"product","2":"type-product","3":"status-publish","4":"has-post-thumbnail","6":"product_brand-pokemon","7":"product_cat-japones","9":"first","10":"instock","11":"shipping-taxable","12":"purchasable","13":"product-type-variable"},"_links":{"self":[{"href":"https:\/\/ole-box.com\/en\/wp-json\/wp\/v2\/product\/548","targetHints":{"allow":["GET"]}}],"collection":[{"href":"https:\/\/ole-box.com\/en\/wp-json\/wp\/v2\/product"}],"about":[{"href":"https:\/\/ole-box.com\/en\/wp-json\/wp\/v2\/types\/product"}],"version-history":[{"count":11,"href":"https:\/\/ole-box.com\/en\/wp-json\/wp\/v2\/product\/548\/revisions"}],"predecessor-version":[{"id":6013,"href":"https:\/\/ole-box.com\/en\/wp-json\/wp\/v2\/product\/548\/revisions\/6013"}],"wp:featuredmedia":[{"embeddable":true,"href":"https:\/\/ole-box.com\/en\/wp-json\/wp\/v2\/media\/5992"}],"wp:attachment":[{"href":"https:\/\/ole-box.com\/en\/wp-json\/wp\/v2\/media?parent=548"}],"wp:term":[{"taxonomy":"product_brand","embeddable":true,"href":"https:\/\/ole-box.com\/en\/wp-json\/wp\/v2\/product_brand?post=548"},{"taxonomy":"product_cat","embeddable":true,"href":"https:\/\/ole-box.com\/en\/wp-json\/wp\/v2\/product_cat?post=548"},{"taxonomy":"product_tag","embeddable":true,"href":"https:\/\/ole-box.com\/en\/wp-json\/wp\/v2\/product_tag?post=548"}],"curies":[{"name":"wp","href":"https:\/\/api.w.org\/{rel}","templated":true}]}}