{"id":549,"date":"2023-07-17T13:41:34","date_gmt":"2023-07-17T13:41:34","guid":{"rendered":"https:\/\/dummy.xtemos.com\/woodmart2\/games-elementor\/?post_type=product&#038;p=549"},"modified":"2026-04-13T15:45:00","modified_gmt":"2026-04-13T13:45:00","slug":"mega-symphonia","status":"publish","type":"product","link":"https:\/\/ole-box.com\/en\/shop\/japones\/mega-symphonia\/","title":{"rendered":"POK\u00c9MON MEGA SYMPHONIA-JAPON\u00c9S M1S"},"content":{"rendered":"<div data-elementor-type=\"wp-post\" data-elementor-id=\"549\" class=\"elementor elementor-549\" data-elementor-post-type=\"product\">\n\t\t\t\t<div class=\"wd-negative-gap elementor-element elementor-element-c0102e7 e-flex e-con-boxed e-con e-parent\" data-id=\"c0102e7\" data-element_type=\"container\" data-e-type=\"container\">\n\t\t\t\t\t<div class=\"e-con-inner\">\n\t\t\t\t<div class=\"elementor-element elementor-element-66f7aed elementor-widget elementor-widget-wd_text_block\" data-id=\"66f7aed\" data-element_type=\"widget\" data-e-type=\"widget\" data-widget_type=\"wd_text_block.default\">\n\t\t\t\t<div class=\"elementor-widget-container\">\n\t\t\t\t\t\t\t<div class=\"wd-text-block reset-last-child text-left\">\n\t\t\t\n\t\t\t<h3 class=\"p1\"><b>Descripci\u00f3n: <\/b><\/h3><h3 class=\"p1\"><b>cartas especiales incluidas en los sobres<\/b><span class=\"s1\"><b>\uff1a<\/b><\/span><\/h3>\n\t\t\t\t\t<\/div>\n\t\t\t\t\t\t<\/div>\n\t\t\t\t<\/div>\n\t\t\t\t<div class=\"elementor-element elementor-element-89f3cf9 wd-width-100 elementor-widget elementor-widget-wd_images_gallery\" data-id=\"89f3cf9\" data-element_type=\"widget\" data-e-type=\"widget\" data-widget_type=\"wd_images_gallery.default\">\n\t\t\t\t<div class=\"elementor-widget-container\">\n\t\t\t\t\t\t\t<div class=\"wd-images-gallery photoswipe-images wd-carousel-container\" style=\"--wd-align-items:center; --wd-justify-content:center;\">\n\t\t\t\t\t\t\t<div class=\"wd-carousel-inner\">\n\t\t\t\t\t\t<div class=\"wd-carousel wd-grid\" data-scroll_per_page=\"yes\" style=\"--wd-col-lg:5;--wd-col-md:3;--wd-col-sm:3;--wd-gap-lg:0px;\">\n\t\t\t\t\t\t\t\t\t<div class=\"wd-carousel-wrap\">\n\t\t\t\t\t\t\t\t\t\t\t\t\t\t\t\t\t\t\t\t\t\t\t\t\t\t\t\t\t\t\t\t\t\t\t\t\t\t\t\t\t\t\t\t<\/div>\n\t\t\t\t\t\t\t\t<\/div>\n\t\t\t\t\t\t\t\t\t\t\t\t\t\t<div class=\"wd-nav-arrows wd-pos-sep wd-hover-1 wd-icon-1\">\n\t\t\t<div class=\"wd-btn-arrow wd-prev wd-disabled\">\n\t\t\t\t<div class=\"wd-arrow-inner\"><\/div>\n\t\t\t<\/div>\n\t\t\t<div class=\"wd-btn-arrow wd-next\">\n\t\t\t\t<div class=\"wd-arrow-inner\"><\/div>\n\t\t\t<\/div>\n\t\t<\/div>\n\t\t\t\t\t\t\n\t\t\t\t<\/div>\n\n\t\t\t\t\t\t\t\t\t\t\t\t\t<\/div>\n\t\t\t\t\t\t<\/div>\n\t\t\t\t<\/div>\n\t\t\t\t\t<\/div>\n\t\t\t\t<\/div>\n\t\t<div class=\"wd-negative-gap elementor-element elementor-element-7490f77 e-flex e-con-boxed e-con e-parent\" data-id=\"7490f77\" data-element_type=\"container\" data-e-type=\"container\">\n\t\t\t\t\t<div class=\"e-con-inner\">\n\t\t\t\t<div class=\"elementor-element elementor-element-6ab8d48 elementor-widget elementor-widget-wd_image_or_svg\" data-id=\"6ab8d48\" data-element_type=\"widget\" data-e-type=\"widget\" data-widget_type=\"wd_image_or_svg.default\">\n\t\t\t\t<div class=\"elementor-widget-container\">\n\t\t\t\t\t\n\t\t<div class=\"wd-image text-center\">\n\t\t\t\t\t\t\t\t<img fetchpriority=\"high\" decoding=\"async\" width=\"1500\" height=\"419\" src=\"https:\/\/ole-box.com\/wp-content\/uploads\/2023\/07\/POKEMON-MEGA-SYMPHONIA-JAPONES-M1S-3.webp\" class=\"attachment-full size-full\" alt=\"\" srcset=\"https:\/\/ole-box.com\/wp-content\/uploads\/2023\/07\/POKEMON-MEGA-SYMPHONIA-JAPONES-M1S-3.webp 1500w, https:\/\/ole-box.com\/wp-content\/uploads\/2023\/07\/POKEMON-MEGA-SYMPHONIA-JAPONES-M1S-3-400x112.webp 400w, https:\/\/ole-box.com\/wp-content\/uploads\/2023\/07\/POKEMON-MEGA-SYMPHONIA-JAPONES-M1S-3-1300x363.webp 1300w, https:\/\/ole-box.com\/wp-content\/uploads\/2023\/07\/POKEMON-MEGA-SYMPHONIA-JAPONES-M1S-3-768x215.webp 768w, https:\/\/ole-box.com\/wp-content\/uploads\/2023\/07\/POKEMON-MEGA-SYMPHONIA-JAPONES-M1S-3-18x5.webp 18w, https:\/\/ole-box.com\/wp-content\/uploads\/2023\/07\/POKEMON-MEGA-SYMPHONIA-JAPONES-M1S-3-430x120.webp 430w, https:\/\/ole-box.com\/wp-content\/uploads\/2023\/07\/POKEMON-MEGA-SYMPHONIA-JAPONES-M1S-3-700x196.webp 700w, https:\/\/ole-box.com\/wp-content\/uploads\/2023\/07\/POKEMON-MEGA-SYMPHONIA-JAPONES-M1S-3-150x42.webp 150w\" sizes=\"(max-width: 1500px) 100vw, 1500px\" \/>\t\t\t\t\t<\/div>\n\n\t\t\t\t\t\t<\/div>\n\t\t\t\t<\/div>\n\t\t\t\t\t<\/div>\n\t\t\t\t<\/div>\n\t\t\t\t<\/div>","protected":false},"excerpt":{"rendered":"<p data-start=\"102\" data-end=\"363\">\u2728 <strong data-start=\"104\" data-end=\"130\">Pok\u00e9mon Mega Symphonia<\/strong> \u2728<br data-start=\"132\" data-end=\"135\" \/>\u00a1Descubre la magia y el poder de la nueva expansi\u00f3n japonesa del juego de cartas Pok\u00e9mon! Con ilustraciones espectaculares y cartas \u00fanicas, <strong data-start=\"275\" data-end=\"293\">Mega Symphonia<\/strong> te transporta a un universo lleno de energ\u00eda, estrategia y belleza.<\/p>\n<p data-start=\"102\" data-end=\"363\">\ud83c\udf1fIncluye 30 sobres con 5 cartas por sobre.<\/p>","protected":false},"featured_media":5973,"template":"","meta":{"_eb_attr":""},"product_brand":[33],"product_cat":[20],"product_tag":[57,61],"class_list":{"0":"post-549","1":"product","2":"type-product","3":"status-publish","4":"has-post-thumbnail","6":"product_brand-pokemon","7":"product_cat-japones","8":"product_tag-ptcg-novedades","9":"product_tag-ptcg-recomendaciones","11":"first","12":"instock","13":"shipping-taxable","14":"purchasable","15":"product-type-variable"},"_links":{"self":[{"href":"https:\/\/ole-box.com\/en\/wp-json\/wp\/v2\/product\/549","targetHints":{"allow":["GET"]}}],"collection":[{"href":"https:\/\/ole-box.com\/en\/wp-json\/wp\/v2\/product"}],"about":[{"href":"https:\/\/ole-box.com\/en\/wp-json\/wp\/v2\/types\/product"}],"version-history":[{"count":27,"href":"https:\/\/ole-box.com\/en\/wp-json\/wp\/v2\/product\/549\/revisions"}],"predecessor-version":[{"id":6003,"href":"https:\/\/ole-box.com\/en\/wp-json\/wp\/v2\/product\/549\/revisions\/6003"}],"wp:featuredmedia":[{"embeddable":true,"href":"https:\/\/ole-box.com\/en\/wp-json\/wp\/v2\/media\/5973"}],"wp:attachment":[{"href":"https:\/\/ole-box.com\/en\/wp-json\/wp\/v2\/media?parent=549"}],"wp:term":[{"taxonomy":"product_brand","embeddable":true,"href":"https:\/\/ole-box.com\/en\/wp-json\/wp\/v2\/product_brand?post=549"},{"taxonomy":"product_cat","embeddable":true,"href":"https:\/\/ole-box.com\/en\/wp-json\/wp\/v2\/product_cat?post=549"},{"taxonomy":"product_tag","embeddable":true,"href":"https:\/\/ole-box.com\/en\/wp-json\/wp\/v2\/product_tag?post=549"}],"curies":[{"name":"wp","href":"https:\/\/api.w.org\/{rel}","templated":true}]}}