{"id":550,"date":"2023-07-17T13:41:34","date_gmt":"2023-07-17T13:41:34","guid":{"rendered":"https:\/\/dummy.xtemos.com\/woodmart2\/games-elementor\/?post_type=product&#038;p=550"},"modified":"2026-04-13T15:43:32","modified_gmt":"2026-04-13T13:43:32","slug":"stellar-miracle","status":"publish","type":"product","link":"https:\/\/ole-box.com\/en\/shop\/japones\/stellar-miracle\/","title":{"rendered":"POK\u00c9MON STELLAR MIRACLE-JAPON\u00c9S SV7"},"content":{"rendered":"<div data-elementor-type=\"wp-post\" data-elementor-id=\"550\" class=\"elementor elementor-550\" data-elementor-post-type=\"product\">\n\t\t\t\t<div class=\"wd-negative-gap elementor-element elementor-element-c7e29c3 e-flex e-con-boxed e-con e-parent\" data-id=\"c7e29c3\" data-element_type=\"container\" data-e-type=\"container\">\n\t\t\t\t\t<div class=\"e-con-inner\">\n\t\t\t\t<div class=\"elementor-element elementor-element-7307e88 wd-width-100 elementor-widget elementor-widget-wd_images_gallery\" data-id=\"7307e88\" data-element_type=\"widget\" data-e-type=\"widget\" data-widget_type=\"wd_images_gallery.default\">\n\t\t\t\t<div class=\"elementor-widget-container\">\n\t\t\t\t\t\t\t<div class=\"wd-images-gallery photoswipe-images wd-carousel-container\" style=\"--wd-align-items:center; --wd-justify-content:center;\">\n\t\t\t\t\t\t\t<div class=\"wd-carousel-inner\">\n\t\t\t\t\t\t<div class=\"wd-carousel wd-grid\" data-scroll_per_page=\"yes\" style=\"--wd-col-lg:5;--wd-col-md:3;--wd-col-sm:3;--wd-gap-lg:0px;\">\n\t\t\t\t\t\t\t\t\t<div class=\"wd-carousel-wrap\">\n\t\t\t\t\t\t\t\t\t\t\t\t\t\t\t\t\t\t\t\t\t\t\t\t\t\t\t\t\t<\/div>\n\t\t\t\t\t\t\t\t<\/div>\n\t\t\t\t\t\t\t\t\t\t\t\t\t\t<div class=\"wd-nav-arrows wd-pos-sep wd-hover-1 wd-icon-1\">\n\t\t\t<div class=\"wd-btn-arrow wd-prev wd-disabled\">\n\t\t\t\t<div class=\"wd-arrow-inner\"><\/div>\n\t\t\t<\/div>\n\t\t\t<div class=\"wd-btn-arrow wd-next\">\n\t\t\t\t<div class=\"wd-arrow-inner\"><\/div>\n\t\t\t<\/div>\n\t\t<\/div>\n\t\t\t\t\t\t\n\t\t\t\t<\/div>\n\n\t\t\t\t\t\t\t\t\t\t\t\t\t<\/div>\n\t\t\t\t\t\t<\/div>\n\t\t\t\t<\/div>\n\t\t\t\t\t<\/div>\n\t\t\t\t<\/div>\n\t\t<div class=\"wd-negative-gap elementor-element elementor-element-006d9c8 e-flex e-con-boxed e-con e-parent\" data-id=\"006d9c8\" data-element_type=\"container\" data-e-type=\"container\">\n\t\t\t\t\t<div class=\"e-con-inner\">\n\t\t\t\t<div class=\"elementor-element elementor-element-c8ea1fd elementor-widget elementor-widget-wd_text_block\" data-id=\"c8ea1fd\" data-element_type=\"widget\" data-e-type=\"widget\" data-widget_type=\"wd_text_block.default\">\n\t\t\t\t<div class=\"elementor-widget-container\">\n\t\t\t\t\t\t\t<div class=\"wd-text-block reset-last-child text-left\">\n\t\t\t\n\t\t\t<h3 class=\"p1\"><b>Descripci\u00f3n: <\/b><\/h3><h3 class=\"p1\"><b>cartas especiales incluidas en los sobres<\/b><span class=\"s1\"><b>\uff1a<\/b><\/span><\/h3>\n\t\t\t\t\t<\/div>\n\t\t\t\t\t\t<\/div>\n\t\t\t\t<\/div>\n\t\t\t\t<div class=\"elementor-element elementor-element-49323c6 elementor-widget elementor-widget-wd_image_or_svg\" data-id=\"49323c6\" data-element_type=\"widget\" data-e-type=\"widget\" data-widget_type=\"wd_image_or_svg.default\">\n\t\t\t\t<div class=\"elementor-widget-container\">\n\t\t\t\t\t\n\t\t<div class=\"wd-image text-center\">\n\t\t\t\t\t\t\t\t<img fetchpriority=\"high\" decoding=\"async\" width=\"1500\" height=\"419\" src=\"https:\/\/ole-box.com\/wp-content\/uploads\/2023\/07\/POKEMON-STELLAR-MIRACLE-JAPONES-SV7_\u526f\u672c.webp\" class=\"attachment-full size-full\" alt=\"\" srcset=\"https:\/\/ole-box.com\/wp-content\/uploads\/2023\/07\/POKEMON-STELLAR-MIRACLE-JAPONES-SV7_\u526f\u672c.webp 1500w, https:\/\/ole-box.com\/wp-content\/uploads\/2023\/07\/POKEMON-STELLAR-MIRACLE-JAPONES-SV7_\u526f\u672c-400x112.webp 400w, https:\/\/ole-box.com\/wp-content\/uploads\/2023\/07\/POKEMON-STELLAR-MIRACLE-JAPONES-SV7_\u526f\u672c-1300x363.webp 1300w, https:\/\/ole-box.com\/wp-content\/uploads\/2023\/07\/POKEMON-STELLAR-MIRACLE-JAPONES-SV7_\u526f\u672c-768x215.webp 768w, https:\/\/ole-box.com\/wp-content\/uploads\/2023\/07\/POKEMON-STELLAR-MIRACLE-JAPONES-SV7_\u526f\u672c-18x5.webp 18w, https:\/\/ole-box.com\/wp-content\/uploads\/2023\/07\/POKEMON-STELLAR-MIRACLE-JAPONES-SV7_\u526f\u672c-430x120.webp 430w, https:\/\/ole-box.com\/wp-content\/uploads\/2023\/07\/POKEMON-STELLAR-MIRACLE-JAPONES-SV7_\u526f\u672c-700x196.webp 700w, https:\/\/ole-box.com\/wp-content\/uploads\/2023\/07\/POKEMON-STELLAR-MIRACLE-JAPONES-SV7_\u526f\u672c-150x42.webp 150w\" sizes=\"(max-width: 1500px) 100vw, 1500px\" \/>\t\t\t\t\t<\/div>\n\n\t\t\t\t\t\t<\/div>\n\t\t\t\t<\/div>\n\t\t\t\t<div class=\"elementor-element elementor-element-5c633fc elementor-widget elementor-widget-wd_image_or_svg\" data-id=\"5c633fc\" data-element_type=\"widget\" data-e-type=\"widget\" data-widget_type=\"wd_image_or_svg.default\">\n\t\t\t\t<div class=\"elementor-widget-container\">\n\t\t\t\t\t\n\t\t<div class=\"wd-image text-center\">\n\t\t\t\t\t\t\t\t<img decoding=\"async\" width=\"1500\" height=\"419\" src=\"https:\/\/ole-box.com\/wp-content\/uploads\/2023\/07\/POKEMON-STELLAR-MIRACLE-JAPONES-SV7-1_\u526f\u672c.webp\" class=\"attachment-full size-full\" alt=\"\" srcset=\"https:\/\/ole-box.com\/wp-content\/uploads\/2023\/07\/POKEMON-STELLAR-MIRACLE-JAPONES-SV7-1_\u526f\u672c.webp 1500w, https:\/\/ole-box.com\/wp-content\/uploads\/2023\/07\/POKEMON-STELLAR-MIRACLE-JAPONES-SV7-1_\u526f\u672c-400x112.webp 400w, https:\/\/ole-box.com\/wp-content\/uploads\/2023\/07\/POKEMON-STELLAR-MIRACLE-JAPONES-SV7-1_\u526f\u672c-1300x363.webp 1300w, https:\/\/ole-box.com\/wp-content\/uploads\/2023\/07\/POKEMON-STELLAR-MIRACLE-JAPONES-SV7-1_\u526f\u672c-768x215.webp 768w, https:\/\/ole-box.com\/wp-content\/uploads\/2023\/07\/POKEMON-STELLAR-MIRACLE-JAPONES-SV7-1_\u526f\u672c-18x5.webp 18w, https:\/\/ole-box.com\/wp-content\/uploads\/2023\/07\/POKEMON-STELLAR-MIRACLE-JAPONES-SV7-1_\u526f\u672c-430x120.webp 430w, https:\/\/ole-box.com\/wp-content\/uploads\/2023\/07\/POKEMON-STELLAR-MIRACLE-JAPONES-SV7-1_\u526f\u672c-700x196.webp 700w, https:\/\/ole-box.com\/wp-content\/uploads\/2023\/07\/POKEMON-STELLAR-MIRACLE-JAPONES-SV7-1_\u526f\u672c-150x42.webp 150w\" sizes=\"(max-width: 1500px) 100vw, 1500px\" \/>\t\t\t\t\t<\/div>\n\n\t\t\t\t\t\t<\/div>\n\t\t\t\t<\/div>\n\t\t\t\t<div class=\"elementor-element elementor-element-e16234f elementor-widget elementor-widget-wd_image_or_svg\" data-id=\"e16234f\" data-element_type=\"widget\" data-e-type=\"widget\" data-widget_type=\"wd_image_or_svg.default\">\n\t\t\t\t<div class=\"elementor-widget-container\">\n\t\t\t\t\t\n\t\t<div class=\"wd-image text-center\">\n\t\t\t\t\t\t\t\t<img decoding=\"async\" width=\"600\" height=\"419\" src=\"https:\/\/ole-box.com\/wp-content\/uploads\/2023\/07\/POKEMON-STELLAR-MIRACLE-JAPONES-SV7-3_\u526f\u672c.webp\" class=\"attachment-full size-full\" alt=\"\" srcset=\"https:\/\/ole-box.com\/wp-content\/uploads\/2023\/07\/POKEMON-STELLAR-MIRACLE-JAPONES-SV7-3_\u526f\u672c.webp 600w, https:\/\/ole-box.com\/wp-content\/uploads\/2023\/07\/POKEMON-STELLAR-MIRACLE-JAPONES-SV7-3_\u526f\u672c-400x279.webp 400w, https:\/\/ole-box.com\/wp-content\/uploads\/2023\/07\/POKEMON-STELLAR-MIRACLE-JAPONES-SV7-3_\u526f\u672c-18x12.webp 18w, https:\/\/ole-box.com\/wp-content\/uploads\/2023\/07\/POKEMON-STELLAR-MIRACLE-JAPONES-SV7-3_\u526f\u672c-430x300.webp 430w, https:\/\/ole-box.com\/wp-content\/uploads\/2023\/07\/POKEMON-STELLAR-MIRACLE-JAPONES-SV7-3_\u526f\u672c-150x105.webp 150w\" sizes=\"(max-width: 600px) 100vw, 600px\" \/>\t\t\t\t\t<\/div>\n\n\t\t\t\t\t\t<\/div>\n\t\t\t\t<\/div>\n\t\t\t\t\t<\/div>\n\t\t\t\t<\/div>\n\t\t\t\t<\/div>","protected":false},"excerpt":{"rendered":"<p data-start=\"235\" data-end=\"296\">\ud83c\udf1fPaquete de Expansi\u00f3n Pok\u00e9mon <strong>Stellar Miracle<\/strong>\ud83c\udf1f<\/p>\n<p data-start=\"298\" data-end=\"706\">\u2728 \u00a1La nueva serie japonesa \u201c\u30b9\u30c6\u30e9\u30df\u30e9\u30af\u30eb (<strong>Stellar Miracle<\/strong>)\u201d llega con todo su esplendor!<br data-start=\"381\" data-end=\"384\" \/>Inspirada en las gemas y la energ\u00eda c\u00f3smica, esta expansi\u00f3n ofrece un espect\u00e1culo visual brillante y deslumbrante. Incluye poderosos Pok\u00e9mon drag\u00f3n y legendarios, adem\u00e1s de cartas hologr\u00e1ficas raras listas para ser descubiertas.<br data-start=\"612\" data-end=\"615\" \/>\u00a1Una expansi\u00f3n imprescindible tanto para coleccionistas como para jugadores competitivos!<\/p>\n<p data-start=\"298\" data-end=\"706\">\ud83c\udf1fIncluye 30 sobres con 5 cartas por sobre.<\/p>","protected":false},"featured_media":5961,"template":"","meta":{"_eb_attr":""},"product_brand":[33],"product_cat":[20],"product_tag":[],"class_list":{"0":"post-550","1":"product","2":"type-product","3":"status-publish","4":"has-post-thumbnail","6":"product_brand-pokemon","7":"product_cat-japones","9":"first","10":"instock","11":"shipping-taxable","12":"purchasable","13":"product-type-variable"},"_links":{"self":[{"href":"https:\/\/ole-box.com\/en\/wp-json\/wp\/v2\/product\/550","targetHints":{"allow":["GET"]}}],"collection":[{"href":"https:\/\/ole-box.com\/en\/wp-json\/wp\/v2\/product"}],"about":[{"href":"https:\/\/ole-box.com\/en\/wp-json\/wp\/v2\/types\/product"}],"version-history":[{"count":22,"href":"https:\/\/ole-box.com\/en\/wp-json\/wp\/v2\/product\/550\/revisions"}],"predecessor-version":[{"id":6004,"href":"https:\/\/ole-box.com\/en\/wp-json\/wp\/v2\/product\/550\/revisions\/6004"}],"wp:featuredmedia":[{"embeddable":true,"href":"https:\/\/ole-box.com\/en\/wp-json\/wp\/v2\/media\/5961"}],"wp:attachment":[{"href":"https:\/\/ole-box.com\/en\/wp-json\/wp\/v2\/media?parent=550"}],"wp:term":[{"taxonomy":"product_brand","embeddable":true,"href":"https:\/\/ole-box.com\/en\/wp-json\/wp\/v2\/product_brand?post=550"},{"taxonomy":"product_cat","embeddable":true,"href":"https:\/\/ole-box.com\/en\/wp-json\/wp\/v2\/product_cat?post=550"},{"taxonomy":"product_tag","embeddable":true,"href":"https:\/\/ole-box.com\/en\/wp-json\/wp\/v2\/product_tag?post=550"}],"curies":[{"name":"wp","href":"https:\/\/api.w.org\/{rel}","templated":true}]}}