{"id":6289,"date":"2025-09-17T22:40:14","date_gmt":"2025-09-17T20:40:14","guid":{"rendered":"https:\/\/ole-box.com\/?post_type=product&#038;p=6289"},"modified":"2025-12-23T20:26:23","modified_gmt":"2025-12-23T18:26:23","slug":"pokemon-booster-bundle-llama-blanca-espanol","status":"publish","type":"product","link":"https:\/\/ole-box.com\/en\/shop\/espanol\/pokemon-booster-bundle-llama-blanca-espanol\/","title":{"rendered":"POK\u00c8MON Booster Bundle Llama Blanca &#8211; Espa\u00f1ol"},"content":{"rendered":"","protected":false},"excerpt":{"rendered":"<p data-start=\"76\" data-end=\"132\">\u2728 <strong data-start=\"78\" data-end=\"128\">JCC Pok\u00e9mon Escarlata y P\u00farpura \u2013 Llama Blanca<\/strong> \u2728<\/p>\n<p data-start=\"134\" data-end=\"215\">\ud83d\udd25 Revive la emoci\u00f3n en la regi\u00f3n de Teselia con la expansi\u00f3n <strong data-start=\"196\" data-end=\"212\">Llama Blanca<\/strong>.<\/p>\n<ul data-start=\"216\" data-end=\"546\">\n<li data-start=\"216\" data-end=\"322\">\n<p data-start=\"218\" data-end=\"322\">Haz que tus compa\u00f1eros iniciales <strong data-start=\"251\" data-end=\"260\">Tepig<\/strong> y <strong data-start=\"263\" data-end=\"275\">Oshawott<\/strong> evolucionen hasta <strong data-start=\"294\" data-end=\"304\">Emboar<\/strong> y <strong data-start=\"307\" data-end=\"319\">Samurott<\/strong>.<\/p>\n<\/li>\n<li data-start=\"323\" data-end=\"421\">\n<p data-start=\"325\" data-end=\"421\">Descubre el poder innegable de la verdad con legendarios como <strong data-start=\"387\" data-end=\"402\">Reshiram ex<\/strong> y <strong data-start=\"405\" data-end=\"418\">Keldeo ex<\/strong>.<\/p>\n<\/li>\n<li data-start=\"422\" data-end=\"546\">\n<p data-start=\"424\" data-end=\"546\">Completa tu Pok\u00e9dex con <strong data-start=\"448\" data-end=\"482\">cartas de ilustraci\u00f3n especial<\/strong> y versiones paralelas decoradas con dise\u00f1os de <strong data-start=\"530\" data-end=\"543\">Pok\u00e9 Ball<\/strong>.<\/p>\n<\/li>\n<\/ul>\n<p data-start=\"548\" data-end=\"666\">\ud83d\udce6 Cada lote incluye <strong data-start=\"569\" data-end=\"607\">6 sobres de mejora (booster packs)<\/strong>, ideales para ampliar tu colecci\u00f3n y fortalecer tu mazo.<\/p>","protected":false},"featured_media":6306,"template":"","meta":{"_eb_attr":""},"product_brand":[33],"product_cat":[23],"product_tag":[],"class_list":{"0":"post-6289","1":"product","2":"type-product","3":"status-publish","4":"has-post-thumbnail","6":"product_brand-pokemon","7":"product_cat-espanol","9":"first","10":"outofstock","11":"sale","12":"shipping-taxable","13":"purchasable","14":"product-type-simple"},"_links":{"self":[{"href":"https:\/\/ole-box.com\/en\/wp-json\/wp\/v2\/product\/6289","targetHints":{"allow":["GET"]}}],"collection":[{"href":"https:\/\/ole-box.com\/en\/wp-json\/wp\/v2\/product"}],"about":[{"href":"https:\/\/ole-box.com\/en\/wp-json\/wp\/v2\/types\/product"}],"version-history":[{"count":1,"href":"https:\/\/ole-box.com\/en\/wp-json\/wp\/v2\/product\/6289\/revisions"}],"predecessor-version":[{"id":6290,"href":"https:\/\/ole-box.com\/en\/wp-json\/wp\/v2\/product\/6289\/revisions\/6290"}],"wp:featuredmedia":[{"embeddable":true,"href":"https:\/\/ole-box.com\/en\/wp-json\/wp\/v2\/media\/6306"}],"wp:attachment":[{"href":"https:\/\/ole-box.com\/en\/wp-json\/wp\/v2\/media?parent=6289"}],"wp:term":[{"taxonomy":"product_brand","embeddable":true,"href":"https:\/\/ole-box.com\/en\/wp-json\/wp\/v2\/product_brand?post=6289"},{"taxonomy":"product_cat","embeddable":true,"href":"https:\/\/ole-box.com\/en\/wp-json\/wp\/v2\/product_cat?post=6289"},{"taxonomy":"product_tag","embeddable":true,"href":"https:\/\/ole-box.com\/en\/wp-json\/wp\/v2\/product_tag?post=6289"}],"curies":[{"name":"wp","href":"https:\/\/api.w.org\/{rel}","templated":true}]}}