{"id":6294,"date":"2025-09-17T22:41:56","date_gmt":"2025-09-17T20:41:56","guid":{"rendered":"https:\/\/ole-box.com\/?post_type=product&#038;p=6294"},"modified":"2025-12-23T20:26:16","modified_gmt":"2025-12-23T18:26:16","slug":"pokemon-booster-bundle-fulgor-negro-espanol","status":"publish","type":"product","link":"https:\/\/ole-box.com\/en\/shop\/espanol\/pokemon-booster-bundle-fulgor-negro-espanol\/","title":{"rendered":"POKEMON Booster Bundle Fulgor Negro &#8211; Espa\u00f1ol"},"content":{"rendered":"","protected":false},"excerpt":{"rendered":"<p data-start=\"73\" data-end=\"129\">\u2728 <strong data-start=\"75\" data-end=\"125\">JCC Pok\u00e9mon Escarlata y P\u00farpura \u2013 Fulgor Negro<\/strong> \u2728<\/p>\n<p data-start=\"131\" data-end=\"201\">\u26a1 Descubre el poder de los ideales en la expansi\u00f3n <strong data-start=\"182\" data-end=\"198\">Fulgor Negro<\/strong>.<\/p>\n<ul data-start=\"202\" data-end=\"484\">\n<li data-start=\"202\" data-end=\"278\">\n<p data-start=\"204\" data-end=\"278\">Haz que tu primer compa\u00f1ero <strong data-start=\"232\" data-end=\"241\">Snivy<\/strong> evolucione hasta <strong data-start=\"259\" data-end=\"275\">Serperior ex<\/strong>.<\/p>\n<\/li>\n<li data-start=\"279\" data-end=\"359\">\n<p data-start=\"281\" data-end=\"359\">Lucha junto a legendarios y singulares como <strong data-start=\"325\" data-end=\"338\">Zekrom ex<\/strong> y <strong data-start=\"341\" data-end=\"356\">Meloetta ex<\/strong>.<\/p>\n<\/li>\n<li data-start=\"360\" data-end=\"484\">\n<p data-start=\"362\" data-end=\"484\">Completa tu Pok\u00e9dex con <strong data-start=\"386\" data-end=\"420\">cartas de ilustraci\u00f3n especial<\/strong> y versiones paralelas decoradas con dise\u00f1os de <strong data-start=\"468\" data-end=\"481\">Pok\u00e9 Ball<\/strong>.<\/p>\n<\/li>\n<\/ul>\n<p data-start=\"486\" data-end=\"604\">\ud83d\udce6 Cada lote incluye <strong data-start=\"507\" data-end=\"545\">6 sobres de mejora (booster packs)<\/strong>, perfectos para ampliar tu colecci\u00f3n y reforzar tu mazo.<\/p>\n<p data-start=\"606\" data-end=\"703\">\u26a1 \u00a1A\u00f1ade la expansi\u00f3n Fulgor Negro a tu colecci\u00f3n y alcanza la cima como Entrenador en Teselia!<\/p>","protected":false},"featured_media":6305,"template":"","meta":{"_eb_attr":""},"product_brand":[33],"product_cat":[23],"product_tag":[],"class_list":{"0":"post-6294","1":"product","2":"type-product","3":"status-publish","4":"has-post-thumbnail","6":"product_brand-pokemon","7":"product_cat-espanol","9":"first","10":"outofstock","11":"sale","12":"shipping-taxable","13":"purchasable","14":"product-type-simple"},"_links":{"self":[{"href":"https:\/\/ole-box.com\/en\/wp-json\/wp\/v2\/product\/6294","targetHints":{"allow":["GET"]}}],"collection":[{"href":"https:\/\/ole-box.com\/en\/wp-json\/wp\/v2\/product"}],"about":[{"href":"https:\/\/ole-box.com\/en\/wp-json\/wp\/v2\/types\/product"}],"version-history":[{"count":1,"href":"https:\/\/ole-box.com\/en\/wp-json\/wp\/v2\/product\/6294\/revisions"}],"predecessor-version":[{"id":6295,"href":"https:\/\/ole-box.com\/en\/wp-json\/wp\/v2\/product\/6294\/revisions\/6295"}],"wp:featuredmedia":[{"embeddable":true,"href":"https:\/\/ole-box.com\/en\/wp-json\/wp\/v2\/media\/6305"}],"wp:attachment":[{"href":"https:\/\/ole-box.com\/en\/wp-json\/wp\/v2\/media?parent=6294"}],"wp:term":[{"taxonomy":"product_brand","embeddable":true,"href":"https:\/\/ole-box.com\/en\/wp-json\/wp\/v2\/product_brand?post=6294"},{"taxonomy":"product_cat","embeddable":true,"href":"https:\/\/ole-box.com\/en\/wp-json\/wp\/v2\/product_cat?post=6294"},{"taxonomy":"product_tag","embeddable":true,"href":"https:\/\/ole-box.com\/en\/wp-json\/wp\/v2\/product_tag?post=6294"}],"curies":[{"name":"wp","href":"https:\/\/api.w.org\/{rel}","templated":true}]}}