{"id":6297,"date":"2025-09-17T22:44:36","date_gmt":"2025-09-17T20:44:36","guid":{"rendered":"https:\/\/ole-box.com\/?post_type=product&#038;p=6297"},"modified":"2025-12-23T20:26:08","modified_gmt":"2025-12-23T18:26:08","slug":"pokemon-binder-collection-fulgor-negro-espanol","status":"publish","type":"product","link":"https:\/\/ole-box.com\/en\/shop\/espanol\/pokemon-binder-collection-fulgor-negro-espanol\/","title":{"rendered":"POKEMON Binder Collection Fulgor Negro &#8211; Espa\u00f1ol"},"content":{"rendered":"","protected":false},"excerpt":{"rendered":"<h3 data-start=\"129\" data-end=\"217\">\u2728 JCC Pok\u00e9mon Escarlata y P\u00farpura \u2013 Black Bolt (Fulgor Negro) \u00c1lbum de Colecci\u00f3n \u2728<\/h3>\n<p data-start=\"219\" data-end=\"303\">\ud83d\udcd6 Organiza tu colecci\u00f3n con estilo gracias a este set especial de <strong data-start=\"286\" data-end=\"300\">Black Bolt<\/strong>:<\/p>\n<ul data-start=\"304\" data-end=\"518\">\n<li data-start=\"304\" data-end=\"364\">\n<p data-start=\"306\" data-end=\"364\">1 \u00e1lbum tem\u00e1tico con capacidad para 9 cartas por p\u00e1gina.<\/p>\n<\/li>\n<li data-start=\"365\" data-end=\"446\">\n<p data-start=\"367\" data-end=\"446\">5 sobres de mejora (booster packs) de <strong data-start=\"405\" data-end=\"443\">Escarlata y P\u00farpura \u2013 Fulgor Negro<\/strong>.<\/p>\n<\/li>\n<li data-start=\"447\" data-end=\"518\">\n<p data-start=\"449\" data-end=\"518\">1 lista de cartas para que los coleccionistas completen su Pok\u00e9dex.<\/p>\n<\/li>\n<\/ul>\n<p data-start=\"520\" data-end=\"664\">\u26a1 Ideal para entrenadores que quieren disfrutar de <strong data-start=\"571\" data-end=\"612\">Serperior ex, Zekrom ex y Meloetta ex<\/strong>, y guardar sus cartas favoritas de manera segura.<\/p>","protected":false},"featured_media":6303,"template":"","meta":{"_eb_attr":""},"product_brand":[33],"product_cat":[23],"product_tag":[],"class_list":{"0":"post-6297","1":"product","2":"type-product","3":"status-publish","4":"has-post-thumbnail","6":"product_brand-pokemon","7":"product_cat-espanol","9":"first","10":"outofstock","11":"sale","12":"shipping-taxable","13":"purchasable","14":"product-type-simple"},"_links":{"self":[{"href":"https:\/\/ole-box.com\/en\/wp-json\/wp\/v2\/product\/6297","targetHints":{"allow":["GET"]}}],"collection":[{"href":"https:\/\/ole-box.com\/en\/wp-json\/wp\/v2\/product"}],"about":[{"href":"https:\/\/ole-box.com\/en\/wp-json\/wp\/v2\/types\/product"}],"version-history":[{"count":1,"href":"https:\/\/ole-box.com\/en\/wp-json\/wp\/v2\/product\/6297\/revisions"}],"predecessor-version":[{"id":6298,"href":"https:\/\/ole-box.com\/en\/wp-json\/wp\/v2\/product\/6297\/revisions\/6298"}],"wp:featuredmedia":[{"embeddable":true,"href":"https:\/\/ole-box.com\/en\/wp-json\/wp\/v2\/media\/6303"}],"wp:attachment":[{"href":"https:\/\/ole-box.com\/en\/wp-json\/wp\/v2\/media?parent=6297"}],"wp:term":[{"taxonomy":"product_brand","embeddable":true,"href":"https:\/\/ole-box.com\/en\/wp-json\/wp\/v2\/product_brand?post=6297"},{"taxonomy":"product_cat","embeddable":true,"href":"https:\/\/ole-box.com\/en\/wp-json\/wp\/v2\/product_cat?post=6297"},{"taxonomy":"product_tag","embeddable":true,"href":"https:\/\/ole-box.com\/en\/wp-json\/wp\/v2\/product_tag?post=6297"}],"curies":[{"name":"wp","href":"https:\/\/api.w.org\/{rel}","templated":true}]}}