{"id":6300,"date":"2025-09-17T22:45:33","date_gmt":"2025-09-17T20:45:33","guid":{"rendered":"https:\/\/ole-box.com\/?post_type=product&#038;p=6300"},"modified":"2025-12-23T20:25:54","modified_gmt":"2025-12-23T18:25:54","slug":"pokemon-binder-collection-llama-blanca-espanol","status":"publish","type":"product","link":"https:\/\/ole-box.com\/en\/shop\/espanol\/pokemon-binder-collection-llama-blanca-espanol\/","title":{"rendered":"POKEMON Binder Collection Llama Blanca &#8211; Espa\u00f1ol"},"content":{"rendered":"","protected":false},"excerpt":{"rendered":"<h3 data-start=\"671\" data-end=\"760\">\u2728 JCC Pok\u00e9mon Escarlata y P\u00farpura \u2013 White Flare (Llama Blanca) \u00c1lbum de Colecci\u00f3n \u2728<\/h3>\n<p data-start=\"762\" data-end=\"831\">\ud83d\udcd6 Expande tu colecci\u00f3n con este pack exclusivo de <strong data-start=\"813\" data-end=\"828\">White Flare<\/strong>:<\/p>\n<ul data-start=\"832\" data-end=\"1029\">\n<li data-start=\"832\" data-end=\"892\">\n<p data-start=\"834\" data-end=\"892\">1 \u00e1lbum tem\u00e1tico con capacidad para 9 cartas por p\u00e1gina.<\/p>\n<\/li>\n<li data-start=\"893\" data-end=\"974\">\n<p data-start=\"895\" data-end=\"974\">5 sobres de mejora (booster packs) de <strong data-start=\"933\" data-end=\"971\">Escarlata y P\u00farpura \u2013 Llama Blanca<\/strong>.<\/p>\n<\/li>\n<li data-start=\"975\" data-end=\"1029\">\n<p data-start=\"977\" data-end=\"1029\">1 lista de cartas para coleccionistas Pok\u00e9mon TCG.<\/p>\n<\/li>\n<\/ul>\n<p data-start=\"1031\" data-end=\"1183\">\ud83d\udd25 Perfecto para los fans que buscan a\u00f1adir a su colecci\u00f3n a <strong data-start=\"1092\" data-end=\"1137\">Emboar, Samurott, Reshiram ex y Keldeo ex<\/strong>, mientras protegen sus cartas m\u00e1s valiosas.<\/p>","protected":false},"featured_media":6304,"template":"","meta":{"_eb_attr":""},"product_brand":[33],"product_cat":[23],"product_tag":[],"class_list":{"0":"post-6300","1":"product","2":"type-product","3":"status-publish","4":"has-post-thumbnail","6":"product_brand-pokemon","7":"product_cat-espanol","9":"first","10":"outofstock","11":"sale","12":"shipping-taxable","13":"purchasable","14":"product-type-simple"},"_links":{"self":[{"href":"https:\/\/ole-box.com\/en\/wp-json\/wp\/v2\/product\/6300","targetHints":{"allow":["GET"]}}],"collection":[{"href":"https:\/\/ole-box.com\/en\/wp-json\/wp\/v2\/product"}],"about":[{"href":"https:\/\/ole-box.com\/en\/wp-json\/wp\/v2\/types\/product"}],"version-history":[{"count":2,"href":"https:\/\/ole-box.com\/en\/wp-json\/wp\/v2\/product\/6300\/revisions"}],"predecessor-version":[{"id":6302,"href":"https:\/\/ole-box.com\/en\/wp-json\/wp\/v2\/product\/6300\/revisions\/6302"}],"wp:featuredmedia":[{"embeddable":true,"href":"https:\/\/ole-box.com\/en\/wp-json\/wp\/v2\/media\/6304"}],"wp:attachment":[{"href":"https:\/\/ole-box.com\/en\/wp-json\/wp\/v2\/media?parent=6300"}],"wp:term":[{"taxonomy":"product_brand","embeddable":true,"href":"https:\/\/ole-box.com\/en\/wp-json\/wp\/v2\/product_brand?post=6300"},{"taxonomy":"product_cat","embeddable":true,"href":"https:\/\/ole-box.com\/en\/wp-json\/wp\/v2\/product_cat?post=6300"},{"taxonomy":"product_tag","embeddable":true,"href":"https:\/\/ole-box.com\/en\/wp-json\/wp\/v2\/product_tag?post=6300"}],"curies":[{"name":"wp","href":"https:\/\/api.w.org\/{rel}","templated":true}]}}