{"id":6307,"date":"2025-09-17T23:17:46","date_gmt":"2025-09-17T21:17:46","guid":{"rendered":"https:\/\/ole-box.com\/?post_type=product&#038;p=6307"},"modified":"2026-01-15T17:23:55","modified_gmt":"2026-01-15T15:23:55","slug":"pokemon-charizard-kids-big-gift-premium-ingles","status":"publish","type":"product","link":"https:\/\/ole-box.com\/en\/shop\/pokemon-ingles\/pokemon-charizard-kids-big-gift-premium-ingles\/","title":{"rendered":"POKEMON CHARIZARD KID&#8217;S BIG GIFT PREMIUM-INGL\u00c9S"},"content":{"rendered":"<div data-elementor-type=\"product-post\" data-elementor-id=\"6307\" class=\"elementor elementor-6307\" data-elementor-post-type=\"product\">\n\t\t\t\t<div class=\"wd-negative-gap elementor-element elementor-element-7007556 e-flex e-con-boxed e-con e-parent\" data-id=\"7007556\" data-element_type=\"container\" data-e-type=\"container\">\n\t\t\t\t\t<div class=\"e-con-inner\">\n\t\t\t\t<div class=\"elementor-element elementor-element-1f45a01 elementor-widget elementor-widget-wd_image_or_svg\" data-id=\"1f45a01\" data-element_type=\"widget\" data-e-type=\"widget\" data-widget_type=\"wd_image_or_svg.default\">\n\t\t\t\t<div class=\"elementor-widget-container\">\n\t\t\t\t\t\n\t\t<div class=\"wd-image text-center\">\n\t\t\t\t\t\t\t\t<img fetchpriority=\"high\" decoding=\"async\" width=\"1000\" height=\"1000\" src=\"https:\/\/ole-box.com\/wp-content\/uploads\/2025\/09\/POKEMON-CHARIZARD-KIDS-BIG-GIFT-PREMIUM-INGLES.webp\" class=\"attachment-full size-full\" alt=\"\" srcset=\"https:\/\/ole-box.com\/wp-content\/uploads\/2025\/09\/POKEMON-CHARIZARD-KIDS-BIG-GIFT-PREMIUM-INGLES.webp 1000w, https:\/\/ole-box.com\/wp-content\/uploads\/2025\/09\/POKEMON-CHARIZARD-KIDS-BIG-GIFT-PREMIUM-INGLES-300x300.webp 300w, https:\/\/ole-box.com\/wp-content\/uploads\/2025\/09\/POKEMON-CHARIZARD-KIDS-BIG-GIFT-PREMIUM-INGLES-800x800.webp 800w, https:\/\/ole-box.com\/wp-content\/uploads\/2025\/09\/POKEMON-CHARIZARD-KIDS-BIG-GIFT-PREMIUM-INGLES-150x150.webp 150w, https:\/\/ole-box.com\/wp-content\/uploads\/2025\/09\/POKEMON-CHARIZARD-KIDS-BIG-GIFT-PREMIUM-INGLES-768x768.webp 768w, https:\/\/ole-box.com\/wp-content\/uploads\/2025\/09\/POKEMON-CHARIZARD-KIDS-BIG-GIFT-PREMIUM-INGLES-12x12.webp 12w, https:\/\/ole-box.com\/wp-content\/uploads\/2025\/09\/POKEMON-CHARIZARD-KIDS-BIG-GIFT-PREMIUM-INGLES-430x430.webp 430w, https:\/\/ole-box.com\/wp-content\/uploads\/2025\/09\/POKEMON-CHARIZARD-KIDS-BIG-GIFT-PREMIUM-INGLES-700x700.webp 700w\" sizes=\"(max-width: 1000px) 100vw, 1000px\" \/>\t\t\t\t\t<\/div>\n\n\t\t\t\t\t\t<\/div>\n\t\t\t\t<\/div>\n\t\t\t\t<div class=\"elementor-element elementor-element-89def49 elementor-widget elementor-widget-wd_image_or_svg\" data-id=\"89def49\" data-element_type=\"widget\" data-e-type=\"widget\" data-widget_type=\"wd_image_or_svg.default\">\n\t\t\t\t<div class=\"elementor-widget-container\">\n\t\t\t\t\t\n\t\t<div class=\"wd-image text-center\">\n\t\t\t\t\t\t\t\t<img decoding=\"async\" width=\"1000\" height=\"1000\" src=\"https:\/\/ole-box.com\/wp-content\/uploads\/2025\/09\/POKEMON-CHARIZARD-KIDS-BIG-GIFT-PREMIUM-INGLES-1-.webp\" class=\"attachment-full size-full\" alt=\"\" srcset=\"https:\/\/ole-box.com\/wp-content\/uploads\/2025\/09\/POKEMON-CHARIZARD-KIDS-BIG-GIFT-PREMIUM-INGLES-1-.webp 1000w, https:\/\/ole-box.com\/wp-content\/uploads\/2025\/09\/POKEMON-CHARIZARD-KIDS-BIG-GIFT-PREMIUM-INGLES-1--300x300.webp 300w, https:\/\/ole-box.com\/wp-content\/uploads\/2025\/09\/POKEMON-CHARIZARD-KIDS-BIG-GIFT-PREMIUM-INGLES-1--800x800.webp 800w, https:\/\/ole-box.com\/wp-content\/uploads\/2025\/09\/POKEMON-CHARIZARD-KIDS-BIG-GIFT-PREMIUM-INGLES-1--150x150.webp 150w, https:\/\/ole-box.com\/wp-content\/uploads\/2025\/09\/POKEMON-CHARIZARD-KIDS-BIG-GIFT-PREMIUM-INGLES-1--768x768.webp 768w, https:\/\/ole-box.com\/wp-content\/uploads\/2025\/09\/POKEMON-CHARIZARD-KIDS-BIG-GIFT-PREMIUM-INGLES-1--12x12.webp 12w, https:\/\/ole-box.com\/wp-content\/uploads\/2025\/09\/POKEMON-CHARIZARD-KIDS-BIG-GIFT-PREMIUM-INGLES-1--430x430.webp 430w, https:\/\/ole-box.com\/wp-content\/uploads\/2025\/09\/POKEMON-CHARIZARD-KIDS-BIG-GIFT-PREMIUM-INGLES-1--700x700.webp 700w\" sizes=\"(max-width: 1000px) 100vw, 1000px\" \/>\t\t\t\t\t<\/div>\n\n\t\t\t\t\t\t<\/div>\n\t\t\t\t<\/div>\n\t\t\t\t\t<\/div>\n\t\t\t\t<\/div>\n\t\t\t\t<\/div>","protected":false},"excerpt":{"rendered":"<h3 data-start=\"43\" data-end=\"116\">\ud83d\udd25 JCC Pok\u00e9mon \u2013 Charizard ex Super Premium Collection Box (SPC) \ud83d\udd25<\/h3>\n<p data-start=\"118\" data-end=\"145\">\ud83d\udce6 <strong data-start=\"121\" data-end=\"143\">Contenido del set:<\/strong><\/p>\n<ul data-start=\"146\" data-end=\"414\">\n<li data-start=\"146\" data-end=\"209\">\n<p data-start=\"148\" data-end=\"209\">10 sobres de mejora de las expansiones <strong data-start=\"187\" data-end=\"207\">Scarlet &amp; Violet<\/strong><\/p>\n<\/li>\n<li data-start=\"210\" data-end=\"259\">\n<p data-start=\"212\" data-end=\"259\">1 carta promocional de <strong data-start=\"235\" data-end=\"257\">Charizard ex (151)<\/strong><\/p>\n<\/li>\n<li data-start=\"260\" data-end=\"320\">\n<p data-start=\"262\" data-end=\"320\">2 cartas hologr\u00e1ficas de <strong data-start=\"287\" data-end=\"301\">Charmander<\/strong> y <strong data-start=\"304\" data-end=\"318\">Charmeleon<\/strong><\/p>\n<\/li>\n<li data-start=\"321\" data-end=\"360\">\n<p data-start=\"323\" data-end=\"360\">1 figura exclusiva de <strong data-start=\"345\" data-end=\"358\">Charizard<\/strong><\/p>\n<\/li>\n<li data-start=\"361\" data-end=\"414\">\n<p data-start=\"363\" data-end=\"414\">C\u00f3digos para el juego online <strong data-start=\"392\" data-end=\"412\">Pok\u00e9mon TCG Live<\/strong><\/p>\n<\/li>\n<\/ul>\n<p data-start=\"416\" data-end=\"597\">\ud83d\udd25 Una colecci\u00f3n imprescindible para entrenadores y coleccionistas: re\u00fane a la familia completa de Charizard en una edici\u00f3n super premium con cartas especiales y una figura \u00fanica.<\/p>","protected":false},"featured_media":6309,"template":"","meta":{"_eb_attr":""},"product_brand":[33],"product_cat":[71],"product_tag":[],"class_list":{"0":"post-6307","1":"product","2":"type-product","3":"status-publish","4":"has-post-thumbnail","6":"product_brand-pokemon","7":"product_cat-pokemon-ingles","9":"first","10":"outofstock","11":"sale","12":"shipping-taxable","13":"purchasable","14":"product-type-simple"},"_links":{"self":[{"href":"https:\/\/ole-box.com\/en\/wp-json\/wp\/v2\/product\/6307","targetHints":{"allow":["GET"]}}],"collection":[{"href":"https:\/\/ole-box.com\/en\/wp-json\/wp\/v2\/product"}],"about":[{"href":"https:\/\/ole-box.com\/en\/wp-json\/wp\/v2\/types\/product"}],"version-history":[{"count":4,"href":"https:\/\/ole-box.com\/en\/wp-json\/wp\/v2\/product\/6307\/revisions"}],"predecessor-version":[{"id":6314,"href":"https:\/\/ole-box.com\/en\/wp-json\/wp\/v2\/product\/6307\/revisions\/6314"}],"wp:featuredmedia":[{"embeddable":true,"href":"https:\/\/ole-box.com\/en\/wp-json\/wp\/v2\/media\/6309"}],"wp:attachment":[{"href":"https:\/\/ole-box.com\/en\/wp-json\/wp\/v2\/media?parent=6307"}],"wp:term":[{"taxonomy":"product_brand","embeddable":true,"href":"https:\/\/ole-box.com\/en\/wp-json\/wp\/v2\/product_brand?post=6307"},{"taxonomy":"product_cat","embeddable":true,"href":"https:\/\/ole-box.com\/en\/wp-json\/wp\/v2\/product_cat?post=6307"},{"taxonomy":"product_tag","embeddable":true,"href":"https:\/\/ole-box.com\/en\/wp-json\/wp\/v2\/product_tag?post=6307"}],"curies":[{"name":"wp","href":"https:\/\/api.w.org\/{rel}","templated":true}]}}