{"id":6338,"date":"2025-09-20T14:13:34","date_gmt":"2025-09-20T12:13:34","guid":{"rendered":"https:\/\/ole-box.com\/?post_type=product&#038;p=6338"},"modified":"2026-02-09T19:22:50","modified_gmt":"2026-02-09T17:22:50","slug":"pokemon-m1s-mega-symphonia-coreano","status":"publish","type":"product","link":"https:\/\/ole-box.com\/en\/shop\/coreano\/pokemon-m1s-mega-symphonia-coreano\/","title":{"rendered":"POKEMON M1S MEGA SYMPHONIA-COREANO"},"content":{"rendered":"","protected":false},"excerpt":{"rendered":"<p data-start=\"334\" data-end=\"397\">\u2728 <strong data-start=\"336\" data-end=\"393\">Cartas Pok\u00e9mon Versi\u00f3n Coreana \u2013 MEGA SYMPHONIA (M1S)<\/strong> \u2728<\/p>\n<p data-start=\"399\" data-end=\"632\">\u00a1La nueva expansi\u00f3n coreana de Pok\u00e9mon <strong data-start=\"438\" data-end=\"456\">MEGA SYMPHONIA<\/strong> llega con toda la energ\u00eda!<br data-start=\"483\" data-end=\"486\" \/>Cada caja incluye <strong data-start=\"504\" data-end=\"517\">30 sobres<\/strong>, y cada sobre contiene <strong data-start=\"541\" data-end=\"553\">5 cartas<\/strong>.<br data-start=\"554\" data-end=\"557\" \/>Ilustraciones espectaculares y cartas poderosas de tus Pok\u00e9mon favoritos.<\/p>\n<p data-start=\"634\" data-end=\"799\">\u2705 Producto oficial importado desde Corea<br data-start=\"674\" data-end=\"677\" \/>\u2705 Perfecto tanto para coleccionistas como para jugadores<br data-start=\"733\" data-end=\"736\" \/>\u2705 Serie muy popular \u2013 \u00a1Mega Gardevoir brilla en esta edici\u00f3n!<\/p>\n<p data-start=\"801\" data-end=\"865\">Ampl\u00eda tu colecci\u00f3n y vive la emoci\u00f3n de los combates Pok\u00e9mon.<\/p>\n<p data-start=\"287\" data-end=\"323\" data-is-last-node=\"\" data-is-only-node=\"\">","protected":false},"featured_media":6345,"template":"","meta":{"_eb_attr":""},"product_brand":[33],"product_cat":[21],"product_tag":[57],"class_list":{"0":"post-6338","1":"product","2":"type-product","3":"status-publish","4":"has-post-thumbnail","6":"product_brand-pokemon","7":"product_cat-coreano","8":"product_tag-ptcg-novedades","10":"first","11":"instock","12":"shipping-taxable","13":"purchasable","14":"product-type-variable"},"_links":{"self":[{"href":"https:\/\/ole-box.com\/en\/wp-json\/wp\/v2\/product\/6338","targetHints":{"allow":["GET"]}}],"collection":[{"href":"https:\/\/ole-box.com\/en\/wp-json\/wp\/v2\/product"}],"about":[{"href":"https:\/\/ole-box.com\/en\/wp-json\/wp\/v2\/types\/product"}],"version-history":[{"count":1,"href":"https:\/\/ole-box.com\/en\/wp-json\/wp\/v2\/product\/6338\/revisions"}],"predecessor-version":[{"id":6349,"href":"https:\/\/ole-box.com\/en\/wp-json\/wp\/v2\/product\/6338\/revisions\/6349"}],"wp:featuredmedia":[{"embeddable":true,"href":"https:\/\/ole-box.com\/en\/wp-json\/wp\/v2\/media\/6345"}],"wp:attachment":[{"href":"https:\/\/ole-box.com\/en\/wp-json\/wp\/v2\/media?parent=6338"}],"wp:term":[{"taxonomy":"product_brand","embeddable":true,"href":"https:\/\/ole-box.com\/en\/wp-json\/wp\/v2\/product_brand?post=6338"},{"taxonomy":"product_cat","embeddable":true,"href":"https:\/\/ole-box.com\/en\/wp-json\/wp\/v2\/product_cat?post=6338"},{"taxonomy":"product_tag","embeddable":true,"href":"https:\/\/ole-box.com\/en\/wp-json\/wp\/v2\/product_tag?post=6338"}],"curies":[{"name":"wp","href":"https:\/\/api.w.org\/{rel}","templated":true}]}}