{"id":6342,"date":"2025-09-20T14:16:04","date_gmt":"2025-09-20T12:16:04","guid":{"rendered":"https:\/\/ole-box.com\/?post_type=product&#038;p=6342"},"modified":"2026-02-09T19:22:38","modified_gmt":"2026-02-09T17:22:38","slug":"pokemon-m1l-mega-brave-coreano","status":"publish","type":"product","link":"https:\/\/ole-box.com\/en\/shop\/coreano\/pokemon-m1l-mega-brave-coreano\/","title":{"rendered":"POKEMON M1L MEGA BRAVE-COREANO"},"content":{"rendered":"","protected":false},"excerpt":{"rendered":"<p data-start=\"513\" data-end=\"569\">\u2728 <strong data-start=\"515\" data-end=\"565\">Pok\u00e9mon TCG Versi\u00f3n Coreana \u2013 MEGA BRAVE (M1L)<\/strong> \u2728<\/p>\n<p data-start=\"571\" data-end=\"848\">\u00a1La expansi\u00f3n coreana de <strong data-start=\"596\" data-end=\"611\">Pok\u00e9mon TCG<\/strong> \u2013 <strong data-start=\"614\" data-end=\"628\">MEGA BRAVE<\/strong> llega con toda la fuerza!<br data-start=\"654\" data-end=\"657\" \/>Cada caja incluye <strong data-start=\"675\" data-end=\"688\">30 sobres<\/strong>, y cada sobre contiene <strong data-start=\"712\" data-end=\"724\">5 cartas<\/strong>.<br data-start=\"725\" data-end=\"728\" \/>Con ilustraciones espectaculares y cartas poderosas de <strong data-start=\"783\" data-end=\"811\">Lucario (Mega Evolution)<\/strong>, esta colecci\u00f3n es imprescindible.<\/p>\n<p data-start=\"850\" data-end=\"1001\">\u2705 Producto oficial importado desde Corea<br data-start=\"890\" data-end=\"893\" \/>\u2705 Perfecto para coleccionistas y jugadores<br data-start=\"935\" data-end=\"938\" \/>\u2705 Serie muy popular \u2013 <strong data-start=\"960\" data-end=\"976\">Mega Lucario<\/strong> brilla en esta edici\u00f3n<\/p>\n<p data-start=\"1003\" data-end=\"1085\">Ampl\u00eda tu colecci\u00f3n y disfruta de la emoci\u00f3n de los combates en <strong data-start=\"1067\" data-end=\"1082\">Pok\u00e9mon TCG<\/strong>.<\/p>","protected":false},"featured_media":6343,"template":"","meta":{"_eb_attr":""},"product_brand":[33],"product_cat":[21],"product_tag":[57],"class_list":{"0":"post-6342","1":"product","2":"type-product","3":"status-publish","4":"has-post-thumbnail","6":"product_brand-pokemon","7":"product_cat-coreano","8":"product_tag-ptcg-novedades","10":"first","11":"instock","12":"shipping-taxable","13":"purchasable","14":"product-type-variable"},"_links":{"self":[{"href":"https:\/\/ole-box.com\/en\/wp-json\/wp\/v2\/product\/6342","targetHints":{"allow":["GET"]}}],"collection":[{"href":"https:\/\/ole-box.com\/en\/wp-json\/wp\/v2\/product"}],"about":[{"href":"https:\/\/ole-box.com\/en\/wp-json\/wp\/v2\/types\/product"}],"version-history":[{"count":1,"href":"https:\/\/ole-box.com\/en\/wp-json\/wp\/v2\/product\/6342\/revisions"}],"predecessor-version":[{"id":6352,"href":"https:\/\/ole-box.com\/en\/wp-json\/wp\/v2\/product\/6342\/revisions\/6352"}],"wp:featuredmedia":[{"embeddable":true,"href":"https:\/\/ole-box.com\/en\/wp-json\/wp\/v2\/media\/6343"}],"wp:attachment":[{"href":"https:\/\/ole-box.com\/en\/wp-json\/wp\/v2\/media?parent=6342"}],"wp:term":[{"taxonomy":"product_brand","embeddable":true,"href":"https:\/\/ole-box.com\/en\/wp-json\/wp\/v2\/product_brand?post=6342"},{"taxonomy":"product_cat","embeddable":true,"href":"https:\/\/ole-box.com\/en\/wp-json\/wp\/v2\/product_cat?post=6342"},{"taxonomy":"product_tag","embeddable":true,"href":"https:\/\/ole-box.com\/en\/wp-json\/wp\/v2\/product_tag?post=6342"}],"curies":[{"name":"wp","href":"https:\/\/api.w.org\/{rel}","templated":true}]}}