{"id":6369,"date":"2025-10-01T14:04:29","date_gmt":"2025-10-01T12:04:29","guid":{"rendered":"https:\/\/ole-box.com\/?post_type=product&#038;p=6369"},"modified":"2026-04-13T15:44:08","modified_gmt":"2026-04-13T13:44:08","slug":"pokemon-mega-inferno-x-m2-japones","status":"publish","type":"product","link":"https:\/\/ole-box.com\/en\/shop\/japones\/pokemon-mega-inferno-x-m2-japones\/","title":{"rendered":"POKEMON MEGA INFERNO X M2 &#8211; JAPON\u00c9S"},"content":{"rendered":"<div data-elementor-type=\"product-post\" data-elementor-id=\"6369\" class=\"elementor elementor-6369\" data-elementor-post-type=\"product\">\n\t\t\t\t<div class=\"wd-negative-gap elementor-element elementor-element-904f5a8 e-flex e-con-boxed e-con e-parent\" data-id=\"904f5a8\" data-element_type=\"container\" data-e-type=\"container\">\n\t\t\t\t\t<div class=\"e-con-inner\">\n\t\t\t\t<div class=\"elementor-element elementor-element-ca284e7 elementor-widget elementor-widget-wd_image_or_svg\" data-id=\"ca284e7\" data-element_type=\"widget\" data-e-type=\"widget\" data-widget_type=\"wd_image_or_svg.default\">\n\t\t\t\t<div class=\"elementor-widget-container\">\n\t\t\t\t\t\n\t\t<div class=\"wd-image text-center\">\n\t\t\t\t\t\t\t\t<img fetchpriority=\"high\" decoding=\"async\" width=\"1300\" height=\"364\" src=\"https:\/\/ole-box.com\/wp-content\/uploads\/2025\/10\/pokemon-m2-1-1-1300x364.png\" class=\"attachment-large size-large\" alt=\"\" srcset=\"https:\/\/ole-box.com\/wp-content\/uploads\/2025\/10\/pokemon-m2-1-1-1300x364.png 1300w, https:\/\/ole-box.com\/wp-content\/uploads\/2025\/10\/pokemon-m2-1-1-400x112.png 400w, https:\/\/ole-box.com\/wp-content\/uploads\/2025\/10\/pokemon-m2-1-1-768x215.png 768w, https:\/\/ole-box.com\/wp-content\/uploads\/2025\/10\/pokemon-m2-1-1-1536x430.png 1536w, https:\/\/ole-box.com\/wp-content\/uploads\/2025\/10\/pokemon-m2-1-1-2048x573.png 2048w, https:\/\/ole-box.com\/wp-content\/uploads\/2025\/10\/pokemon-m2-1-1-18x5.png 18w, https:\/\/ole-box.com\/wp-content\/uploads\/2025\/10\/pokemon-m2-1-1-430x120.png 430w, https:\/\/ole-box.com\/wp-content\/uploads\/2025\/10\/pokemon-m2-1-1-700x196.png 700w, https:\/\/ole-box.com\/wp-content\/uploads\/2025\/10\/pokemon-m2-1-1-150x42.png 150w\" sizes=\"(max-width: 1300px) 100vw, 1300px\" \/>\t\t\t\t\t<\/div>\n\n\t\t\t\t\t\t<\/div>\n\t\t\t\t<\/div>\n\t\t\t\t<div class=\"elementor-element elementor-element-eb188a9 elementor-widget elementor-widget-wd_image_or_svg\" data-id=\"eb188a9\" data-element_type=\"widget\" data-e-type=\"widget\" data-widget_type=\"wd_image_or_svg.default\">\n\t\t\t\t<div class=\"elementor-widget-container\">\n\t\t\t\t\t\n\t\t<div class=\"wd-image text-center\">\n\t\t\t\t\t\t\t\t<img decoding=\"async\" width=\"1300\" height=\"363\" src=\"https:\/\/ole-box.com\/wp-content\/uploads\/2025\/10\/pokemon-m2--1300x363.png\" class=\"attachment-large size-large\" alt=\"\" srcset=\"https:\/\/ole-box.com\/wp-content\/uploads\/2025\/10\/pokemon-m2--1300x363.png 1300w, https:\/\/ole-box.com\/wp-content\/uploads\/2025\/10\/pokemon-m2--400x112.png 400w, https:\/\/ole-box.com\/wp-content\/uploads\/2025\/10\/pokemon-m2--768x214.png 768w, https:\/\/ole-box.com\/wp-content\/uploads\/2025\/10\/pokemon-m2--1536x429.png 1536w, https:\/\/ole-box.com\/wp-content\/uploads\/2025\/10\/pokemon-m2--2048x572.png 2048w, https:\/\/ole-box.com\/wp-content\/uploads\/2025\/10\/pokemon-m2--18x5.png 18w, https:\/\/ole-box.com\/wp-content\/uploads\/2025\/10\/pokemon-m2--430x120.png 430w, https:\/\/ole-box.com\/wp-content\/uploads\/2025\/10\/pokemon-m2--700x195.png 700w, https:\/\/ole-box.com\/wp-content\/uploads\/2025\/10\/pokemon-m2--150x42.png 150w\" sizes=\"(max-width: 1300px) 100vw, 1300px\" \/>\t\t\t\t\t<\/div>\n\n\t\t\t\t\t\t<\/div>\n\t\t\t\t<\/div>\n\t\t\t\t\t<\/div>\n\t\t\t\t<\/div>\n\t\t\t\t<\/div>","protected":false},"excerpt":{"rendered":"<p data-start=\"104\" data-end=\"143\">\ud83d\udd25 <strong data-start=\"107\" data-end=\"138\">Pok\u00e9mon TCG \u2013 M2 Infierno X<\/strong> \ud83d\udd25<\/p>\n<p data-start=\"145\" data-end=\"445\">\u00a1El drag\u00f3n m\u00e1s feroz ha vuelto para encender tu colecci\u00f3n!<br data-start=\"203\" data-end=\"206\" \/>Con el <strong data-start=\"213\" data-end=\"240\">set especial Infierno X<\/strong>, cada sobre es una explosi\u00f3n de poder, donde podr\u00e1s encontrar cartas espectaculares como <strong data-start=\"330\" data-end=\"351\">Mega-Charizard EX<\/strong>, ediciones doradas y artes alternativos que elevar\u00e1n tu mazo y tu vitrina de coleccionista.<\/p>\n<p data-start=\"447\" data-end=\"699\">\u2705 Caja sellada con sobres oficiales japoneses<br data-start=\"492\" data-end=\"495\" \/>\u2705 Ilustraciones vibrantes y cartas de edici\u00f3n limitada<br data-start=\"549\" data-end=\"552\" \/>\u2705 Perfecto tanto para jugar como para coleccionar<br data-start=\"601\" data-end=\"604\" \/>\u2705 Ideal para fans de Charizard y entrenadores que buscan la m\u00e1xima intensidad en cada combate<\/p>\n<p data-start=\"447\" data-end=\"699\">\ud83c\udf1fIncluye 30 sobres con 5 cartas por sobre.<\/p>","protected":false},"featured_media":6371,"template":"","meta":{"_eb_attr":""},"product_brand":[33],"product_cat":[20],"product_tag":[],"class_list":{"0":"post-6369","1":"product","2":"type-product","3":"status-publish","4":"has-post-thumbnail","6":"product_brand-pokemon","7":"product_cat-japones","9":"first","10":"instock","11":"shipping-taxable","12":"purchasable","13":"product-type-variable"},"_links":{"self":[{"href":"https:\/\/ole-box.com\/en\/wp-json\/wp\/v2\/product\/6369","targetHints":{"allow":["GET"]}}],"collection":[{"href":"https:\/\/ole-box.com\/en\/wp-json\/wp\/v2\/product"}],"about":[{"href":"https:\/\/ole-box.com\/en\/wp-json\/wp\/v2\/types\/product"}],"version-history":[{"count":6,"href":"https:\/\/ole-box.com\/en\/wp-json\/wp\/v2\/product\/6369\/revisions"}],"predecessor-version":[{"id":6558,"href":"https:\/\/ole-box.com\/en\/wp-json\/wp\/v2\/product\/6369\/revisions\/6558"}],"wp:featuredmedia":[{"embeddable":true,"href":"https:\/\/ole-box.com\/en\/wp-json\/wp\/v2\/media\/6371"}],"wp:attachment":[{"href":"https:\/\/ole-box.com\/en\/wp-json\/wp\/v2\/media?parent=6369"}],"wp:term":[{"taxonomy":"product_brand","embeddable":true,"href":"https:\/\/ole-box.com\/en\/wp-json\/wp\/v2\/product_brand?post=6369"},{"taxonomy":"product_cat","embeddable":true,"href":"https:\/\/ole-box.com\/en\/wp-json\/wp\/v2\/product_cat?post=6369"},{"taxonomy":"product_tag","embeddable":true,"href":"https:\/\/ole-box.com\/en\/wp-json\/wp\/v2\/product_tag?post=6369"}],"curies":[{"name":"wp","href":"https:\/\/api.w.org\/{rel}","templated":true}]}}