{"id":6561,"date":"2026-02-02T15:12:42","date_gmt":"2026-02-02T13:12:42","guid":{"rendered":"https:\/\/ole-box.com\/?post_type=product&#038;p=6561"},"modified":"2026-02-02T15:15:34","modified_gmt":"2026-02-02T13:15:34","slug":"pokemon-munikis-zero-m3-japones","status":"publish","type":"product","link":"https:\/\/ole-box.com\/en\/shop\/japones\/pokemon-munikis-zero-m3-japones\/","title":{"rendered":"POKEMON MUNIKIS ZERO M3 &#8211; JAPON\u00c9S"},"content":{"rendered":"<div data-elementor-type=\"product-post\" data-elementor-id=\"6561\" class=\"elementor elementor-6561\" data-elementor-post-type=\"product\">\n\t\t\t\t<div class=\"wd-negative-gap elementor-element elementor-element-f4b544c e-flex e-con-boxed e-con e-parent\" data-id=\"f4b544c\" data-element_type=\"container\" data-e-type=\"container\">\n\t\t\t\t\t<div class=\"e-con-inner\">\n\t\t\t\t<div class=\"elementor-element elementor-element-4b84c25 elementor-widget elementor-widget-wd_image_or_svg\" data-id=\"4b84c25\" data-element_type=\"widget\" data-e-type=\"widget\" data-widget_type=\"wd_image_or_svg.default\">\n\t\t\t\t<div class=\"elementor-widget-container\">\n\t\t\t\t\t\n\t\t<div class=\"wd-image text-center\">\n\t\t\t\t\t\t\t\t<img fetchpriority=\"high\" decoding=\"async\" width=\"1144\" height=\"1536\" src=\"https:\/\/ole-box.com\/wp-content\/uploads\/2026\/02\/M3-POKEMON-.jpg\" class=\"attachment-1536x1536 size-1536x1536\" alt=\"\" srcset=\"https:\/\/ole-box.com\/wp-content\/uploads\/2026\/02\/M3-POKEMON-.jpg 1290w, https:\/\/ole-box.com\/wp-content\/uploads\/2026\/02\/M3-POKEMON--223x300.jpg 223w, https:\/\/ole-box.com\/wp-content\/uploads\/2026\/02\/M3-POKEMON--596x800.jpg 596w, https:\/\/ole-box.com\/wp-content\/uploads\/2026\/02\/M3-POKEMON--768x1031.jpg 768w, https:\/\/ole-box.com\/wp-content\/uploads\/2026\/02\/M3-POKEMON--1144x1536.jpg 1144w, https:\/\/ole-box.com\/wp-content\/uploads\/2026\/02\/M3-POKEMON--9x12.jpg 9w, https:\/\/ole-box.com\/wp-content\/uploads\/2026\/02\/M3-POKEMON--430x577.jpg 430w, https:\/\/ole-box.com\/wp-content\/uploads\/2026\/02\/M3-POKEMON--700x940.jpg 700w, https:\/\/ole-box.com\/wp-content\/uploads\/2026\/02\/M3-POKEMON--150x201.jpg 150w\" sizes=\"(max-width: 1144px) 100vw, 1144px\" \/>\t\t\t\t\t<\/div>\n\n\t\t\t\t\t\t<\/div>\n\t\t\t\t<\/div>\n\t\t\t\t<div class=\"elementor-element elementor-element-ea1f351 elementor-widget elementor-widget-wd_image_or_svg\" data-id=\"ea1f351\" data-element_type=\"widget\" data-e-type=\"widget\" data-widget_type=\"wd_image_or_svg.default\">\n\t\t\t\t<div class=\"elementor-widget-container\">\n\t\t\t\t\t\n\t\t<div class=\"wd-image text-center\">\n\t\t\t\t\t\t\t\t<img decoding=\"async\" width=\"215\" height=\"300\" src=\"https:\/\/ole-box.com\/wp-content\/uploads\/2026\/02\/M3-215x300.jpg\" class=\"attachment-medium size-medium\" alt=\"\" srcset=\"https:\/\/ole-box.com\/wp-content\/uploads\/2026\/02\/M3-215x300.jpg 215w, https:\/\/ole-box.com\/wp-content\/uploads\/2026\/02\/M3-574x800.jpg 574w, https:\/\/ole-box.com\/wp-content\/uploads\/2026\/02\/M3-768x1071.jpg 768w, https:\/\/ole-box.com\/wp-content\/uploads\/2026\/02\/M3-1101x1536.jpg 1101w, https:\/\/ole-box.com\/wp-content\/uploads\/2026\/02\/M3-9x12.jpg 9w, https:\/\/ole-box.com\/wp-content\/uploads\/2026\/02\/M3-430x600.jpg 430w, https:\/\/ole-box.com\/wp-content\/uploads\/2026\/02\/M3-700x976.jpg 700w, https:\/\/ole-box.com\/wp-content\/uploads\/2026\/02\/M3-150x209.jpg 150w, https:\/\/ole-box.com\/wp-content\/uploads\/2026\/02\/M3.jpg 1290w\" sizes=\"(max-width: 215px) 100vw, 215px\" \/>\t\t\t\t\t<\/div>\n\n\t\t\t\t\t\t<\/div>\n\t\t\t\t<\/div>\n\t\t\t\t\t<\/div>\n\t\t\t\t<\/div>\n\t\t\t\t<\/div>","protected":false},"excerpt":{"rendered":"<p data-start=\"176\" data-end=\"237\"><strong data-start=\"176\" data-end=\"237\">Pok\u00e9mon TCG: MUNIKIS ZERO (M3) \u2014 Caja de Booster Japonesa<\/strong><\/p>\n<p data-start=\"239\" data-end=\"614\">La colecci\u00f3n <strong data-start=\"252\" data-end=\"273\">MUNIKIS ZERO (M3)<\/strong> es la m\u00e1s reciente expansi\u00f3n japonesa del juego de cartas coleccionables Pok\u00e9mon, lanzada oficialmente el <strong data-start=\"380\" data-end=\"403\">23 de enero de 2026<\/strong>. Esta serie destaca por introducir nuevas cartas centradas en evoluciones <em data-start=\"478\" data-end=\"484\">Mega<\/em> y una amplia variedad de cartas de alto valor para coleccionistas y jugadores competitivos.<\/p>\n<p data-start=\"616\" data-end=\"643\"><strong data-start=\"616\" data-end=\"643\">Contenido del producto:<\/strong><\/p>\n<ul data-start=\"645\" data-end=\"835\">\n<li data-start=\"645\" data-end=\"675\">\n<p data-start=\"647\" data-end=\"675\">Producto sellado de origen<\/p>\n<\/li>\n<li data-start=\"676\" data-end=\"701\">\n<p data-start=\"678\" data-end=\"701\"><strong data-start=\"678\" data-end=\"699\">Incluye 30 sobres<\/strong><\/p>\n<\/li>\n<li data-start=\"702\" data-end=\"770\">\n<p data-start=\"704\" data-end=\"770\"><strong data-start=\"704\" data-end=\"746\">Cada sobre contiene 5 cartas japonesas<\/strong> seleccionadas al azar<\/p>\n<\/li>\n<li data-start=\"771\" data-end=\"815\">\n<p data-start=\"773\" data-end=\"815\">Serie: <strong data-start=\"780\" data-end=\"813\">Pok\u00e9mon TCG MUNIKIS ZERO (M3)<\/strong><\/p>\n<\/li>\n<li data-start=\"816\" data-end=\"835\">\n<p data-start=\"818\" data-end=\"835\">Idioma: Japon\u00e9s<\/p>\n<\/li>\n<\/ul>\n<p data-start=\"837\" data-end=\"1057\">Perfecto para coleccionistas que buscan cartas raras y exclusivas, as\u00ed como para jugadores que desean mejorar sus mazos con nuevas mec\u00e1nicas de juego y cartas de impacto competitivo.<\/p>","protected":false},"featured_media":6563,"template":"","meta":{"_eb_attr":""},"product_brand":[],"product_cat":[20],"product_tag":[],"class_list":{"0":"post-6561","1":"product","2":"type-product","3":"status-publish","4":"has-post-thumbnail","6":"product_cat-japones","8":"first","9":"instock","10":"shipping-taxable","11":"purchasable","12":"product-type-variable"},"_links":{"self":[{"href":"https:\/\/ole-box.com\/en\/wp-json\/wp\/v2\/product\/6561","targetHints":{"allow":["GET"]}}],"collection":[{"href":"https:\/\/ole-box.com\/en\/wp-json\/wp\/v2\/product"}],"about":[{"href":"https:\/\/ole-box.com\/en\/wp-json\/wp\/v2\/types\/product"}],"version-history":[{"count":4,"href":"https:\/\/ole-box.com\/en\/wp-json\/wp\/v2\/product\/6561\/revisions"}],"predecessor-version":[{"id":6571,"href":"https:\/\/ole-box.com\/en\/wp-json\/wp\/v2\/product\/6561\/revisions\/6571"}],"wp:featuredmedia":[{"embeddable":true,"href":"https:\/\/ole-box.com\/en\/wp-json\/wp\/v2\/media\/6563"}],"wp:attachment":[{"href":"https:\/\/ole-box.com\/en\/wp-json\/wp\/v2\/media?parent=6561"}],"wp:term":[{"taxonomy":"product_brand","embeddable":true,"href":"https:\/\/ole-box.com\/en\/wp-json\/wp\/v2\/product_brand?post=6561"},{"taxonomy":"product_cat","embeddable":true,"href":"https:\/\/ole-box.com\/en\/wp-json\/wp\/v2\/product_cat?post=6561"},{"taxonomy":"product_tag","embeddable":true,"href":"https:\/\/ole-box.com\/en\/wp-json\/wp\/v2\/product_tag?post=6561"}],"curies":[{"name":"wp","href":"https:\/\/api.w.org\/{rel}","templated":true}]}}