{"id":6625,"date":"2026-02-27T16:34:35","date_gmt":"2026-02-27T14:34:35","guid":{"rendered":"https:\/\/ole-box.com\/?post_type=product&#038;p=6625"},"modified":"2026-02-27T16:35:14","modified_gmt":"2026-02-27T14:35:14","slug":"pokemon-mega-start-deck-100-battle-collection-japones","status":"publish","type":"product","link":"https:\/\/ole-box.com\/en\/shop\/japones\/pokemon-mega-start-deck-100-battle-collection-japones\/","title":{"rendered":"POKEMON Mega Start Deck 100 Battle Collection &#8211; Japones"},"content":{"rendered":"<div data-elementor-type=\"product-post\" data-elementor-id=\"6625\" class=\"elementor elementor-6625\" data-elementor-post-type=\"product\">\n\t\t\t\t<div class=\"wd-negative-gap elementor-element elementor-element-b1c55b1 e-flex e-con-boxed e-con e-parent\" data-id=\"b1c55b1\" data-element_type=\"container\" data-e-type=\"container\">\n\t\t\t\t\t<div class=\"e-con-inner\">\n\t\t\t\t<div class=\"elementor-element elementor-element-d8926a6 elementor-widget elementor-widget-wd_image_or_svg\" data-id=\"d8926a6\" data-element_type=\"widget\" data-e-type=\"widget\" data-widget_type=\"wd_image_or_svg.default\">\n\t\t\t\t<div class=\"elementor-widget-container\">\n\t\t\t\t\t\n\t\t<div class=\"wd-image text-center\">\n\t\t\t\t\t\t\t\t<img fetchpriority=\"high\" decoding=\"async\" width=\"1091\" height=\"1536\" src=\"https:\/\/ole-box.com\/wp-content\/uploads\/2026\/02\/Mega-Start-Deck-100-Battle-Collection-Japones.jpg\" class=\"attachment-1536x1536 size-1536x1536\" alt=\"\" srcset=\"https:\/\/ole-box.com\/wp-content\/uploads\/2026\/02\/Mega-Start-Deck-100-Battle-Collection-Japones.jpg 1290w, https:\/\/ole-box.com\/wp-content\/uploads\/2026\/02\/Mega-Start-Deck-100-Battle-Collection-Japones-213x300.jpg 213w, https:\/\/ole-box.com\/wp-content\/uploads\/2026\/02\/Mega-Start-Deck-100-Battle-Collection-Japones-568x800.jpg 568w, https:\/\/ole-box.com\/wp-content\/uploads\/2026\/02\/Mega-Start-Deck-100-Battle-Collection-Japones-768x1081.jpg 768w, https:\/\/ole-box.com\/wp-content\/uploads\/2026\/02\/Mega-Start-Deck-100-Battle-Collection-Japones-1091x1536.jpg 1091w, https:\/\/ole-box.com\/wp-content\/uploads\/2026\/02\/Mega-Start-Deck-100-Battle-Collection-Japones-9x12.jpg 9w, https:\/\/ole-box.com\/wp-content\/uploads\/2026\/02\/Mega-Start-Deck-100-Battle-Collection-Japones-430x605.jpg 430w, https:\/\/ole-box.com\/wp-content\/uploads\/2026\/02\/Mega-Start-Deck-100-Battle-Collection-Japones-700x985.jpg 700w, https:\/\/ole-box.com\/wp-content\/uploads\/2026\/02\/Mega-Start-Deck-100-Battle-Collection-Japones-150x211.jpg 150w\" sizes=\"(max-width: 1091px) 100vw, 1091px\" \/>\t\t\t\t\t<\/div>\n\n\t\t\t\t\t\t<\/div>\n\t\t\t\t<\/div>\n\t\t\t\t\t<\/div>\n\t\t\t\t<\/div>\n\t\t\t\t<\/div>","protected":false},"excerpt":{"rendered":"<p data-start=\"37\" data-end=\"339\">Existen m\u00e1s de 100 mazos distintos disponibles, todos distribuidos de forma totalmente aleatoria, con un total de 742 cartas \u00fanicas en el conjunto. De ellas, 57 cartas son completamente nuevas o presentan ilustraciones in\u00e9ditas, lo que significa que la gran mayor\u00eda del set corresponde a reimpresiones.<\/p>\n<p data-start=\"341\" data-end=\"359\">Cada mazo incluye:<\/p>\n<ul data-start=\"361\" data-end=\"655\">\n<li data-start=\"361\" data-end=\"466\">\n<p data-start=\"363\" data-end=\"466\">Un mazo preconstruido de 60 cartas (con posibilidad de versiones alternativas dentro del propio mazo)<\/p>\n<\/li>\n<li data-start=\"467\" data-end=\"499\">\n<p data-start=\"469\" data-end=\"499\">Contadores de da\u00f1o en cart\u00f3n<\/p>\n<\/li>\n<li data-start=\"500\" data-end=\"558\">\n<p data-start=\"502\" data-end=\"558\">Fichas para estados especiales como Veneno y Quemadura<\/p>\n<\/li>\n<li data-start=\"559\" data-end=\"600\">\n<p data-start=\"561\" data-end=\"600\">Una gu\u00eda r\u00e1pida para aprender a jugar<\/p>\n<\/li>\n<li data-start=\"601\" data-end=\"655\">\n<p data-start=\"603\" data-end=\"655\">Una caja b\u00e1sica para guardar y transportar el mazo<\/p>\n<\/li>\n<\/ul>\n<p data-start=\"657\" data-end=\"738\">El contenido del mazo se asigna al azar entre los m\u00e1s de 100 modelos disponibles.<\/p>\n<p data-start=\"740\" data-end=\"819\">No incluye cartas promocionales exclusivas ni cartas alternativas garantizadas.<\/p>","protected":false},"featured_media":6627,"template":"","meta":{"_eb_attr":""},"product_brand":[33],"product_cat":[20],"product_tag":[],"class_list":{"0":"post-6625","1":"product","2":"type-product","3":"status-publish","4":"has-post-thumbnail","6":"product_brand-pokemon","7":"product_cat-japones","9":"first","10":"instock","11":"shipping-taxable","12":"purchasable","13":"product-type-simple"},"_links":{"self":[{"href":"https:\/\/ole-box.com\/en\/wp-json\/wp\/v2\/product\/6625","targetHints":{"allow":["GET"]}}],"collection":[{"href":"https:\/\/ole-box.com\/en\/wp-json\/wp\/v2\/product"}],"about":[{"href":"https:\/\/ole-box.com\/en\/wp-json\/wp\/v2\/types\/product"}],"version-history":[{"count":4,"href":"https:\/\/ole-box.com\/en\/wp-json\/wp\/v2\/product\/6625\/revisions"}],"predecessor-version":[{"id":6632,"href":"https:\/\/ole-box.com\/en\/wp-json\/wp\/v2\/product\/6625\/revisions\/6632"}],"wp:featuredmedia":[{"embeddable":true,"href":"https:\/\/ole-box.com\/en\/wp-json\/wp\/v2\/media\/6627"}],"wp:attachment":[{"href":"https:\/\/ole-box.com\/en\/wp-json\/wp\/v2\/media?parent=6625"}],"wp:term":[{"taxonomy":"product_brand","embeddable":true,"href":"https:\/\/ole-box.com\/en\/wp-json\/wp\/v2\/product_brand?post=6625"},{"taxonomy":"product_cat","embeddable":true,"href":"https:\/\/ole-box.com\/en\/wp-json\/wp\/v2\/product_cat?post=6625"},{"taxonomy":"product_tag","embeddable":true,"href":"https:\/\/ole-box.com\/en\/wp-json\/wp\/v2\/product_tag?post=6625"}],"curies":[{"name":"wp","href":"https:\/\/api.w.org\/{rel}","templated":true}]}}