{"id":6650,"date":"2026-04-27T17:47:02","date_gmt":"2026-04-27T15:47:02","guid":{"rendered":"https:\/\/ole-box.com\/?post_type=product&#038;p=6650"},"modified":"2026-04-27T17:49:38","modified_gmt":"2026-04-27T15:49:38","slug":"coleccion-pokemon-linea-horizonte-escenas-de-combate","status":"publish","type":"product","link":"https:\/\/ole-box.com\/en\/shop\/chino\/coleccion-pokemon-linea-horizonte-escenas-de-combate\/","title":{"rendered":"Colecci\u00f3n Pok\u00e9mon L\u00ednea Horizonte \u2013 Escenas de Combate"},"content":{"rendered":"<div data-elementor-type=\"product-post\" data-elementor-id=\"6650\" class=\"elementor elementor-6650\" data-elementor-post-type=\"product\">\n\t\t\t\t<div class=\"wd-negative-gap elementor-element elementor-element-0a073ae e-flex e-con-boxed e-con e-parent\" data-id=\"0a073ae\" data-element_type=\"container\" data-e-type=\"container\">\n\t\t\t\t\t<div class=\"e-con-inner\">\n\t\t\t\t<div class=\"elementor-element elementor-element-729aa8d elementor-widget elementor-widget-wd_image_or_svg\" data-id=\"729aa8d\" data-element_type=\"widget\" data-e-type=\"widget\" data-widget_type=\"wd_image_or_svg.default\">\n\t\t\t\t<div class=\"elementor-widget-container\">\n\t\t\t\t\t\n\t\t<div class=\"wd-image text-center\">\n\t\t\t\t\t\t\t\t<img fetchpriority=\"high\" decoding=\"async\" width=\"657\" height=\"800\" src=\"https:\/\/ole-box.com\/wp-content\/uploads\/2026\/04\/76301777304132_.pic_hd-657x800.jpg\" class=\"attachment-large size-large\" alt=\"\" srcset=\"https:\/\/ole-box.com\/wp-content\/uploads\/2026\/04\/76301777304132_.pic_hd-657x800.jpg 657w, https:\/\/ole-box.com\/wp-content\/uploads\/2026\/04\/76301777304132_.pic_hd-246x300.jpg 246w, https:\/\/ole-box.com\/wp-content\/uploads\/2026\/04\/76301777304132_.pic_hd-768x935.jpg 768w, https:\/\/ole-box.com\/wp-content\/uploads\/2026\/04\/76301777304132_.pic_hd-1261x1536.jpg 1261w, https:\/\/ole-box.com\/wp-content\/uploads\/2026\/04\/76301777304132_.pic_hd-10x12.jpg 10w, https:\/\/ole-box.com\/wp-content\/uploads\/2026\/04\/76301777304132_.pic_hd-430x524.jpg 430w, https:\/\/ole-box.com\/wp-content\/uploads\/2026\/04\/76301777304132_.pic_hd-700x852.jpg 700w, https:\/\/ole-box.com\/wp-content\/uploads\/2026\/04\/76301777304132_.pic_hd-150x183.jpg 150w, https:\/\/ole-box.com\/wp-content\/uploads\/2026\/04\/76301777304132_.pic_hd.jpg 1290w\" sizes=\"(max-width: 657px) 100vw, 657px\" \/>\t\t\t\t\t<\/div>\n\n\t\t\t\t\t\t<\/div>\n\t\t\t\t<\/div>\n\t\t\t\t\t<\/div>\n\t\t\t\t<\/div>\n\t\t\t\t<\/div>","protected":false},"excerpt":{"rendered":"","protected":false},"featured_media":6658,"template":"","meta":{"_eb_attr":""},"product_brand":[33],"product_cat":[22],"product_tag":[],"class_list":{"0":"post-6650","1":"product","2":"type-product","3":"status-publish","4":"has-post-thumbnail","6":"product_brand-pokemon","7":"product_cat-chino","9":"first","10":"instock","11":"shipping-taxable","12":"purchasable","13":"product-type-variable"},"_links":{"self":[{"href":"https:\/\/ole-box.com\/en\/wp-json\/wp\/v2\/product\/6650","targetHints":{"allow":["GET"]}}],"collection":[{"href":"https:\/\/ole-box.com\/en\/wp-json\/wp\/v2\/product"}],"about":[{"href":"https:\/\/ole-box.com\/en\/wp-json\/wp\/v2\/types\/product"}],"version-history":[{"count":5,"href":"https:\/\/ole-box.com\/en\/wp-json\/wp\/v2\/product\/6650\/revisions"}],"predecessor-version":[{"id":6671,"href":"https:\/\/ole-box.com\/en\/wp-json\/wp\/v2\/product\/6650\/revisions\/6671"}],"wp:featuredmedia":[{"embeddable":true,"href":"https:\/\/ole-box.com\/en\/wp-json\/wp\/v2\/media\/6658"}],"wp:attachment":[{"href":"https:\/\/ole-box.com\/en\/wp-json\/wp\/v2\/media?parent=6650"}],"wp:term":[{"taxonomy":"product_brand","embeddable":true,"href":"https:\/\/ole-box.com\/en\/wp-json\/wp\/v2\/product_brand?post=6650"},{"taxonomy":"product_cat","embeddable":true,"href":"https:\/\/ole-box.com\/en\/wp-json\/wp\/v2\/product_cat?post=6650"},{"taxonomy":"product_tag","embeddable":true,"href":"https:\/\/ole-box.com\/en\/wp-json\/wp\/v2\/product_tag?post=6650"}],"curies":[{"name":"wp","href":"https:\/\/api.w.org\/{rel}","templated":true}]}}