{"id":6687,"date":"2026-05-12T19:02:06","date_gmt":"2026-05-12T17:02:06","guid":{"rendered":"https:\/\/ole-box.com\/?post_type=product&#038;p=6687"},"modified":"2026-05-12T19:02:06","modified_gmt":"2026-05-12T17:02:06","slug":"pokemon-caja-de-sobres-de-ninja-spinner-m4-japones","status":"publish","type":"product","link":"https:\/\/ole-box.com\/en\/shop\/japones\/pokemon-caja-de-sobres-de-ninja-spinner-m4-japones\/","title":{"rendered":"POKEMON Caja de sobres de Ninja Spinner M4 -JAPON\u00c9S"},"content":{"rendered":"","protected":false},"excerpt":{"rendered":"<p data-start=\"63\" data-end=\"115\"><strong data-start=\"63\" data-end=\"115\">Pok\u00e9mon Ninja Spinner \u2013 Booster Box Japon\u00e9s \ud83c\uddef\ud83c\uddf5<\/strong><\/p>\n<p data-start=\"117\" data-end=\"318\">Nueva expansi\u00f3n japonesa con dise\u00f1o espectacular y cartas exclusivas del mercado japon\u00e9s. Ideal para coleccionistas que buscan calidad premium y mejores probabilidades de obtener cartas en alto estado.<\/p>\n<p data-start=\"320\" data-end=\"460\">Cada caja incluye 30 sobres, con 5 cartas por sobre, ofreciendo m\u00faltiples oportunidades de conseguir cartas raras, full art y posibles hits.<\/p>\n<p data-start=\"462\" data-end=\"477\">\ud83d\udce6 Contenido:<\/p>\n<ul data-start=\"478\" data-end=\"568\">\n<li data-section-id=\"go7pzc\" data-start=\"478\" data-end=\"500\">1 caja (30 sobres)<\/li>\n<li data-section-id=\"1yhoo5r\" data-start=\"501\" data-end=\"523\">5 cartas por sobre<\/li>\n<li data-section-id=\"8uqy25\" data-start=\"524\" data-end=\"568\">Posibilidad de cartas raras y especiales<\/li>\n<\/ul>\n<p data-start=\"570\" data-end=\"617\">\u2728 Perfecto para abrir, coleccionar o invertir<\/p>","protected":false},"featured_media":6686,"template":"","meta":{"_eb_attr":""},"product_brand":[33],"product_cat":[20],"product_tag":[],"class_list":{"0":"post-6687","1":"product","2":"type-product","3":"status-publish","4":"has-post-thumbnail","6":"product_brand-pokemon","7":"product_cat-japones","9":"first","10":"instock","11":"shipping-taxable","12":"purchasable","13":"product-type-variable"},"_links":{"self":[{"href":"https:\/\/ole-box.com\/en\/wp-json\/wp\/v2\/product\/6687","targetHints":{"allow":["GET"]}}],"collection":[{"href":"https:\/\/ole-box.com\/en\/wp-json\/wp\/v2\/product"}],"about":[{"href":"https:\/\/ole-box.com\/en\/wp-json\/wp\/v2\/types\/product"}],"version-history":[{"count":1,"href":"https:\/\/ole-box.com\/en\/wp-json\/wp\/v2\/product\/6687\/revisions"}],"predecessor-version":[{"id":6690,"href":"https:\/\/ole-box.com\/en\/wp-json\/wp\/v2\/product\/6687\/revisions\/6690"}],"wp:featuredmedia":[{"embeddable":true,"href":"https:\/\/ole-box.com\/en\/wp-json\/wp\/v2\/media\/6686"}],"wp:attachment":[{"href":"https:\/\/ole-box.com\/en\/wp-json\/wp\/v2\/media?parent=6687"}],"wp:term":[{"taxonomy":"product_brand","embeddable":true,"href":"https:\/\/ole-box.com\/en\/wp-json\/wp\/v2\/product_brand?post=6687"},{"taxonomy":"product_cat","embeddable":true,"href":"https:\/\/ole-box.com\/en\/wp-json\/wp\/v2\/product_cat?post=6687"},{"taxonomy":"product_tag","embeddable":true,"href":"https:\/\/ole-box.com\/en\/wp-json\/wp\/v2\/product_tag?post=6687"}],"curies":[{"name":"wp","href":"https:\/\/api.w.org\/{rel}","templated":true}]}}